{"id":430036,"date":"2023-05-17T12:55:03","date_gmt":"2023-05-17T10:55:03","guid":{"rendered":"https:\/\/www.claret.cat\/llibre\/estuche-trilogia-culpables-culpables-9788413144375\/"},"modified":"2025-11-06T17:00:08","modified_gmt":"2025-11-06T16:00:08","slug":"estuche-trilogia-culpables-culpables-9788413144375","status":"publish","type":"product","link":"https:\/\/www.claret.cat\/es\/libro\/estuche-trilogia-culpables-culpables-9788413144375\/","title":{"rendered":"ESTUCHE TRILOG\u00cdA CULPABLES (CULPABLES)"},"content":{"rendered":"<p>Reunidos en un pack, los tres libros de la exitosa trilog\u00eda \u00abCulpables\u00bb.  Dicen que del amor al odio solo hay un paso&#8230; Peligro, pasi\u00f3n, amor y fuerza. Polos opuestos. As\u00ed es la relaci\u00f3n de Noah y Nicholas, fuego y electricidad. Cuando est\u00e1n juntos saltan chispas. Una trilog\u00eda imposible de dejar a medias.\u00danete al fen\u00f3meno #Culpables<br \/>_________________  Culpa m\u00eda Nicholas Leister ha sido creado para amargarme la vida. Alto, ojos azules, pelo negro como la noche&#8230; Suena genial \u00bfverdad? Pues no tanto cuando te enteras de que va a ser tu hermanastro y adem\u00e1s representa todo de lo que has estado huyendo desde que tienes uso de raz\u00f3n. Peligro fue lo primero que me vino a la cabeza cuando lo conoc\u00ed y descubr\u00ed que mantiene una doble vida oculta de su padre multimillonario. \u00bfC\u00f3mo termin\u00e9 cayendo en sus redes? F\u00e1cil: con esos ojos es capaz de poner tu mundo patas arriba. _________________ Culpa tuya Cuando Noah se enamor\u00f3 de Nick sab\u00eda que su relaci\u00f3n no iba a ser f\u00e1cil: son polos opuestos, fuego y electricidad, y cuando est\u00e1n juntos saltan chispas&#8230; en todos los sentidos. Hasta ahora, la pasi\u00f3n ha sido m\u00e1s fuerte que el orgullo, pero la diferencia de edad, la universidad, las fiestas, sus padres y los fantasmas que acechan a los dos les ponen a prueba una y otra vez, como una bomba de relojer\u00eda que amenaza con hacerles estallar. \u00bfEst\u00e1 Noah realmente preparada para enfrentarse a sus miedos y volver a confiar en alguien? \u00bfPodr\u00e1 Nicholas dejar atr\u00e1s su pasado y abrir el coraz\u00f3n a una sola persona? _________________ Culpa nuestra La relaci\u00f3n de Nick y Noah est\u00e1 pasando por su peor momento, y parece que nada podr\u00e1 volver a ser como antes&#8230; Van a tener que pasar por muchas cosas para finalmente comprender si de verdad est\u00e1n hechos el uno para el otro o si por lo contrario, estar separados es lo que de verdad les conviene.Pero \u00bfacaso se puede olvidar un amor tan fuerte? \u00bfC\u00f3mo pueden borrarse los recuerdos tatuados en el coraz\u00f3n?<\/p>\n","protected":false},"excerpt":{"rendered":"<p>RON, MERCEDES<\/p>\n","protected":false},"featured_media":430037,"template":"","meta":{"_acf_changed":false,"om_disable_all_campaigns":false,"rs_blank_template":"","rs_page_bg_color":"","slide_template_v7":"","inline_featured_image":false,"_monsterinsights_skip_tracking":false,"_monsterinsights_sitenote_active":false,"_monsterinsights_sitenote_note":"","_monsterinsights_sitenote_category":0},"product_brand":[],"product_cat":[117,566],"product_tag":[],"class_list":{"0":"post-430036","1":"product","2":"type-product","3":"status-publish","4":"has-post-thumbnail","6":"product_cat-juvenil","7":"product_cat-juvenil-3_infantil-juvenil-spa-spa","9":"first","10":"instock","11":"taxable","12":"shipping-taxable","13":"purchasable","14":"product-type-simple"},"acf":{"autor":"RON, MERCEDES","codart":"841314437","libros-coleccion":"Ficci\u00f3n","ediciones":"1","encuadernacion":"R\u00fastica","fecha_de_publicacion":"01\/11\/2021","novedad":"1","paginas":"0","subtitulo":"","orden":"0","portada":"0","idioma":"spa","editorial":[{"ID":6137,"post_author":"3","post_date":"2022-07-28 17:45:41","post_date_gmt":"2022-07-28 15:45:41","post_content":"","post_title":"B de Bolsillo","post_excerpt":"","post_status":"publish","comment_status":"closed","ping_status":"closed","post_password":"","post_name":"b-de-bolsillo","to_ping":"","pinged":"","post_modified":"2022-07-28 17:45:41","post_modified_gmt":"2022-07-28 15:45:41","post_content_filtered":"","post_parent":0,"guid":"http:\/\/dev.claret.cat\/editorial\/b-de-bolsillo\/","menu_order":0,"post_type":"editorial","post_mime_type":"","comment_count":"0","filter":"raw"}],"autores-libros":[{"ID":5837,"post_author":"3","post_date":"2022-07-28 17:32:33","post_date_gmt":"2022-07-28 15:32:33","post_content":"","post_title":"MERCEDES RON","post_excerpt":"","post_status":"publish","comment_status":"closed","ping_status":"closed","post_password":"","post_name":"mercedes-ron","to_ping":"","pinged":"","post_modified":"2022-07-28 17:32:33","post_modified_gmt":"2022-07-28 15:32:33","post_content_filtered":"","post_parent":0,"guid":"http:\/\/dev.claret.cat\/autor\/mercedes-ron\/","menu_order":0,"post_type":"autor","post_mime_type":"","comment_count":"0","filter":"raw"}],"booktrailer":"","resenas":""},"aioseo_notices":[],"_links":{"self":[{"href":"https:\/\/www.claret.cat\/es\/wp-json\/wp\/v2\/product\/430036","targetHints":{"allow":["GET"]}}],"collection":[{"href":"https:\/\/www.claret.cat\/es\/wp-json\/wp\/v2\/product"}],"about":[{"href":"https:\/\/www.claret.cat\/es\/wp-json\/wp\/v2\/types\/product"}],"wp:featuredmedia":[{"embeddable":true,"href":"https:\/\/www.claret.cat\/es\/wp-json\/wp\/v2\/media\/430037"}],"wp:attachment":[{"href":"https:\/\/www.claret.cat\/es\/wp-json\/wp\/v2\/media?parent=430036"}],"wp:term":[{"taxonomy":"product_brand","embeddable":true,"href":"https:\/\/www.claret.cat\/es\/wp-json\/wp\/v2\/product_brand?post=430036"},{"taxonomy":"product_cat","embeddable":true,"href":"https:\/\/www.claret.cat\/es\/wp-json\/wp\/v2\/product_cat?post=430036"},{"taxonomy":"product_tag","embeddable":true,"href":"https:\/\/www.claret.cat\/es\/wp-json\/wp\/v2\/product_tag?post=430036"}],"curies":[{"name":"wp","href":"https:\/\/api.w.org\/{rel}","templated":true}]}}