{"id":430077,"date":"2023-05-17T16:35:02","date_gmt":"2023-05-17T14:35:02","guid":{"rendered":"https:\/\/www.claret.cat\/llibre\/diversidad-como-comunion-9788479667795\/"},"modified":"2024-05-23T14:04:30","modified_gmt":"2024-05-23T12:04:30","slug":"diversidad-como-comunion-9788479667795","status":"publish","type":"product","link":"https:\/\/www.claret.cat\/es\/libro\/diversidad-como-comunion-9788479667795\/","title":{"rendered":"DIVERSIDAD COMO COMUNI\u00d3N"},"content":{"rendered":"<p><span>La extinci\u00f3n de la cristiandad como configuraci\u00f3n social en Occidente por la secularizaci\u00f3n y la reducci\u00f3n de lo religioso al campo de lo privado ha quitado el soporte social a las vocaciones cristianas p\u00fablicas. Sacerdocio, vida consagrada e incluso matrimonio cristiano han perdido su identidad social y tratan de encontrar su espacio en esta sociedad.<\/span><\/p>\n<p><span> Dentro de una \u00f3ptica de la Iglesia como \u00abcomuni\u00f3n en la diversidad\u00bb, el libro estudia las tres maneras de vida cristiana principales (sacerdocio, laicado y vida consagrada) teniendo en cuenta las diferentes combinaciones entre ellas. Se ofrece una nueva visi\u00f3n a sus diversas misiones y estilos y a sus \u00abmutuas relaciones\u00bb en el contexto actual.<\/span><\/p>\n","protected":false},"excerpt":{"rendered":"<p>GARC\u00cdA ANDRADE, CARLOS<\/p>\n","protected":false},"featured_media":430078,"template":"","meta":{"_acf_changed":false,"om_disable_all_campaigns":false,"rs_blank_template":"","rs_page_bg_color":"","slide_template_v7":"","inline_featured_image":false,"_monsterinsights_skip_tracking":false,"_monsterinsights_sitenote_active":false,"_monsterinsights_sitenote_note":"","_monsterinsights_sitenote_category":0},"product_brand":[],"product_cat":[240,395],"product_tag":[],"class_list":{"0":"post-430077","1":"product","2":"type-product","3":"status-publish","4":"has-post-thumbnail","6":"product_cat-vida-religiosa-espiritualitat","7":"product_cat-vida-religiosa-espiritualidad-1_espiritualidad","9":"first","10":"instock","11":"taxable","12":"shipping-taxable","13":"purchasable","14":"product-type-simple"},"acf":{"autor":"GARC\u00cdA ANDRADE, CARLOS","codart":"847966779","libros-coleccion":"","ediciones":"1","encuadernacion":"R\u00fastica","fecha_de_publicacion":"12\/05\/2023","novedad":"1","paginas":"192","subtitulo":"LECTURA ACTUAL DE LAS RELACIONES ENTRE LAS FORMAS DE VIDA CRISTIANA","orden":"0","portada":"1","idioma":"spa","editorial":[{"ID":6337,"post_author":"3","post_date":"2022-07-28 17:50:01","post_date_gmt":"2022-07-28 15:50:01","post_content":"","post_title":"Publicaciones Claretianas","post_excerpt":"","post_status":"publish","comment_status":"closed","ping_status":"closed","post_password":"","post_name":"publicaciones-claretianas","to_ping":"","pinged":"","post_modified":"2022-07-28 17:50:01","post_modified_gmt":"2022-07-28 15:50:01","post_content_filtered":"","post_parent":0,"guid":"http:\/\/dev.claret.cat\/editorial\/publicaciones-claretianas\/","menu_order":0,"post_type":"editorial","post_mime_type":"","comment_count":"0","filter":"raw"}],"autores-libros":[{"ID":430118,"post_author":"3","post_date":"2023-05-18 10:41:18","post_date_gmt":"2023-05-18 08:41:18","post_content":"","post_title":"CARLOS GARCIA ANDRADE","post_excerpt":"","post_status":"publish","comment_status":"closed","ping_status":"closed","post_password":"","post_name":"carlos-garcia-andrade","to_ping":"","pinged":"","post_modified":"2023-05-18 10:41:18","post_modified_gmt":"2023-05-18 08:41:18","post_content_filtered":"","post_parent":0,"guid":"https:\/\/www.claret.cat\/autor\/carlos-garcia-andrade\/","menu_order":0,"post_type":"autor","post_mime_type":"","comment_count":"0","filter":"raw"}]},"aioseo_notices":[],"_links":{"self":[{"href":"https:\/\/www.claret.cat\/es\/wp-json\/wp\/v2\/product\/430077","targetHints":{"allow":["GET"]}}],"collection":[{"href":"https:\/\/www.claret.cat\/es\/wp-json\/wp\/v2\/product"}],"about":[{"href":"https:\/\/www.claret.cat\/es\/wp-json\/wp\/v2\/types\/product"}],"wp:featuredmedia":[{"embeddable":true,"href":"https:\/\/www.claret.cat\/es\/wp-json\/wp\/v2\/media\/430078"}],"wp:attachment":[{"href":"https:\/\/www.claret.cat\/es\/wp-json\/wp\/v2\/media?parent=430077"}],"wp:term":[{"taxonomy":"product_brand","embeddable":true,"href":"https:\/\/www.claret.cat\/es\/wp-json\/wp\/v2\/product_brand?post=430077"},{"taxonomy":"product_cat","embeddable":true,"href":"https:\/\/www.claret.cat\/es\/wp-json\/wp\/v2\/product_cat?post=430077"},{"taxonomy":"product_tag","embeddable":true,"href":"https:\/\/www.claret.cat\/es\/wp-json\/wp\/v2\/product_tag?post=430077"}],"curies":[{"name":"wp","href":"https:\/\/api.w.org\/{rel}","templated":true}]}}