{"id":430171,"date":"2023-05-18T11:31:11","date_gmt":"2023-05-18T09:31:11","guid":{"rendered":"https:\/\/www.claret.cat\/llibre\/mor-un-os-a-la-vall-daran-9788419017703\/"},"modified":"2023-10-11T02:40:14","modified_gmt":"2023-10-11T00:40:14","slug":"mor-un-os-a-la-vall-daran-9788419017703","status":"publish","type":"product","link":"https:\/\/www.claret.cat\/es\/libro\/mor-un-os-a-la-vall-daran-9788419017703\/","title":{"rendered":"MOR UN OS A LA VALL D&#8217;ARAN"},"content":{"rendered":"<p>\u00abA LES MUNTANYES DE LA VALL D&#8217;ARAN HI BUFA LA BRISA DEL SUD. L&#8221;OS CACHOU DESPERTA SUAUMENT DE L&#8217;ESTAT D&#8217;HIBERNACI\u00d3, MOLT A POC A POC. DE LA PRIMERA COSA QUE \u00c9S CONSCIENT \u00c9S DE LES OLORS CLARES I INTENSES QUE L&#8221;AIRE FRESC DE LA MUNTANYA INFILTRA FINS AL FONS DEL CAU. RESULTEN AGRADABLES. [&#8230;] LES OLORS LI HAN DESPERTAT LA GANA, I SENT L&#8217;IMPULS D&#8217;ANAR A BUSCAR MENJAR I AIGUA.\u00bb El 9 d&#8217;abril de 2020, el cos de l&#8217;os Cachou va apar\u00e8ixer sense vida en una muntanya de la Vall d&#8217;Aran. En un primer moment es va atribuir la mort a un accident, per\u00f2 una trucada al cos d&#8217;agents forestals ho va canviar tot: Cachou podria haver estat enverinat. La investigaci\u00f3 judicial que es va obrir a continuaci\u00f3 \u00e9s la primera que es desplega per la mort d&#8217;un animal protegit, i ha posat el focus en la controvertida reintroducci\u00f3 de l&#8217;os bru al Pirineu i en una trama organitzada que hauria col\u00b7laborat en l&#8217;eliminaci\u00f3 d&#8217;un animal inc\u00f2mode. El periodista David Mar\u00edn s&#8217;ha submergit en la documentaci\u00f3 existent, ha entrevistat les diverses persones implicades i, finalment, ha recreat en una cr\u00f2nica apassionant tots els fets que van conduir a la mort per enverinament del malaguanyat Cachou -un cas que est\u00e0 ja en la fase final de la instrucci\u00f3 judicial.<\/p>\n","protected":false},"excerpt":{"rendered":"<p>MAR\u00cdN RUBIO, DAVID<\/p>\n","protected":false},"featured_media":430172,"template":"","meta":{"_acf_changed":false,"om_disable_all_campaigns":false,"rs_blank_template":"","rs_page_bg_color":"","slide_template_v7":"","inline_featured_image":false,"_monsterinsights_skip_tracking":false,"_monsterinsights_sitenote_active":false,"_monsterinsights_sitenote_note":"","_monsterinsights_sitenote_category":0},"product_brand":[],"product_cat":[90,540],"product_tag":[],"class_list":{"0":"post-430171","1":"product","2":"type-product","3":"status-publish","4":"has-post-thumbnail","6":"product_cat-altres","7":"product_cat-otros","9":"first","10":"instock","11":"taxable","12":"shipping-taxable","13":"purchasable","14":"product-type-simple"},"acf":{"autor":"MAR\u00cdN RUBIO, DAVID","codart":"841901770","libros-coleccion":"El fil d'ariadna","ediciones":"1","encuadernacion":"R\u00fastica","fecha_de_publicacion":"01\/05\/2023","novedad":"1","paginas":"128","subtitulo":"CR\u00d2NICA DEL CAS CACHOU","orden":"0","portada":"1","idioma":"cat","editorial":[{"ID":6122,"post_author":"3","post_date":"2022-07-28 17:45:22","post_date_gmt":"2022-07-28 15:45:22","post_content":"","post_title":"ANGLE EDITORIAL","post_excerpt":"","post_status":"publish","comment_status":"closed","ping_status":"closed","post_password":"","post_name":"angle-editorial","to_ping":"","pinged":"","post_modified":"2022-07-28 17:45:22","post_modified_gmt":"2022-07-28 15:45:22","post_content_filtered":"","post_parent":0,"guid":"http:\/\/dev.claret.cat\/editorial\/angle-editorial\/","menu_order":0,"post_type":"editorial","post_mime_type":"","comment_count":"0","filter":"raw"}],"autores-libros":[{"ID":153881,"post_author":"3","post_date":"2022-10-14 15:00:18","post_date_gmt":"2022-10-14 13:00:18","post_content":"","post_title":"DAVID MAR\u00cdN RUBIO","post_excerpt":"","post_status":"publish","comment_status":"closed","ping_status":"closed","post_password":"","post_name":"david-marin-rubio","to_ping":"","pinged":"","post_modified":"2022-10-14 15:00:18","post_modified_gmt":"2022-10-14 13:00:18","post_content_filtered":"","post_parent":0,"guid":"http:\/\/dev.claret.cat\/autor\/david-marin-rubio\/","menu_order":0,"post_type":"autor","post_mime_type":"","comment_count":"0","filter":"raw"}]},"aioseo_notices":[],"_links":{"self":[{"href":"https:\/\/www.claret.cat\/es\/wp-json\/wp\/v2\/product\/430171","targetHints":{"allow":["GET"]}}],"collection":[{"href":"https:\/\/www.claret.cat\/es\/wp-json\/wp\/v2\/product"}],"about":[{"href":"https:\/\/www.claret.cat\/es\/wp-json\/wp\/v2\/types\/product"}],"wp:featuredmedia":[{"embeddable":true,"href":"https:\/\/www.claret.cat\/es\/wp-json\/wp\/v2\/media\/430172"}],"wp:attachment":[{"href":"https:\/\/www.claret.cat\/es\/wp-json\/wp\/v2\/media?parent=430171"}],"wp:term":[{"taxonomy":"product_brand","embeddable":true,"href":"https:\/\/www.claret.cat\/es\/wp-json\/wp\/v2\/product_brand?post=430171"},{"taxonomy":"product_cat","embeddable":true,"href":"https:\/\/www.claret.cat\/es\/wp-json\/wp\/v2\/product_cat?post=430171"},{"taxonomy":"product_tag","embeddable":true,"href":"https:\/\/www.claret.cat\/es\/wp-json\/wp\/v2\/product_tag?post=430171"}],"curies":[{"name":"wp","href":"https:\/\/api.w.org\/{rel}","templated":true}]}}