{"id":430281,"date":"2023-05-18T14:45:53","date_gmt":"2023-05-18T12:45:53","guid":{"rendered":"https:\/\/www.claret.cat\/llibre\/roma-6-9788408221180\/"},"modified":"2024-05-11T10:55:13","modified_gmt":"2024-05-11T08:55:13","slug":"roma-6-9788408221180","status":"publish","type":"product","link":"https:\/\/www.claret.cat\/es\/libro\/roma-6-9788408221180\/","title":{"rendered":"ROMA 6"},"content":{"rendered":"<p>Quedarse prendado de la enso\u00f1adora belleza de sus piazzas y palacios barrocos, de sus colores alegres, de los altos pinos que asoman sobre sus emblem\u00e1ticas ruinas\u2026 Roma fascina, no solo por el ambiente de teatralidad que rezuman sus hist\u00f3ricas calles, sino por peque\u00f1os detalles como el aroma a caf\u00e9 reci\u00e9n molido que desprenden las cafeter\u00edas, las trattorias a la vieja usanza o el car\u00e1cter seco de sus gentes.<\/p>\n","protected":false},"excerpt":{"rendered":"<p>GARWOOD, DUNCAN \/ AVERBUCK, ALEXIS \/ MAXWELL, VIRGINIA<\/p>\n","protected":false},"featured_media":952423,"template":"","meta":{"_acf_changed":false,"om_disable_all_campaigns":false,"rs_blank_template":"","rs_page_bg_color":"","slide_template_v7":"","inline_featured_image":false,"_monsterinsights_skip_tracking":false,"_monsterinsights_sitenote_active":false,"_monsterinsights_sitenote_note":"","_monsterinsights_sitenote_category":0},"product_brand":[],"product_cat":[557,107],"product_tag":[],"class_list":{"0":"post-430281","1":"product","2":"type-product","3":"status-publish","4":"has-post-thumbnail","6":"product_cat-guias-de-viaje","7":"product_cat-guies-de-viatge","9":"first","10":"instock","11":"taxable","12":"shipping-taxable","13":"purchasable","14":"product-type-simple"},"acf":{"autor":"GARWOOD, DUNCAN \/ AVERBUCK, ALEXIS \/ MAXWELL, VIRGINIA","codart":"840822118","libros-coleccion":"Lonely Planet","ediciones":"1","encuadernacion":"R\u00fastica","fecha_de_publicacion":"01\/01\/2023","novedad":"1","paginas":"352","subtitulo":"","orden":"0","portada":"0","idioma":"spa","editorial":[{"ID":6233,"post_author":"3","post_date":"2022-07-28 17:47:48","post_date_gmt":"2022-07-28 15:47:48","post_content":"","post_title":"EDITORIAL PLANETA","post_excerpt":"","post_status":"publish","comment_status":"closed","ping_status":"closed","post_password":"","post_name":"editorial-planeta","to_ping":"","pinged":"","post_modified":"2022-07-28 17:47:48","post_modified_gmt":"2022-07-28 15:47:48","post_content_filtered":"","post_parent":0,"guid":"http:\/\/dev.claret.cat\/editorial\/editorial-planeta\/","menu_order":0,"post_type":"editorial","post_mime_type":"","comment_count":"0","filter":"raw"}],"autores-libros":[{"ID":149724,"post_author":"3","post_date":"2022-10-14 14:27:12","post_date_gmt":"2022-10-14 12:27:12","post_content":"","post_title":"ALEXIS AVERBUCK","post_excerpt":"","post_status":"publish","comment_status":"closed","ping_status":"closed","post_password":"","post_name":"alexis-averbuck","to_ping":"","pinged":"","post_modified":"2022-10-14 14:27:12","post_modified_gmt":"2022-10-14 12:27:12","post_content_filtered":"","post_parent":0,"guid":"http:\/\/dev.claret.cat\/autor\/alexis-averbuck\/","menu_order":0,"post_type":"autor","post_mime_type":"","comment_count":"0","filter":"raw"},{"ID":171158,"post_author":"3","post_date":"2022-10-14 22:41:08","post_date_gmt":"2022-10-14 20:41:08","post_content":"","post_title":"VIRGINIA MAXWELL","post_excerpt":"","post_status":"publish","comment_status":"closed","ping_status":"closed","post_password":"","post_name":"virginia-maxwell","to_ping":"","pinged":"","post_modified":"2022-10-14 22:41:08","post_modified_gmt":"2022-10-14 20:41:08","post_content_filtered":"","post_parent":0,"guid":"http:\/\/dev.claret.cat\/autor\/virginia-maxwell\/","menu_order":0,"post_type":"autor","post_mime_type":"","comment_count":"0","filter":"raw"},{"ID":154426,"post_author":"3","post_date":"2022-10-14 15:04:43","post_date_gmt":"2022-10-14 13:04:43","post_content":"","post_title":"DUNCAN GARWOOD","post_excerpt":"","post_status":"publish","comment_status":"closed","ping_status":"closed","post_password":"","post_name":"duncan-garwood","to_ping":"","pinged":"","post_modified":"2022-10-14 15:04:43","post_modified_gmt":"2022-10-14 13:04:43","post_content_filtered":"","post_parent":0,"guid":"http:\/\/dev.claret.cat\/autor\/duncan-garwood\/","menu_order":0,"post_type":"autor","post_mime_type":"","comment_count":"0","filter":"raw"}]},"aioseo_notices":[],"_links":{"self":[{"href":"https:\/\/www.claret.cat\/es\/wp-json\/wp\/v2\/product\/430281","targetHints":{"allow":["GET"]}}],"collection":[{"href":"https:\/\/www.claret.cat\/es\/wp-json\/wp\/v2\/product"}],"about":[{"href":"https:\/\/www.claret.cat\/es\/wp-json\/wp\/v2\/types\/product"}],"wp:featuredmedia":[{"embeddable":true,"href":"https:\/\/www.claret.cat\/es\/wp-json\/wp\/v2\/media\/952423"}],"wp:attachment":[{"href":"https:\/\/www.claret.cat\/es\/wp-json\/wp\/v2\/media?parent=430281"}],"wp:term":[{"taxonomy":"product_brand","embeddable":true,"href":"https:\/\/www.claret.cat\/es\/wp-json\/wp\/v2\/product_brand?post=430281"},{"taxonomy":"product_cat","embeddable":true,"href":"https:\/\/www.claret.cat\/es\/wp-json\/wp\/v2\/product_cat?post=430281"},{"taxonomy":"product_tag","embeddable":true,"href":"https:\/\/www.claret.cat\/es\/wp-json\/wp\/v2\/product_tag?post=430281"}],"curies":[{"name":"wp","href":"https:\/\/api.w.org\/{rel}","templated":true}]}}