{"id":430287,"date":"2023-05-18T14:46:19","date_gmt":"2023-05-18T12:46:19","guid":{"rendered":"https:\/\/www.claret.cat\/llibre\/estambul-de-cerca-6-9788408229988\/"},"modified":"2023-10-16T18:20:08","modified_gmt":"2023-10-16T16:20:08","slug":"estambul-de-cerca-6-9788408229988","status":"publish","type":"product","link":"https:\/\/www.claret.cat\/es\/libro\/estambul-de-cerca-6-9788408229988\/","title":{"rendered":"ESTAMBUL DE CERCA 6"},"content":{"rendered":"<p>En esta ciudad, fabulosas experiencias culturales aguardan en cada rinc\u00f3n. Los derviches giran, los muecines llaman a la oraci\u00f3n desde los minaretes y cada d\u00eda miles de personas cambian de continente varias veces. Monumentos milenarios, museos llenos de tesoros, bulliciosos bazares y vanguardistas galer\u00edas de arte pueblan la ciudad que, en otros tiempos, acogi\u00f3 a emperadores bizantinos, sultanes otomanos y presidentes republicanos. Sin duda, Estambul es el mayor tesoro de Turqu\u00eda.<br \/> Incluye:<br \/>Mapas de cada barrio y un completo mapa desplegable<br \/>Itinerarios \u00fanicos y resumen de lo m\u00e1s destacado para sacarle todo el jugo a una corta visita<br \/>Pr\u00e1cticos consejos de viaje a cargo de expertos<br \/>Informaci\u00f3n 100% independiente de los barrios: Santa Sof\u00eda y Sultanahmet, Gran Bazar y barrio del Bazar, Museo Kariye y el Cuerno de Oro, Istiklal Caddesi y Beyoglu, Palacio Dolmabah\u00e7e y el B\u00f3sforo.<\/p>\n","protected":false},"excerpt":{"rendered":"<p>MAXWELL, VIRGINIA<\/p>\n","protected":false},"featured_media":430288,"template":"","meta":{"_acf_changed":false,"om_disable_all_campaigns":false,"rs_blank_template":"","rs_page_bg_color":"","slide_template_v7":"","inline_featured_image":false,"_monsterinsights_skip_tracking":false,"_monsterinsights_sitenote_active":false,"_monsterinsights_sitenote_note":"","_monsterinsights_sitenote_category":0},"product_brand":[],"product_cat":[557,107],"product_tag":[],"class_list":{"0":"post-430287","1":"product","2":"type-product","3":"status-publish","4":"has-post-thumbnail","6":"product_cat-guias-de-viaje","7":"product_cat-guies-de-viatge","9":"first","10":"instock","11":"taxable","12":"shipping-taxable","13":"purchasable","14":"product-type-simple"},"acf":{"autor":"MAXWELL, VIRGINIA","codart":"840822998","libros-coleccion":"GU\u00cdAS DE CERCA LONELY PLANET","ediciones":"1","encuadernacion":"R\u00fastica","fecha_de_publicacion":"01\/03\/2021","novedad":"1","paginas":"192","subtitulo":"","orden":"0","portada":"0","idioma":"spa","editorial":[{"ID":6233,"post_author":"3","post_date":"2022-07-28 17:47:48","post_date_gmt":"2022-07-28 15:47:48","post_content":"","post_title":"EDITORIAL PLANETA","post_excerpt":"","post_status":"publish","comment_status":"closed","ping_status":"closed","post_password":"","post_name":"editorial-planeta","to_ping":"","pinged":"","post_modified":"2022-07-28 17:47:48","post_modified_gmt":"2022-07-28 15:47:48","post_content_filtered":"","post_parent":0,"guid":"http:\/\/dev.claret.cat\/editorial\/editorial-planeta\/","menu_order":0,"post_type":"editorial","post_mime_type":"","comment_count":"0","filter":"raw"}],"autores-libros":[{"ID":171158,"post_author":"3","post_date":"2022-10-14 22:41:08","post_date_gmt":"2022-10-14 20:41:08","post_content":"","post_title":"VIRGINIA MAXWELL","post_excerpt":"","post_status":"publish","comment_status":"closed","ping_status":"closed","post_password":"","post_name":"virginia-maxwell","to_ping":"","pinged":"","post_modified":"2022-10-14 22:41:08","post_modified_gmt":"2022-10-14 20:41:08","post_content_filtered":"","post_parent":0,"guid":"http:\/\/dev.claret.cat\/autor\/virginia-maxwell\/","menu_order":0,"post_type":"autor","post_mime_type":"","comment_count":"0","filter":"raw"}]},"aioseo_notices":[],"_links":{"self":[{"href":"https:\/\/www.claret.cat\/es\/wp-json\/wp\/v2\/product\/430287","targetHints":{"allow":["GET"]}}],"collection":[{"href":"https:\/\/www.claret.cat\/es\/wp-json\/wp\/v2\/product"}],"about":[{"href":"https:\/\/www.claret.cat\/es\/wp-json\/wp\/v2\/types\/product"}],"wp:featuredmedia":[{"embeddable":true,"href":"https:\/\/www.claret.cat\/es\/wp-json\/wp\/v2\/media\/430288"}],"wp:attachment":[{"href":"https:\/\/www.claret.cat\/es\/wp-json\/wp\/v2\/media?parent=430287"}],"wp:term":[{"taxonomy":"product_brand","embeddable":true,"href":"https:\/\/www.claret.cat\/es\/wp-json\/wp\/v2\/product_brand?post=430287"},{"taxonomy":"product_cat","embeddable":true,"href":"https:\/\/www.claret.cat\/es\/wp-json\/wp\/v2\/product_cat?post=430287"},{"taxonomy":"product_tag","embeddable":true,"href":"https:\/\/www.claret.cat\/es\/wp-json\/wp\/v2\/product_tag?post=430287"}],"curies":[{"name":"wp","href":"https:\/\/api.w.org\/{rel}","templated":true}]}}