{"id":430305,"date":"2023-05-18T14:47:28","date_gmt":"2023-05-18T12:47:28","guid":{"rendered":"https:\/\/www.claret.cat\/llibre\/lo-mejor-de-asturias-2-9788408254478\/"},"modified":"2023-10-11T04:09:25","modified_gmt":"2023-10-11T02:09:25","slug":"lo-mejor-de-asturias-2-9788408254478","status":"publish","type":"product","link":"https:\/\/www.claret.cat\/es\/libro\/lo-mejor-de-asturias-2-9788408254478\/","title":{"rendered":"LO MEJOR DE ASTURIAS 2"},"content":{"rendered":"<p>Regi\u00f3n de contrastes entre mar y monta\u00f1a, Asturias cautiva gracias a su exuberante naturaleza, su rico legado cultural y su deliciosa gastronom\u00eda. Desde el Cant\u00e1brico que ba\u00f1a su costa salpicada de hermosos arenales hasta las impresionantes cumbres de los Picos de Europa, Asturias ofrece gran variedad de paisajes: tupidos bosques repletos de fauna, abundantes cursos de agua, lagos de monta\u00f1a, ca\u00f1ones entre abruptas paredes\u2026 una naturaleza prodigiosa que ofrece un sinf\u00edn de posibilidades para los amantes del aire libre. Pero Asturias es m\u00e1s que eso, tambi\u00e9n posee ciudades modernas y animadas, con una excelente oferta cultural y de vida nocturna capaz de satisfacer a los m\u00e1s urbanitas. Y todo ello acompa\u00f1ado de una gastronom\u00eda deliciosa. Con esta gu\u00eda, el viajero estar\u00e1 preparado para descubrir lo mejor de Asturias.<\/p>\n","protected":false},"excerpt":{"rendered":"<p>BASSI, GIACOMO<\/p>\n","protected":false},"featured_media":430306,"template":"","meta":{"_acf_changed":false,"om_disable_all_campaigns":false,"rs_blank_template":"","rs_page_bg_color":"","slide_template_v7":"","inline_featured_image":false,"_monsterinsights_skip_tracking":false,"_monsterinsights_sitenote_active":false,"_monsterinsights_sitenote_note":"","_monsterinsights_sitenote_category":0},"product_brand":[],"product_cat":[557,107],"product_tag":[],"class_list":{"0":"post-430305","1":"product","2":"type-product","3":"status-publish","4":"has-post-thumbnail","6":"product_cat-guias-de-viaje","7":"product_cat-guies-de-viatge","9":"first","10":"instock","11":"taxable","12":"shipping-taxable","13":"purchasable","14":"product-type-simple"},"acf":{"autor":"BASSI, GIACOMO","codart":"840825447","libros-coleccion":"FORA DE COL.LECCI\u00d3","ediciones":"1","encuadernacion":"R\u00fastica","fecha_de_publicacion":"01\/09\/2022","novedad":"1","paginas":"274","subtitulo":"","orden":"0","portada":"0","idioma":"spa","editorial":[{"ID":6233,"post_author":"3","post_date":"2022-07-28 17:47:48","post_date_gmt":"2022-07-28 15:47:48","post_content":"","post_title":"EDITORIAL PLANETA","post_excerpt":"","post_status":"publish","comment_status":"closed","ping_status":"closed","post_password":"","post_name":"editorial-planeta","to_ping":"","pinged":"","post_modified":"2022-07-28 17:47:48","post_modified_gmt":"2022-07-28 15:47:48","post_content_filtered":"","post_parent":0,"guid":"http:\/\/dev.claret.cat\/editorial\/editorial-planeta\/","menu_order":0,"post_type":"editorial","post_mime_type":"","comment_count":"0","filter":"raw"}],"autores-libros":[{"ID":156846,"post_author":"3","post_date":"2022-10-14 15:24:05","post_date_gmt":"2022-10-14 13:24:05","post_content":"","post_title":"GIACOMO BASSI","post_excerpt":"","post_status":"publish","comment_status":"closed","ping_status":"closed","post_password":"","post_name":"giacomo-bassi","to_ping":"","pinged":"","post_modified":"2022-10-14 15:24:05","post_modified_gmt":"2022-10-14 13:24:05","post_content_filtered":"","post_parent":0,"guid":"http:\/\/dev.claret.cat\/autor\/giacomo-bassi\/","menu_order":0,"post_type":"autor","post_mime_type":"","comment_count":"0","filter":"raw"}]},"aioseo_notices":[],"_links":{"self":[{"href":"https:\/\/www.claret.cat\/es\/wp-json\/wp\/v2\/product\/430305","targetHints":{"allow":["GET"]}}],"collection":[{"href":"https:\/\/www.claret.cat\/es\/wp-json\/wp\/v2\/product"}],"about":[{"href":"https:\/\/www.claret.cat\/es\/wp-json\/wp\/v2\/types\/product"}],"wp:featuredmedia":[{"embeddable":true,"href":"https:\/\/www.claret.cat\/es\/wp-json\/wp\/v2\/media\/430306"}],"wp:attachment":[{"href":"https:\/\/www.claret.cat\/es\/wp-json\/wp\/v2\/media?parent=430305"}],"wp:term":[{"taxonomy":"product_brand","embeddable":true,"href":"https:\/\/www.claret.cat\/es\/wp-json\/wp\/v2\/product_brand?post=430305"},{"taxonomy":"product_cat","embeddable":true,"href":"https:\/\/www.claret.cat\/es\/wp-json\/wp\/v2\/product_cat?post=430305"},{"taxonomy":"product_tag","embeddable":true,"href":"https:\/\/www.claret.cat\/es\/wp-json\/wp\/v2\/product_tag?post=430305"}],"curies":[{"name":"wp","href":"https:\/\/api.w.org\/{rel}","templated":true}]}}