{"id":430308,"date":"2023-05-18T14:47:38","date_gmt":"2023-05-18T12:47:38","guid":{"rendered":"https:\/\/www.claret.cat\/llibre\/lo-mejor-de-cadiz-1-9788408254812\/"},"modified":"2023-10-11T04:09:28","modified_gmt":"2023-10-11T02:09:28","slug":"lo-mejor-de-cadiz-1-9788408254812","status":"publish","type":"product","link":"https:\/\/www.claret.cat\/es\/libro\/lo-mejor-de-cadiz-1-9788408254812\/","title":{"rendered":"LO MEJOR DE C\u00c1DIZ 1"},"content":{"rendered":"<p>Lonely Planet presenta su primera gu\u00eda Lo mejor de C\u00e1diz, un destino en auge que brinda gran variedad de experiencias y paisajes de una belleza inconmensurable.<br \/> Habitada por fenicios, reconocida por Julio C\u00e9sar y conquistada por los bizantinos, C\u00e1diz es una de las ciudades m\u00e1s antiguas de Occidente. Sus yacimientos arqueol\u00f3gicos contrastan con las bellas edificaciones coloniales y sus kilom\u00e9tricas playas rodean una naturaleza imponente, salpicada de pueblos blancos y con espacios naturales de primer orden, como el Parque Nacional de Do\u00f1ana, refugio del lince ib\u00e9rico. Acariciada por el mar y ba\u00f1ada por un sol generoso, C\u00e1diz invita a la alegr\u00eda y el esparcimiento, algo que se aprecia en el car\u00e1cter abierto y alegre de los gaditanos, que celebran el carnaval m\u00e1s divertido de la pen\u00ednsula y llenan las bodegas cl\u00e1sicas tapeando hasta tarde. Pero la oferta culinaria va m\u00e1s all\u00e1 del tapeo de siempre, pues la nueva gastronom\u00eda se alza como un valor emergente, con numerosas propuestas culinarias capaces de satisfacer hasta los paladares m\u00e1s exigentes.<br \/> Por todo ello, C\u00e1diz brilla con luz propia dentro del turismo espa\u00f1ol, un destino que a partir de ahora debe catalogarse como imperdible.<\/p>\n","protected":false},"excerpt":{"rendered":"<p>NOBLE, ISABELLA<\/p>\n","protected":false},"featured_media":430309,"template":"","meta":{"_acf_changed":false,"om_disable_all_campaigns":false,"rs_blank_template":"","rs_page_bg_color":"","slide_template_v7":"","inline_featured_image":false,"_monsterinsights_skip_tracking":false,"_monsterinsights_sitenote_active":false,"_monsterinsights_sitenote_note":"","_monsterinsights_sitenote_category":0},"product_brand":[],"product_cat":[557,107],"product_tag":[],"class_list":{"0":"post-430308","1":"product","2":"type-product","3":"status-publish","4":"has-post-thumbnail","6":"product_cat-guias-de-viaje","7":"product_cat-guies-de-viatge","9":"first","10":"instock","11":"taxable","12":"shipping-taxable","13":"purchasable","14":"product-type-simple"},"acf":{"autor":"NOBLE, ISABELLA","codart":"840825481","libros-coleccion":"FORA DE COL.LECCI\u00d3","ediciones":"1","encuadernacion":"R\u00fastica","fecha_de_publicacion":"01\/03\/2022","novedad":"1","paginas":"242","subtitulo":"","orden":"0","portada":"0","idioma":"spa","editorial":[{"ID":6233,"post_author":"3","post_date":"2022-07-28 17:47:48","post_date_gmt":"2022-07-28 15:47:48","post_content":"","post_title":"EDITORIAL PLANETA","post_excerpt":"","post_status":"publish","comment_status":"closed","ping_status":"closed","post_password":"","post_name":"editorial-planeta","to_ping":"","pinged":"","post_modified":"2022-07-28 17:47:48","post_modified_gmt":"2022-07-28 15:47:48","post_content_filtered":"","post_parent":0,"guid":"http:\/\/dev.claret.cat\/editorial\/editorial-planeta\/","menu_order":0,"post_type":"editorial","post_mime_type":"","comment_count":"0","filter":"raw"}],"autores-libros":[{"ID":158102,"post_author":"3","post_date":"2022-10-14 15:34:10","post_date_gmt":"2022-10-14 13:34:10","post_content":"","post_title":"ISABELLA NOBLE","post_excerpt":"","post_status":"publish","comment_status":"closed","ping_status":"closed","post_password":"","post_name":"isabella-noble","to_ping":"","pinged":"","post_modified":"2022-10-14 15:34:10","post_modified_gmt":"2022-10-14 13:34:10","post_content_filtered":"","post_parent":0,"guid":"http:\/\/dev.claret.cat\/autor\/isabella-noble\/","menu_order":0,"post_type":"autor","post_mime_type":"","comment_count":"0","filter":"raw"}]},"aioseo_notices":[],"_links":{"self":[{"href":"https:\/\/www.claret.cat\/es\/wp-json\/wp\/v2\/product\/430308","targetHints":{"allow":["GET"]}}],"collection":[{"href":"https:\/\/www.claret.cat\/es\/wp-json\/wp\/v2\/product"}],"about":[{"href":"https:\/\/www.claret.cat\/es\/wp-json\/wp\/v2\/types\/product"}],"wp:featuredmedia":[{"embeddable":true,"href":"https:\/\/www.claret.cat\/es\/wp-json\/wp\/v2\/media\/430309"}],"wp:attachment":[{"href":"https:\/\/www.claret.cat\/es\/wp-json\/wp\/v2\/media?parent=430308"}],"wp:term":[{"taxonomy":"product_brand","embeddable":true,"href":"https:\/\/www.claret.cat\/es\/wp-json\/wp\/v2\/product_brand?post=430308"},{"taxonomy":"product_cat","embeddable":true,"href":"https:\/\/www.claret.cat\/es\/wp-json\/wp\/v2\/product_cat?post=430308"},{"taxonomy":"product_tag","embeddable":true,"href":"https:\/\/www.claret.cat\/es\/wp-json\/wp\/v2\/product_tag?post=430308"}],"curies":[{"name":"wp","href":"https:\/\/api.w.org\/{rel}","templated":true}]}}