{"id":430311,"date":"2023-05-18T14:47:50","date_gmt":"2023-05-18T12:47:50","guid":{"rendered":"https:\/\/www.claret.cat\/llibre\/en-ruta-por-cataluna-2-9788408254829\/"},"modified":"2024-06-14T19:05:09","modified_gmt":"2024-06-14T17:05:09","slug":"en-ruta-por-cataluna-2-9788408254829","status":"publish","type":"product","link":"https:\/\/www.claret.cat\/es\/libro\/en-ruta-por-cataluna-2-9788408254829\/","title":{"rendered":"EN RUTA POR CATALU\u00d1A 2"},"content":{"rendered":"<p>Playas espectaculares, monasterios de aire medieval, una gastronom\u00eda mediterr\u00e1nea \u00fanica, vinos y cavas fabulosos, paisajes de alta monta\u00f1a y ciudades con una riqueza cultural sorprendente\u2026 Catalu\u00f1a seduce con su magia y espectaculares contrastes. Ya sea para familias, deportistas, admiradores de lo medieval, gastr\u00f3nomos, senderistas\u2026, En ruta por Catalu\u00f1a ofrece itinerarios de todos los tipos. Con esta gu\u00eda descubrir\u00e1s altas monta\u00f1as como los Pirineos, el Montsec, Montserrat o el Montsant, playas de fina arena en la Costa Daurada o en la Costa Brava y amplias llanuras interiores. No te perder\u00e1s las singulares tradiciones de la regi\u00f3n ni su gastronom\u00eda, capaz de aunar en perfecta armon\u00eda pescados y mariscos con productos ecol\u00f3gicos, quesos y embutidos artesanos. \u00danicamente hay que escoger la ruta que se adapte a los intereses y expectativas de cada uno.<\/p>\n","protected":false},"excerpt":{"rendered":"<p>MONNER, JORDI<\/p>\n","protected":false},"featured_media":430312,"template":"","meta":{"_acf_changed":false,"om_disable_all_campaigns":false,"rs_blank_template":"","rs_page_bg_color":"","slide_template_v7":"","inline_featured_image":false,"_monsterinsights_skip_tracking":false,"_monsterinsights_sitenote_active":false,"_monsterinsights_sitenote_note":"","_monsterinsights_sitenote_category":0},"product_brand":[],"product_cat":[557,107],"product_tag":[],"class_list":{"0":"post-430311","1":"product","2":"type-product","3":"status-publish","4":"has-post-thumbnail","6":"product_cat-guias-de-viaje","7":"product_cat-guies-de-viatge","9":"first","10":"instock","11":"taxable","12":"shipping-taxable","13":"purchasable","14":"product-type-simple"},"acf":{"autor":"MONNER, JORDI","codart":"840825482","libros-coleccion":"Gu\u00edas En ruta Lonely Planet","ediciones":"1","encuadernacion":"R\u00fastica","fecha_de_publicacion":"01\/03\/2022","novedad":"1","paginas":"320","subtitulo":"25 RUTAS POR CARRETERA","orden":"0","portada":"0","idioma":"spa","editorial":[{"ID":6233,"post_author":"3","post_date":"2022-07-28 17:47:48","post_date_gmt":"2022-07-28 15:47:48","post_content":"","post_title":"EDITORIAL PLANETA","post_excerpt":"","post_status":"publish","comment_status":"closed","ping_status":"closed","post_password":"","post_name":"editorial-planeta","to_ping":"","pinged":"","post_modified":"2022-07-28 17:47:48","post_modified_gmt":"2022-07-28 15:47:48","post_content_filtered":"","post_parent":0,"guid":"http:\/\/dev.claret.cat\/editorial\/editorial-planeta\/","menu_order":0,"post_type":"editorial","post_mime_type":"","comment_count":"0","filter":"raw"}],"autores-libros":[{"ID":159951,"post_author":"3","post_date":"2022-10-14 15:49:04","post_date_gmt":"2022-10-14 13:49:04","post_content":"","post_title":"JORDI MONNER","post_excerpt":"","post_status":"publish","comment_status":"closed","ping_status":"closed","post_password":"","post_name":"jordi-monner","to_ping":"","pinged":"","post_modified":"2022-10-14 15:49:04","post_modified_gmt":"2022-10-14 13:49:04","post_content_filtered":"","post_parent":0,"guid":"http:\/\/dev.claret.cat\/autor\/jordi-monner\/","menu_order":0,"post_type":"autor","post_mime_type":"","comment_count":"0","filter":"raw"}]},"aioseo_notices":[],"_links":{"self":[{"href":"https:\/\/www.claret.cat\/es\/wp-json\/wp\/v2\/product\/430311","targetHints":{"allow":["GET"]}}],"collection":[{"href":"https:\/\/www.claret.cat\/es\/wp-json\/wp\/v2\/product"}],"about":[{"href":"https:\/\/www.claret.cat\/es\/wp-json\/wp\/v2\/types\/product"}],"wp:featuredmedia":[{"embeddable":true,"href":"https:\/\/www.claret.cat\/es\/wp-json\/wp\/v2\/media\/430312"}],"wp:attachment":[{"href":"https:\/\/www.claret.cat\/es\/wp-json\/wp\/v2\/media?parent=430311"}],"wp:term":[{"taxonomy":"product_brand","embeddable":true,"href":"https:\/\/www.claret.cat\/es\/wp-json\/wp\/v2\/product_brand?post=430311"},{"taxonomy":"product_cat","embeddable":true,"href":"https:\/\/www.claret.cat\/es\/wp-json\/wp\/v2\/product_cat?post=430311"},{"taxonomy":"product_tag","embeddable":true,"href":"https:\/\/www.claret.cat\/es\/wp-json\/wp\/v2\/product_tag?post=430311"}],"curies":[{"name":"wp","href":"https:\/\/api.w.org\/{rel}","templated":true}]}}