{"id":430314,"date":"2023-05-18T14:48:01","date_gmt":"2023-05-18T12:48:01","guid":{"rendered":"https:\/\/www.claret.cat\/llibre\/austria-6-9788408263524\/"},"modified":"2024-07-25T11:25:10","modified_gmt":"2024-07-25T09:25:10","slug":"austria-6-9788408263524","status":"publish","type":"product","link":"https:\/\/www.claret.cat\/es\/libro\/austria-6-9788408263524\/","title":{"rendered":"AUSTRIA 6"},"content":{"rendered":"<p>Peque\u00f1a en el mapa, Austria combina a la perfecci\u00f3n la belleza imperial de sus hist\u00f3ricas ciudades, y la adrenalina de los deportes de nieve y otras actividades al aire libre. Sin\u00f3nimo de alta cultura, naturaleza y arquitectura, caminar por sus regiones es revisitar a los grandes genios de la m\u00fasica cl\u00e1sica como Mozart y Haydn entre el espectacular legado de los Habsburgo y los refrescantes edificios modernos, con el tel\u00f3n de fondo de unos paisajes incomparables. Recorrer Austria significa adentrarse en escenarios rurales salpicados de los pueblos de f\u00e1bula de la regi\u00f3n de Steyr, nadar en los lagos cristalinos de Salzkammergut y deleitarse en un kaffeeha\u00fcser y los palacios de Viena. Para cualquier tipo de viajero, hay tantas experiencias, que el destino ya es el viaje en s\u00ed.<\/p>\n","protected":false},"excerpt":{"rendered":"<p>LE NEVEZ, CATHERINE \/ DI DUCA, MARC \/ HAYWOOD, ANTHONY \/ WALKER, KERRY<\/p>\n","protected":false},"featured_media":430315,"template":"","meta":{"_acf_changed":false,"om_disable_all_campaigns":false,"rs_blank_template":"","rs_page_bg_color":"","slide_template_v7":"","inline_featured_image":false,"_monsterinsights_skip_tracking":false,"_monsterinsights_sitenote_active":false,"_monsterinsights_sitenote_note":"","_monsterinsights_sitenote_category":0},"product_brand":[],"product_cat":[557,107],"product_tag":[],"class_list":{"0":"post-430314","1":"product","2":"type-product","3":"status-publish","4":"has-post-thumbnail","6":"product_cat-guias-de-viaje","7":"product_cat-guies-de-viatge","9":"first","10":"instock","11":"taxable","12":"shipping-taxable","13":"purchasable","14":"product-type-simple"},"acf":{"autor":"LE NEVEZ, CATHERINE \/ DI DUCA, MARC \/ HAYWOOD, ANTHONY \/ WALKER, KERRY","codart":"840826352","libros-coleccion":"Gu\u00edas de Pa\u00eds Lonely Planet","ediciones":"1","encuadernacion":"R\u00fastica","fecha_de_publicacion":"01\/01\/2023","novedad":"1","paginas":"424","subtitulo":"","orden":"0","portada":"0","idioma":"spa","editorial":[{"ID":6233,"post_author":"3","post_date":"2022-07-28 17:47:48","post_date_gmt":"2022-07-28 15:47:48","post_content":"","post_title":"EDITORIAL PLANETA","post_excerpt":"","post_status":"publish","comment_status":"closed","ping_status":"closed","post_password":"","post_name":"editorial-planeta","to_ping":"","pinged":"","post_modified":"2022-07-28 17:47:48","post_modified_gmt":"2022-07-28 15:47:48","post_content_filtered":"","post_parent":0,"guid":"http:\/\/dev.claret.cat\/editorial\/editorial-planeta\/","menu_order":0,"post_type":"editorial","post_mime_type":"","comment_count":"0","filter":"raw"}],"autores-libros":[{"ID":163306,"post_author":"3","post_date":"2022-10-14 17:37:58","post_date_gmt":"2022-10-14 15:37:58","post_content":"","post_title":"MARC DI DUCA","post_excerpt":"","post_status":"publish","comment_status":"closed","ping_status":"closed","post_password":"","post_name":"marc-di-duca","to_ping":"","pinged":"","post_modified":"2022-10-14 17:37:58","post_modified_gmt":"2022-10-14 15:37:58","post_content_filtered":"","post_parent":0,"guid":"http:\/\/dev.claret.cat\/autor\/marc-di-duca\/","menu_order":0,"post_type":"autor","post_mime_type":"","comment_count":"0","filter":"raw"},{"ID":152593,"post_author":"3","post_date":"2022-10-14 14:50:01","post_date_gmt":"2022-10-14 12:50:01","post_content":"","post_title":"CATHERINE LE NEVEZ","post_excerpt":"","post_status":"publish","comment_status":"closed","ping_status":"closed","post_password":"","post_name":"catherine-le-nevez","to_ping":"","pinged":"","post_modified":"2022-10-14 14:50:01","post_modified_gmt":"2022-10-14 12:50:01","post_content_filtered":"","post_parent":0,"guid":"http:\/\/dev.claret.cat\/autor\/catherine-le-nevez\/","menu_order":0,"post_type":"autor","post_mime_type":"","comment_count":"0","filter":"raw"},{"ID":420365,"post_author":"3","post_date":"2023-05-16 00:44:14","post_date_gmt":"2023-05-15 22:44:14","post_content":"","post_title":"ANTHONY HAYWOOD","post_excerpt":"","post_status":"publish","comment_status":"closed","ping_status":"closed","post_password":"","post_name":"anthony-haywood","to_ping":"","pinged":"","post_modified":"2023-05-16 00:44:14","post_modified_gmt":"2023-05-15 22:44:14","post_content_filtered":"","post_parent":0,"guid":"https:\/\/www.claret.cat\/autor\/anthony-haywood\/","menu_order":0,"post_type":"autor","post_mime_type":"","comment_count":"0","filter":"raw"},{"ID":410844,"post_author":"3","post_date":"2023-03-08 13:02:28","post_date_gmt":"2023-03-08 12:02:28","post_content":"","post_title":"KERRY WALKER","post_excerpt":"","post_status":"publish","comment_status":"closed","ping_status":"closed","post_password":"","post_name":"kerry-walker","to_ping":"","pinged":"","post_modified":"2023-03-08 13:02:28","post_modified_gmt":"2023-03-08 12:02:28","post_content_filtered":"","post_parent":0,"guid":"https:\/\/www.claret.cat\/autor\/kerry-walker\/","menu_order":0,"post_type":"autor","post_mime_type":"","comment_count":"0","filter":"raw"}]},"aioseo_notices":[],"_links":{"self":[{"href":"https:\/\/www.claret.cat\/es\/wp-json\/wp\/v2\/product\/430314","targetHints":{"allow":["GET"]}}],"collection":[{"href":"https:\/\/www.claret.cat\/es\/wp-json\/wp\/v2\/product"}],"about":[{"href":"https:\/\/www.claret.cat\/es\/wp-json\/wp\/v2\/types\/product"}],"wp:featuredmedia":[{"embeddable":true,"href":"https:\/\/www.claret.cat\/es\/wp-json\/wp\/v2\/media\/430315"}],"wp:attachment":[{"href":"https:\/\/www.claret.cat\/es\/wp-json\/wp\/v2\/media?parent=430314"}],"wp:term":[{"taxonomy":"product_brand","embeddable":true,"href":"https:\/\/www.claret.cat\/es\/wp-json\/wp\/v2\/product_brand?post=430314"},{"taxonomy":"product_cat","embeddable":true,"href":"https:\/\/www.claret.cat\/es\/wp-json\/wp\/v2\/product_cat?post=430314"},{"taxonomy":"product_tag","embeddable":true,"href":"https:\/\/www.claret.cat\/es\/wp-json\/wp\/v2\/product_tag?post=430314"}],"curies":[{"name":"wp","href":"https:\/\/api.w.org\/{rel}","templated":true}]}}