{"id":430317,"date":"2023-05-18T14:48:14","date_gmt":"2023-05-18T12:48:14","guid":{"rendered":"https:\/\/www.claret.cat\/llibre\/lo-mejor-del-pais-vasco-1-9788408265245\/"},"modified":"2023-10-11T04:09:30","modified_gmt":"2023-10-11T02:09:30","slug":"lo-mejor-del-pais-vasco-1-9788408265245","status":"publish","type":"product","link":"https:\/\/www.claret.cat\/es\/libro\/lo-mejor-del-pais-vasco-1-9788408265245\/","title":{"rendered":"LO MEJOR DEL PA\u00cdS VASCO 1"},"content":{"rendered":"<p>Explorar una costa que revela el paso de millones de a\u00f1os, adentrarse en cuevas ancestrales, pisar antiguas calzadas romanas, deambular por bonitos pueblos marineros a orillas del Cant\u00e1brico, disfrutar de una naturaleza exuberante que muestra todos los tonos de verde imaginables, maravillarse ante un legado cultural diverso y de primer orden, saborear una gastronom\u00eda que, aunando modernidad y tradici\u00f3n, hace las delicias de cualquier paladar\u2026 es dif\u00edcil alojar m\u00e1s tesoros en un territorio de estas dimensiones. El Pa\u00eds Vasco sorprende y seduce a quien se decide a descubrirlo, y para ello, nada mejor que esta gu\u00eda completamente actualizada, compa\u00f1era ideal para lograr un viaje repleto de experiencias enriquecedores. Tan solo hay que ponerse en marcha.<\/p>\n","protected":false},"excerpt":{"rendered":"<p>BASSI, GIACOMO<\/p>\n","protected":false},"featured_media":430318,"template":"","meta":{"_acf_changed":false,"om_disable_all_campaigns":false,"rs_blank_template":"","rs_page_bg_color":"","slide_template_v7":"","inline_featured_image":false,"_monsterinsights_skip_tracking":false,"_monsterinsights_sitenote_active":false,"_monsterinsights_sitenote_note":"","_monsterinsights_sitenote_category":0},"product_brand":[],"product_cat":[557,107],"product_tag":[],"class_list":{"0":"post-430317","1":"product","2":"type-product","3":"status-publish","4":"has-post-thumbnail","6":"product_cat-guias-de-viaje","7":"product_cat-guies-de-viatge","9":"first","10":"instock","11":"taxable","12":"shipping-taxable","13":"purchasable","14":"product-type-simple"},"acf":{"autor":"BASSI, GIACOMO","codart":"840826524","libros-coleccion":"FORA DE COL.LECCI\u00d3","ediciones":"1","encuadernacion":"R\u00fastica","fecha_de_publicacion":"01\/11\/2022","novedad":"1","paginas":"234","subtitulo":"","orden":"0","portada":"0","idioma":"spa","editorial":[{"ID":6233,"post_author":"3","post_date":"2022-07-28 17:47:48","post_date_gmt":"2022-07-28 15:47:48","post_content":"","post_title":"EDITORIAL PLANETA","post_excerpt":"","post_status":"publish","comment_status":"closed","ping_status":"closed","post_password":"","post_name":"editorial-planeta","to_ping":"","pinged":"","post_modified":"2022-07-28 17:47:48","post_modified_gmt":"2022-07-28 15:47:48","post_content_filtered":"","post_parent":0,"guid":"http:\/\/dev.claret.cat\/editorial\/editorial-planeta\/","menu_order":0,"post_type":"editorial","post_mime_type":"","comment_count":"0","filter":"raw"}],"autores-libros":[{"ID":156846,"post_author":"3","post_date":"2022-10-14 15:24:05","post_date_gmt":"2022-10-14 13:24:05","post_content":"","post_title":"GIACOMO BASSI","post_excerpt":"","post_status":"publish","comment_status":"closed","ping_status":"closed","post_password":"","post_name":"giacomo-bassi","to_ping":"","pinged":"","post_modified":"2022-10-14 15:24:05","post_modified_gmt":"2022-10-14 13:24:05","post_content_filtered":"","post_parent":0,"guid":"http:\/\/dev.claret.cat\/autor\/giacomo-bassi\/","menu_order":0,"post_type":"autor","post_mime_type":"","comment_count":"0","filter":"raw"}]},"aioseo_notices":[],"_links":{"self":[{"href":"https:\/\/www.claret.cat\/es\/wp-json\/wp\/v2\/product\/430317","targetHints":{"allow":["GET"]}}],"collection":[{"href":"https:\/\/www.claret.cat\/es\/wp-json\/wp\/v2\/product"}],"about":[{"href":"https:\/\/www.claret.cat\/es\/wp-json\/wp\/v2\/types\/product"}],"wp:featuredmedia":[{"embeddable":true,"href":"https:\/\/www.claret.cat\/es\/wp-json\/wp\/v2\/media\/430318"}],"wp:attachment":[{"href":"https:\/\/www.claret.cat\/es\/wp-json\/wp\/v2\/media?parent=430317"}],"wp:term":[{"taxonomy":"product_brand","embeddable":true,"href":"https:\/\/www.claret.cat\/es\/wp-json\/wp\/v2\/product_brand?post=430317"},{"taxonomy":"product_cat","embeddable":true,"href":"https:\/\/www.claret.cat\/es\/wp-json\/wp\/v2\/product_cat?post=430317"},{"taxonomy":"product_tag","embeddable":true,"href":"https:\/\/www.claret.cat\/es\/wp-json\/wp\/v2\/product_tag?post=430317"}],"curies":[{"name":"wp","href":"https:\/\/api.w.org\/{rel}","templated":true}]}}