{"id":430357,"date":"2023-05-18T14:54:16","date_gmt":"2023-05-18T12:54:16","guid":{"rendered":"https:\/\/www.claret.cat\/llibre\/mi-primera-comunion-9788419378774\/"},"modified":"2025-06-06T13:11:43","modified_gmt":"2025-06-06T11:11:43","slug":"mi-primera-comunion-9788419378774","status":"publish","type":"product","link":"https:\/\/www.claret.cat\/es\/libro\/mi-primera-comunion-9788419378774\/","title":{"rendered":"MI PRIMERA COMUNI\u00d3N"},"content":{"rendered":"<p>Un libro regalo \u00fanico para celebrar la primera comuni\u00f3nEl d\u00eda de la primera comuni\u00f3n es una fecha que los m\u00e1s peque\u00f1os de la casa recuerdan con mucho cari\u00f1o cuando crecen. Con este especial \u00e1lbum, podr\u00e1n disfrutar de esta inolvidable experiencia y atesorar los recuerdos de su catequesis y la celebraci\u00f3n de su primera comuni\u00f3n para toda la vida. \u00a1El regalo perfecto para un d\u00eda muy especial!\u00bfQu\u00e9 encontrar\u00e1s en este libro? -Espacio para pegar fotos. -Secciones para firmas y dedicatorias de familiares, amigos e invitados que estuvieron presentes ese d\u00eda. -P\u00e1ginas para escribir reflexiones, frases, aprendizajes y textos sobre la experiencia de la catequesis y la celebraci\u00f3n de la comuni\u00f3n. -Historias b\u00edblicas ilustradas. -Oraciones y canciones. -\u00c1lbum de recuerdos de gran formato y acabado pr\u00e9mium.-Ilustraciones coloridas y muy atractivas de Merc\u00e8 Tous.<\/p>\n","protected":false},"excerpt":{"rendered":"<p>RONDA, MAGELA<\/p>\n","protected":false},"featured_media":430358,"template":"","meta":{"_acf_changed":false,"om_disable_all_campaigns":false,"rs_blank_template":"","rs_page_bg_color":"","slide_template_v7":"","inline_featured_image":false,"_monsterinsights_skip_tracking":false,"_monsterinsights_sitenote_active":false,"_monsterinsights_sitenote_note":"","_monsterinsights_sitenote_category":0},"product_brand":[],"product_cat":[216,119,475,568],"product_tag":[],"class_list":{"0":"post-430357","1":"product","2":"type-product","3":"status-publish","4":"has-post-thumbnail","6":"product_cat-primera-comunio-catequesi-1_espiritualitat","7":"product_cat-primera-comunio","8":"product_cat-primera-comunion","9":"product_cat-primera-comunion-1_espiritualidad-spa","11":"first","12":"instock","13":"taxable","14":"shipping-taxable","15":"purchasable","16":"product-type-simple"},"acf":{"autor":"RONDA, MAGELA","codart":"841937877","libros-coleccion":"B DE BLOK","ediciones":"1","encuadernacion":"Carton\u00e9","fecha_de_publicacion":"01\/03\/2023","novedad":"1","paginas":"98","subtitulo":"RECUERDOS, HISTORIAS Y ORACIONES PARA EL D\u00cdA M\u00c1S ESPECIAL","orden":"0","portada":"0","idioma":"spa","editorial":[{"ID":294535,"post_author":"3","post_date":"2022-12-12 12:50:10","post_date_gmt":"2022-12-12 11:50:10","post_content":"","post_title":"B de Blok","post_excerpt":"","post_status":"publish","comment_status":"closed","ping_status":"closed","post_password":"","post_name":"b-de-blok","to_ping":"","pinged":"","post_modified":"2022-12-12 12:50:10","post_modified_gmt":"2022-12-12 11:50:10","post_content_filtered":"","post_parent":0,"guid":"http:\/\/dev.claret.cat\/editorial\/b-de-blok\/","menu_order":0,"post_type":"editorial","post_mime_type":"","comment_count":"0","filter":"raw"}],"autores-libros":[{"ID":162991,"post_author":"3","post_date":"2022-10-14 17:35:26","post_date_gmt":"2022-10-14 15:35:26","post_content":"","post_title":"MAGELA RONDA","post_excerpt":"","post_status":"publish","comment_status":"closed","ping_status":"closed","post_password":"","post_name":"magela-ronda","to_ping":"","pinged":"","post_modified":"2022-10-14 17:35:26","post_modified_gmt":"2022-10-14 15:35:26","post_content_filtered":"","post_parent":0,"guid":"http:\/\/dev.claret.cat\/autor\/magela-ronda\/","menu_order":0,"post_type":"autor","post_mime_type":"","comment_count":"0","filter":"raw"}],"booktrailer":"","resenas":""},"aioseo_notices":[],"_links":{"self":[{"href":"https:\/\/www.claret.cat\/es\/wp-json\/wp\/v2\/product\/430357","targetHints":{"allow":["GET"]}}],"collection":[{"href":"https:\/\/www.claret.cat\/es\/wp-json\/wp\/v2\/product"}],"about":[{"href":"https:\/\/www.claret.cat\/es\/wp-json\/wp\/v2\/types\/product"}],"wp:featuredmedia":[{"embeddable":true,"href":"https:\/\/www.claret.cat\/es\/wp-json\/wp\/v2\/media\/430358"}],"wp:attachment":[{"href":"https:\/\/www.claret.cat\/es\/wp-json\/wp\/v2\/media?parent=430357"}],"wp:term":[{"taxonomy":"product_brand","embeddable":true,"href":"https:\/\/www.claret.cat\/es\/wp-json\/wp\/v2\/product_brand?post=430357"},{"taxonomy":"product_cat","embeddable":true,"href":"https:\/\/www.claret.cat\/es\/wp-json\/wp\/v2\/product_cat?post=430357"},{"taxonomy":"product_tag","embeddable":true,"href":"https:\/\/www.claret.cat\/es\/wp-json\/wp\/v2\/product_tag?post=430357"}],"curies":[{"name":"wp","href":"https:\/\/api.w.org\/{rel}","templated":true}]}}