{"id":430402,"date":"2023-05-18T14:57:07","date_gmt":"2023-05-18T12:57:07","guid":{"rendered":"https:\/\/www.claret.cat\/llibre\/la-copa-del-pacto-9788434691896\/"},"modified":"2024-09-03T16:26:43","modified_gmt":"2024-09-03T14:26:43","slug":"la-copa-del-pacto-9788434691896","status":"publish","type":"product","link":"https:\/\/www.claret.cat\/es\/libro\/la-copa-del-pacto-9788434691896\/","title":{"rendered":"LA COPA DEL PACTO"},"content":{"rendered":"<p>Aprendemos de la naturaleza, que la parte comestible del fruto no siempre se muestra visible, pues a menudo se halla envuelta por uno o m\u00e1s recubrimientos. A veces es solo una delgada piel, pero otras, se trata de una recia c\u00e1scara. Y esto es sin duda un elemento positivo, pues dichos envoltorios protegen la sabrosa pulpa de la acci\u00f3n de los insectos, de las aves o de la suciedad si el fruto cayese al suelo.<br \/>Llevando esto al terreno espiritual, vemos como \u201cla Cena del Se\u00f1or\u201d tampoco escapa a esta realidad. Al igual que tantas otras ense\u00f1anzas del Maestro, la \u201cSeud\u00e1 del Mes\u00edas\u201d fue cayendo tambi\u00e9n en la klip\u00e1 (c\u00e1scara) del sincretismo a medida que la cultura y el pensamiento occidental iba tomando dominio sobre el legado jud\u00edo de los ap\u00f3stoles.<br \/>Algunas denominaciones han elaborado sus rituales hasta extremos donde la Seud\u00e1 original es del todo irreconocible y hay quien, por el contrario, la han reducido a una simbolog\u00eda tan simplista que desviste a la ceremonia de su profundo sentido espiritual. Otros han orillado sus principales prop\u00f3sitos para enfatizar alg\u00fan aspecto secundario como la reconciliaci\u00f3n entre hermanos etc. Sea como fuere, todas estas acciones no solo desvirt\u00faan la \u201cpuesta en escena\u201d, sino que afectan a la misma esencia del mandamiento.<\/p>\n<p>Sin olvidar los aspectos formales de su celebraci\u00f3n, en el presente trabajo hemos querido ahondar en los secretos espirituales que subyacen tras la cena del Mes\u00edas, pues este mandamiento implica un servicio tan importante que incluso puede acelerar la Redenci\u00f3n y el establecimiento del Reino de los Cielos; pues quiz\u00e1s a lo largo del tiempo se hayan cargado los tintes \u00fanicamente sobre los aspectos expiatorios en detrimento de otras realidades espirituales igual de trascendentes.<br \/>Al final del libro le proponemos dos versiones de la Seud\u00e1 del Mes\u00edas, una para ser celebrada dentro del S\u00e9der de P\u00e9saj y otra con independencia de \u00e9ste.<br \/>Y ya sin m\u00e1s pre\u00e1mbulos le damos la bienvenida a una celebraci\u00f3n que sin duda elevar\u00e1 su alma hacia nuevos grados de amor y apego al Mes\u00edas. Le invitamos cordialmente a que retire con nosotros las \u201ccascaras\u201d que la han envuelto durante tanto tiempo para que pueda saborear la dulzura de su fruto.<\/p>\n","protected":false},"excerpt":{"rendered":"<p>ISAAC BENAOR<\/p>\n","protected":false},"featured_media":977782,"template":"","meta":{"_acf_changed":false,"om_disable_all_campaigns":false,"rs_blank_template":"","rs_page_bg_color":"","slide_template_v7":"","inline_featured_image":false,"_monsterinsights_skip_tracking":false,"_monsterinsights_sitenote_active":false,"_monsterinsights_sitenote_note":"","_monsterinsights_sitenote_category":0},"product_brand":[],"product_cat":[245,495],"product_tag":[],"class_list":{"0":"post-430402","1":"product","2":"type-product","3":"status-publish","4":"has-post-thumbnail","6":"product_cat-diversa","7":"product_cat-diversa-espiritualidad-1_espiritualidad","9":"first","10":"instock","11":"taxable","12":"shipping-taxable","13":"purchasable","14":"product-type-simple"},"acf":{"autor":"ISAAC BENAOR","codart":"843469189","libros-coleccion":"","ediciones":"1","encuadernacion":"R\u00fastica","fecha_de_publicacion":"14\/04\/2022","novedad":"0","paginas":"85","subtitulo":"UNA GU\u00cdA PARA LA CENA DEL MES\u00cdAS","orden":"0","portada":"0","idioma":"spa","editorial":[{"ID":977775,"post_author":"3","post_date":"2024-09-03 16:25:01","post_date_gmt":"2024-09-03 14:25:01","post_content":"","post_title":"ISAAC BENAOR","post_excerpt":"","post_status":"publish","comment_status":"closed","ping_status":"closed","post_password":"","post_name":"isaac-benaor","to_ping":"","pinged":"","post_modified":"2024-09-03 16:25:01","post_modified_gmt":"2024-09-03 14:25:01","post_content_filtered":"","post_parent":0,"guid":"https:\/\/www.claret.cat\/editorial\/isaac-benaor\/","menu_order":0,"post_type":"editorial","post_mime_type":"","comment_count":"0","filter":"raw"}],"autores-libros":[{"ID":273820,"post_author":"3","post_date":"2022-12-09 05:28:22","post_date_gmt":"2022-12-09 04:28:22","post_content":"","post_title":"ISAAC BENAOR","post_excerpt":"","post_status":"publish","comment_status":"closed","ping_status":"closed","post_password":"","post_name":"isaac-benaor","to_ping":"","pinged":"","post_modified":"2022-12-09 05:28:22","post_modified_gmt":"2022-12-09 04:28:22","post_content_filtered":"","post_parent":0,"guid":"http:\/\/dev.claret.cat\/autor\/isaac-benaor\/","menu_order":0,"post_type":"autor","post_mime_type":"","comment_count":"0","filter":"raw"}]},"aioseo_notices":[],"_links":{"self":[{"href":"https:\/\/www.claret.cat\/es\/wp-json\/wp\/v2\/product\/430402","targetHints":{"allow":["GET"]}}],"collection":[{"href":"https:\/\/www.claret.cat\/es\/wp-json\/wp\/v2\/product"}],"about":[{"href":"https:\/\/www.claret.cat\/es\/wp-json\/wp\/v2\/types\/product"}],"wp:featuredmedia":[{"embeddable":true,"href":"https:\/\/www.claret.cat\/es\/wp-json\/wp\/v2\/media\/977782"}],"wp:attachment":[{"href":"https:\/\/www.claret.cat\/es\/wp-json\/wp\/v2\/media?parent=430402"}],"wp:term":[{"taxonomy":"product_brand","embeddable":true,"href":"https:\/\/www.claret.cat\/es\/wp-json\/wp\/v2\/product_brand?post=430402"},{"taxonomy":"product_cat","embeddable":true,"href":"https:\/\/www.claret.cat\/es\/wp-json\/wp\/v2\/product_cat?post=430402"},{"taxonomy":"product_tag","embeddable":true,"href":"https:\/\/www.claret.cat\/es\/wp-json\/wp\/v2\/product_tag?post=430402"}],"curies":[{"name":"wp","href":"https:\/\/api.w.org\/{rel}","templated":true}]}}