{"id":430414,"date":"2023-05-18T14:57:44","date_gmt":"2023-05-18T12:57:44","guid":{"rendered":"https:\/\/www.claret.cat\/llibre\/cantoral-de-missa-dominical-amb-anotacio-musical-9788474679397\/"},"modified":"2026-04-02T12:05:12","modified_gmt":"2026-04-02T10:05:12","slug":"cantoral-de-missa-dominical-amb-anotacio-musical-9788474679397","status":"publish","type":"product","link":"https:\/\/www.claret.cat\/es\/libro\/cantoral-de-missa-dominical-amb-anotacio-musical-9788474679397\/","title":{"rendered":"CANTORAL DE MISSA DOMINICAL -AMB ANOTACIO MUSICAL."},"content":{"rendered":"<p>Enquadernaci\u00f3 tapa dura. Lletra i m\u00fasica de 400 cants de diversos autors en catal\u00e0 (o llat\u00ed), per a la missa dominical i altres celebracions. Cants de l&#8217;ordinari, himnes i c\u00e0ntics, respostes i aclamacions, salms, cants de comuni\u00f3, cants per als temps lit\u00fargics, cants de la Mare de D\u00e9u. Amb CD per a ordinador que permet visualitzar els acompanyaments, imprimir-los i sentir-los.<\/p>\n","protected":false},"excerpt":{"rendered":"<p>CENTRE DE PASTORAL LITURG<\/p>\n","protected":false},"featured_media":1006647,"template":"","meta":{"_acf_changed":false,"om_disable_all_campaigns":false,"rs_blank_template":"","rs_page_bg_color":"","slide_template_v7":"","inline_featured_image":false,"_monsterinsights_skip_tracking":false,"_monsterinsights_sitenote_active":false,"_monsterinsights_sitenote_note":"","_monsterinsights_sitenote_category":0},"product_brand":[],"product_cat":[80,346,78,344],"product_tag":[],"class_list":{"0":"post-430414","1":"product","2":"type-product","3":"status-publish","4":"has-post-thumbnail","6":"product_cat-liturgia","7":"product_cat-libros-liturgia","8":"product_cat-pastoral","9":"product_cat-pastoral-1_espiritualidad","11":"first","12":"instock","13":"taxable","14":"shipping-taxable","15":"purchasable","16":"product-type-simple"},"acf":{"autor":"CENTRE DE PASTORAL LITURG","codart":"847467939","libros-coleccion":"FORA DE COL.LECCI\u00d3","ediciones":"8","encuadernacion":"Tela","fecha_de_publicacion":"01\/01\/2004","novedad":"0","paginas":"512","subtitulo":"","orden":"999","portada":"0","idioma":"cat","editorial":[{"ID":6172,"post_author":"3","post_date":"2022-07-28 17:46:27","post_date_gmt":"2022-07-28 15:46:27","post_content":"","post_title":"CPL","post_excerpt":"","post_status":"publish","comment_status":"closed","ping_status":"closed","post_password":"","post_name":"cpl","to_ping":"","pinged":"","post_modified":"2022-07-28 17:46:27","post_modified_gmt":"2022-07-28 15:46:27","post_content_filtered":"","post_parent":0,"guid":"http:\/\/dev.claret.cat\/editorial\/cpl\/","menu_order":0,"post_type":"editorial","post_mime_type":"","comment_count":"0","filter":"raw"}],"autores-libros":[{"ID":319027,"post_author":"3","post_date":"2023-01-02 22:21:36","post_date_gmt":"2023-01-02 21:21:36","post_content":"","post_title":"CENTRE DE PASTORAL LITURG","post_excerpt":"","post_status":"publish","comment_status":"closed","ping_status":"closed","post_password":"","post_name":"centre-de-pastoral-liturg","to_ping":"","pinged":"","post_modified":"2023-01-02 22:21:36","post_modified_gmt":"2023-01-02 21:21:36","post_content_filtered":"","post_parent":0,"guid":"https:\/\/www.claret.cat\/autor\/centre-de-pastoral-liturg\/","menu_order":0,"post_type":"autor","post_mime_type":"","comment_count":"0","filter":"raw"}],"booktrailer":"","resenas":""},"aioseo_notices":[],"_links":{"self":[{"href":"https:\/\/www.claret.cat\/es\/wp-json\/wp\/v2\/product\/430414","targetHints":{"allow":["GET"]}}],"collection":[{"href":"https:\/\/www.claret.cat\/es\/wp-json\/wp\/v2\/product"}],"about":[{"href":"https:\/\/www.claret.cat\/es\/wp-json\/wp\/v2\/types\/product"}],"wp:featuredmedia":[{"embeddable":true,"href":"https:\/\/www.claret.cat\/es\/wp-json\/wp\/v2\/media\/1006647"}],"wp:attachment":[{"href":"https:\/\/www.claret.cat\/es\/wp-json\/wp\/v2\/media?parent=430414"}],"wp:term":[{"taxonomy":"product_brand","embeddable":true,"href":"https:\/\/www.claret.cat\/es\/wp-json\/wp\/v2\/product_brand?post=430414"},{"taxonomy":"product_cat","embeddable":true,"href":"https:\/\/www.claret.cat\/es\/wp-json\/wp\/v2\/product_cat?post=430414"},{"taxonomy":"product_tag","embeddable":true,"href":"https:\/\/www.claret.cat\/es\/wp-json\/wp\/v2\/product_tag?post=430414"}],"curies":[{"name":"wp","href":"https:\/\/api.w.org\/{rel}","templated":true}]}}