{"id":43044,"date":"2022-10-02T21:24:05","date_gmt":"2022-10-02T19:24:05","guid":{"rendered":"http:\/\/dev.claret.cat\/producte\/unicornita-hora-de-comer\/"},"modified":"2023-10-06T11:21:30","modified_gmt":"2023-10-06T09:21:30","slug":"unicornita-hora-de-comer-9788411012591","status":"publish","type":"product","link":"https:\/\/www.claret.cat\/es\/libro\/unicornita-hora-de-comer-9788411012591\/","title":{"rendered":"UNICORNITA HORA DE COMER"},"content":{"rendered":"<p>\u00a1Crece con Unicornita! Una colecci\u00f3n adorable, para ense\u00f1ar los primeros h\u00e1bitos a los m\u00e1s peque\u00f1os. Con tapas acolchadas y de un tama\u00f1o perfecto para las manos m\u00e1s peque\u00f1as, las historias de Unicornita, un personaje entra\u00f1able que les ayudar\u00e1 a dormirse m\u00e1s f\u00e1cilmente, a comer bien a lo largo del d\u00eda, a lavarse bien o les animar\u00e1 a utilizar el orinal.     Un t\u00edtulo para cada tema, \u00a1colecci\u00f3nalos todos!<\/p>\n","protected":false},"excerpt":{"rendered":"<p>AA.VV.<\/p>\n","protected":false},"featured_media":58989,"template":"","meta":{"_acf_changed":false,"om_disable_all_campaigns":false,"rs_blank_template":"","rs_page_bg_color":"","slide_template_v7":"","inline_featured_image":false,"_monsterinsights_skip_tracking":false,"_monsterinsights_sitenote_active":false,"_monsterinsights_sitenote_note":"","_monsterinsights_sitenote_category":0},"product_brand":[],"product_cat":[361],"product_tag":[],"class_list":{"0":"post-43044","1":"product","2":"type-product","3":"status-publish","4":"has-post-thumbnail","6":"product_cat-cuentos-para-ninos-0-6-anos","8":"first","9":"instock","10":"taxable","11":"shipping-taxable","12":"purchasable","13":"product-type-simple"},"acf":{"autor":"AA.VV.","codart":"841101259","libros-coleccion":"FORA DE COL.LECCI\u00d3","ediciones":"1","encuadernacion":"R\u00fastica","fecha_de_publicacion":"01\/01\/2022","novedad":"1","paginas":"14","subtitulo":"","orden":"0","portada":"0","idioma":"spa","autores-libros":[{"ID":5199,"post_author":"3","post_date":"2022-07-28 17:16:54","post_date_gmt":"2022-07-28 15:16:54","post_content":"","post_title":"AA.VV.","post_excerpt":"","post_status":"publish","comment_status":"closed","ping_status":"closed","post_password":"","post_name":"aa-vv-3","to_ping":"","pinged":"","post_modified":"2022-07-28 17:16:54","post_modified_gmt":"2022-07-28 15:16:54","post_content_filtered":"","post_parent":0,"guid":"http:\/\/dev.claret.cat\/autor\/aa-vv-3\/","menu_order":0,"post_type":"autor","post_mime_type":"","comment_count":"0","filter":"raw"}],"editorial":[{"ID":148636,"post_author":"3","post_date":"2022-10-14 11:59:48","post_date_gmt":"2022-10-14 09:59:48","post_content":"","post_title":"PANINI ESPA\u00d1A","post_excerpt":"","post_status":"publish","comment_status":"closed","ping_status":"closed","post_password":"","post_name":"panini-espana","to_ping":"","pinged":"","post_modified":"2022-10-14 11:59:48","post_modified_gmt":"2022-10-14 09:59:48","post_content_filtered":"","post_parent":0,"guid":"http:\/\/dev.claret.cat\/editorial\/panini-espana\/","menu_order":0,"post_type":"editorial","post_mime_type":"","comment_count":"0","filter":"raw"}]},"aioseo_notices":[],"_links":{"self":[{"href":"https:\/\/www.claret.cat\/es\/wp-json\/wp\/v2\/product\/43044","targetHints":{"allow":["GET"]}}],"collection":[{"href":"https:\/\/www.claret.cat\/es\/wp-json\/wp\/v2\/product"}],"about":[{"href":"https:\/\/www.claret.cat\/es\/wp-json\/wp\/v2\/types\/product"}],"wp:featuredmedia":[{"embeddable":true,"href":"https:\/\/www.claret.cat\/es\/wp-json\/wp\/v2\/media\/58989"}],"wp:attachment":[{"href":"https:\/\/www.claret.cat\/es\/wp-json\/wp\/v2\/media?parent=43044"}],"wp:term":[{"taxonomy":"product_brand","embeddable":true,"href":"https:\/\/www.claret.cat\/es\/wp-json\/wp\/v2\/product_brand?post=43044"},{"taxonomy":"product_cat","embeddable":true,"href":"https:\/\/www.claret.cat\/es\/wp-json\/wp\/v2\/product_cat?post=43044"},{"taxonomy":"product_tag","embeddable":true,"href":"https:\/\/www.claret.cat\/es\/wp-json\/wp\/v2\/product_tag?post=43044"}],"curies":[{"name":"wp","href":"https:\/\/api.w.org\/{rel}","templated":true}]}}