{"id":430453,"date":"2023-05-18T14:59:54","date_gmt":"2023-05-18T12:59:54","guid":{"rendered":"https:\/\/www.claret.cat\/llibre\/frescor-vegana-9788494990670\/"},"modified":"2025-02-01T00:58:20","modified_gmt":"2025-01-31T23:58:20","slug":"frescor-vegana-9788494990670","status":"publish","type":"product","link":"https:\/\/www.claret.cat\/es\/libro\/frescor-vegana-9788494990670\/","title":{"rendered":"FRESCOR VEGANA"},"content":{"rendered":"<p>A Frescor vegana hi trobar\u00e0s receptes de polos, sorbets, granissats, gelats i begudes refrescants lliures de gluten i de lactis, i que no contenen cap ingredient d&#8217;origen animal, ni greixos hidrogenats, conservants, additius, colorants o aromes sint\u00e8tiques; nom\u00e9s ingredients vegetals 100% naturals, ecol\u00f2gics, sostenibles i de f\u00e0cil digesti\u00f3 i assimilaci\u00f3.<\/p>\n","protected":false},"excerpt":{"rendered":"<p>LLARGU\u00c9S TRUYOLS, JOSEFINA<\/p>\n","protected":false},"featured_media":430454,"template":"","meta":{"_acf_changed":false,"om_disable_all_campaigns":false,"rs_blank_template":"","rs_page_bg_color":"","slide_template_v7":"","inline_featured_image":false,"_monsterinsights_skip_tracking":false,"_monsterinsights_sitenote_active":false,"_monsterinsights_sitenote_note":"","_monsterinsights_sitenote_category":0},"product_brand":[],"product_cat":[553,103],"product_tag":[],"class_list":{"0":"post-430453","1":"product","2":"type-product","3":"status-publish","4":"has-post-thumbnail","6":"product_cat-cocina","7":"product_cat-cuina","9":"first","10":"instock","11":"taxable","12":"shipping-taxable","13":"purchasable","14":"product-type-simple"},"acf":{"autor":"LLARGU\u00c9S TRUYOLS, JOSEFINA","codart":"849499067","libros-coleccion":"Milfulls","ediciones":"1","encuadernacion":"R\u00fastica","fecha_de_publicacion":"01\/05\/2019","novedad":"1","paginas":"216","subtitulo":"GELATS, SORBETS, GRANISSATS, BEGUDES I GLA\u00c7ONS SENSE LACTIS, NI GLUTEN, NI SUCRE","orden":"0","portada":"0","idioma":"cat","editorial":[{"ID":6392,"post_author":"3","post_date":"2022-07-28 17:51:10","post_date_gmt":"2022-07-28 15:51:10","post_content":"","post_title":"Viena","post_excerpt":"","post_status":"publish","comment_status":"closed","ping_status":"closed","post_password":"","post_name":"viena","to_ping":"","pinged":"","post_modified":"2022-07-28 17:51:10","post_modified_gmt":"2022-07-28 15:51:10","post_content_filtered":"","post_parent":0,"guid":"http:\/\/dev.claret.cat\/editorial\/viena\/","menu_order":0,"post_type":"editorial","post_mime_type":"","comment_count":"0","filter":"raw"}],"autores-libros":[{"ID":160608,"post_author":"3","post_date":"2022-10-14 15:54:27","post_date_gmt":"2022-10-14 13:54:27","post_content":"","post_title":"JOSEFINA LLARGU\u00c9S TRUYOLS","post_excerpt":"","post_status":"publish","comment_status":"closed","ping_status":"closed","post_password":"","post_name":"josefina-llargues-truyols","to_ping":"","pinged":"","post_modified":"2022-10-14 15:54:27","post_modified_gmt":"2022-10-14 13:54:27","post_content_filtered":"","post_parent":0,"guid":"http:\/\/dev.claret.cat\/autor\/josefina-llargues-truyols\/","menu_order":0,"post_type":"autor","post_mime_type":"","comment_count":"0","filter":"raw"}]},"aioseo_notices":[],"_links":{"self":[{"href":"https:\/\/www.claret.cat\/es\/wp-json\/wp\/v2\/product\/430453","targetHints":{"allow":["GET"]}}],"collection":[{"href":"https:\/\/www.claret.cat\/es\/wp-json\/wp\/v2\/product"}],"about":[{"href":"https:\/\/www.claret.cat\/es\/wp-json\/wp\/v2\/types\/product"}],"wp:featuredmedia":[{"embeddable":true,"href":"https:\/\/www.claret.cat\/es\/wp-json\/wp\/v2\/media\/430454"}],"wp:attachment":[{"href":"https:\/\/www.claret.cat\/es\/wp-json\/wp\/v2\/media?parent=430453"}],"wp:term":[{"taxonomy":"product_brand","embeddable":true,"href":"https:\/\/www.claret.cat\/es\/wp-json\/wp\/v2\/product_brand?post=430453"},{"taxonomy":"product_cat","embeddable":true,"href":"https:\/\/www.claret.cat\/es\/wp-json\/wp\/v2\/product_cat?post=430453"},{"taxonomy":"product_tag","embeddable":true,"href":"https:\/\/www.claret.cat\/es\/wp-json\/wp\/v2\/product_tag?post=430453"}],"curies":[{"name":"wp","href":"https:\/\/api.w.org\/{rel}","templated":true}]}}