{"id":430538,"date":"2023-05-18T15:06:25","date_gmt":"2023-05-18T13:06:25","guid":{"rendered":"https:\/\/www.claret.cat\/llibre\/dzogchen-9788495496218\/"},"modified":"2025-02-24T14:01:28","modified_gmt":"2025-02-24T13:01:28","slug":"dzogchen-9788495496218","status":"publish","type":"product","link":"https:\/\/www.claret.cat\/es\/libro\/dzogchen-9788495496218\/","title":{"rendered":"DZOGCHEN"},"content":{"rendered":"<p>El Dzogchen podr\u00eda definirse como conocimiento concreto del estado de la existencia, una clave que puede abrir la conciencia.<br \/>En su idea central se halla la noci\u00f3n de la verdadera naturaleza de cada ser individual: El estado primordial, libre del Karma y de los condicionamientos del dualismo. La iluminaci\u00f3n no es una condici\u00f3n superior que el hombre pueda alcanzar a trav\u00e9s de fatigosas meditaciones o actos virtuosos; consiste m\u00e1s bien en la comprensi\u00f3n de la dimensi\u00f3n natural del estado de autoperfecci\u00f3n, que se revela gracias al puro reconocimiento del propio estado.<\/p>\n","protected":false},"excerpt":{"rendered":"<p>NORBU, NAMKHAI<\/p>\n","protected":false},"featured_media":430539,"template":"","meta":{"_acf_changed":false,"om_disable_all_campaigns":false,"rs_blank_template":"","rs_page_bg_color":"","slide_template_v7":"","inline_featured_image":false,"_monsterinsights_skip_tracking":false,"_monsterinsights_sitenote_active":false,"_monsterinsights_sitenote_note":"","_monsterinsights_sitenote_category":0},"product_brand":[],"product_cat":[83,349],"product_tag":[],"class_list":{"0":"post-430538","1":"product","2":"type-product","3":"status-publish","4":"has-post-thumbnail","6":"product_cat-filosofia","7":"product_cat-filosofia-2_humanidades","9":"first","10":"instock","11":"taxable","12":"shipping-taxable","13":"purchasable","14":"product-type-simple"},"acf":{"autor":"NORBU, NAMKHAI","codart":"849549621","libros-coleccion":"SUSHI BOOKS","ediciones":"1","encuadernacion":"R\u00fastica","fecha_de_publicacion":"01\/10\/2002","novedad":"0","paginas":"144","subtitulo":"EL ESTADO DE AUTOPERFECCI\u00d3N","orden":"0","portada":"0","idioma":"spa","editorial":[{"ID":262226,"post_author":"3","post_date":"2022-10-24 11:21:35","post_date_gmt":"2022-10-24 09:21:35","post_content":"","post_title":"LA LLAVE, EDICIONES","post_excerpt":"","post_status":"publish","comment_status":"closed","ping_status":"closed","post_password":"","post_name":"la-llave-ediciones-2","to_ping":"","pinged":"","post_modified":"2022-10-24 11:21:35","post_modified_gmt":"2022-10-24 09:21:35","post_content_filtered":"","post_parent":0,"guid":"http:\/\/dev.claret.cat\/editorial\/la-llave-ediciones-2\/","menu_order":0,"post_type":"editorial","post_mime_type":"","comment_count":"0","filter":"raw"}],"autores-libros":[{"ID":426974,"post_author":"3","post_date":"2023-05-16 08:56:22","post_date_gmt":"2023-05-16 06:56:22","post_content":"","post_title":"NAMKHAI NORBU","post_excerpt":"","post_status":"publish","comment_status":"closed","ping_status":"closed","post_password":"","post_name":"namkhai-norbu","to_ping":"","pinged":"","post_modified":"2023-05-16 08:56:22","post_modified_gmt":"2023-05-16 06:56:22","post_content_filtered":"","post_parent":0,"guid":"https:\/\/www.claret.cat\/autor\/namkhai-norbu\/","menu_order":0,"post_type":"autor","post_mime_type":"","comment_count":"0","filter":"raw"}]},"aioseo_notices":[],"_links":{"self":[{"href":"https:\/\/www.claret.cat\/es\/wp-json\/wp\/v2\/product\/430538","targetHints":{"allow":["GET"]}}],"collection":[{"href":"https:\/\/www.claret.cat\/es\/wp-json\/wp\/v2\/product"}],"about":[{"href":"https:\/\/www.claret.cat\/es\/wp-json\/wp\/v2\/types\/product"}],"wp:featuredmedia":[{"embeddable":true,"href":"https:\/\/www.claret.cat\/es\/wp-json\/wp\/v2\/media\/430539"}],"wp:attachment":[{"href":"https:\/\/www.claret.cat\/es\/wp-json\/wp\/v2\/media?parent=430538"}],"wp:term":[{"taxonomy":"product_brand","embeddable":true,"href":"https:\/\/www.claret.cat\/es\/wp-json\/wp\/v2\/product_brand?post=430538"},{"taxonomy":"product_cat","embeddable":true,"href":"https:\/\/www.claret.cat\/es\/wp-json\/wp\/v2\/product_cat?post=430538"},{"taxonomy":"product_tag","embeddable":true,"href":"https:\/\/www.claret.cat\/es\/wp-json\/wp\/v2\/product_tag?post=430538"}],"curies":[{"name":"wp","href":"https:\/\/api.w.org\/{rel}","templated":true}]}}