{"id":430668,"date":"2023-05-18T15:14:28","date_gmt":"2023-05-18T13:14:28","guid":{"rendered":"https:\/\/www.claret.cat\/llibre\/100-maneras-de-cocinar-arroz-9788496177741\/"},"modified":"2023-05-18T15:14:33","modified_gmt":"2023-05-18T13:14:33","slug":"100-maneras-de-cocinar-arroz-9788496177741","status":"publish","type":"product","link":"https:\/\/www.claret.cat\/es\/libro\/100-maneras-de-cocinar-arroz-9788496177741\/","title":{"rendered":"100 MANERAS DE COCINAR ARROZ"},"content":{"rendered":"<p>El libro est\u00e1 ordenado en diez apartados. Comienza  con ensaladas, para dar paso a los tan de moda, sushis. Contin\u00faa con arroces caldosos y seguidamente nos encontramos con unos saludables arroces con verduras. El siguiente cap\u00edtulo, uno de los m\u00e1s extensos, es el dedicado al pescado y marisco. Tambi\u00e9n hay arroces con carne. No falta un cap\u00edtulo dedicado en exclusiva a la paella. Un apartado que sorprender\u00e1 a m\u00e1s de uno es el de los arroces del mundo, propuestas culinarias de los cuatro puntos cardinales. Siguiendo con recetas  con se\u00f1as de identidad nos encontramos con los risottos, una especialidad italiana que se adapta a todos los gustos. El libro finaliza con un punto dulce, el apartado de los arroces de postre. <\/p>\n<p>En la \u00faltima parte del libro encontramos informaci\u00f3n sobre las diferentes variedades de arroz, as\u00ed como algunos trucos que conviene saber a la hora de cocinar este popular alimento. <\/p>\n<p>Adem\u00e1s, para que todo resulte m\u00e1s f\u00e1cil, la mayor\u00eda de las recetas llevan un c\u00f3digo QR, que nos ofrece la posibilidad de ver como se cocina el plato de la mano del autor.<\/p>\n<p>En total 100 recetas con sus ingredientes, m\u00e9todo de elaboraci\u00f3n y sus respectivas fotos para que se te abra el apetito y te entregues plenamente a la tarea de cocinar este grano tan peque\u00f1o y tan grande a la vez.<\/p>\n","protected":false},"excerpt":{"rendered":"<p>AA.VV.<\/p>\n","protected":false},"featured_media":430669,"template":"","meta":{"_acf_changed":false,"om_disable_all_campaigns":false,"rs_blank_template":"","rs_page_bg_color":"","slide_template_v7":"","inline_featured_image":false,"_monsterinsights_skip_tracking":false,"_monsterinsights_sitenote_active":false,"_monsterinsights_sitenote_note":"","_monsterinsights_sitenote_category":0},"product_brand":[],"product_cat":[553,103],"product_tag":[],"class_list":{"0":"post-430668","1":"product","2":"type-product","3":"status-publish","4":"has-post-thumbnail","6":"product_cat-cocina","7":"product_cat-cuina","9":"first","10":"instock","11":"taxable","12":"shipping-taxable","13":"purchasable","14":"product-type-simple"},"acf":{"autor":"AA.VV.","codart":"849617774","libros-coleccion":"","ediciones":"1","encuadernacion":"R\u00fastica","fecha_de_publicacion":"01\/11\/2009","novedad":"0","paginas":"100","subtitulo":"","orden":"999","portada":"0","idioma":"spa","editorial":[{"ID":261850,"post_author":"3","post_date":"2022-10-24 11:16:39","post_date_gmt":"2022-10-24 09:16:39","post_content":"","post_title":"BAINET EDITORIAL S.A.","post_excerpt":"","post_status":"publish","comment_status":"closed","ping_status":"closed","post_password":"","post_name":"bainet-editorial-s-a","to_ping":"","pinged":"","post_modified":"2022-10-24 11:16:39","post_modified_gmt":"2022-10-24 09:16:39","post_content_filtered":"","post_parent":0,"guid":"http:\/\/dev.claret.cat\/editorial\/bainet-editorial-s-a\/","menu_order":0,"post_type":"editorial","post_mime_type":"","comment_count":"0","filter":"raw"}],"autores-libros":[{"ID":5199,"post_author":"3","post_date":"2022-07-28 17:16:54","post_date_gmt":"2022-07-28 15:16:54","post_content":"","post_title":"AA.VV.","post_excerpt":"","post_status":"publish","comment_status":"closed","ping_status":"closed","post_password":"","post_name":"aa-vv-3","to_ping":"","pinged":"","post_modified":"2022-07-28 17:16:54","post_modified_gmt":"2022-07-28 15:16:54","post_content_filtered":"","post_parent":0,"guid":"http:\/\/dev.claret.cat\/autor\/aa-vv-3\/","menu_order":0,"post_type":"autor","post_mime_type":"","comment_count":"0","filter":"raw"}]},"aioseo_notices":[],"_links":{"self":[{"href":"https:\/\/www.claret.cat\/es\/wp-json\/wp\/v2\/product\/430668","targetHints":{"allow":["GET"]}}],"collection":[{"href":"https:\/\/www.claret.cat\/es\/wp-json\/wp\/v2\/product"}],"about":[{"href":"https:\/\/www.claret.cat\/es\/wp-json\/wp\/v2\/types\/product"}],"wp:featuredmedia":[{"embeddable":true,"href":"https:\/\/www.claret.cat\/es\/wp-json\/wp\/v2\/media\/430669"}],"wp:attachment":[{"href":"https:\/\/www.claret.cat\/es\/wp-json\/wp\/v2\/media?parent=430668"}],"wp:term":[{"taxonomy":"product_brand","embeddable":true,"href":"https:\/\/www.claret.cat\/es\/wp-json\/wp\/v2\/product_brand?post=430668"},{"taxonomy":"product_cat","embeddable":true,"href":"https:\/\/www.claret.cat\/es\/wp-json\/wp\/v2\/product_cat?post=430668"},{"taxonomy":"product_tag","embeddable":true,"href":"https:\/\/www.claret.cat\/es\/wp-json\/wp\/v2\/product_tag?post=430668"}],"curies":[{"name":"wp","href":"https:\/\/api.w.org\/{rel}","templated":true}]}}