{"id":430722,"date":"2023-05-18T15:18:05","date_gmt":"2023-05-18T13:18:05","guid":{"rendered":"https:\/\/www.claret.cat\/llibre\/noche-fantastica-9788496489028\/"},"modified":"2023-05-18T15:18:11","modified_gmt":"2023-05-18T13:18:11","slug":"noche-fantastica-9788496489028","status":"publish","type":"product","link":"https:\/\/www.claret.cat\/es\/libro\/noche-fantastica-9788496489028\/","title":{"rendered":"NOCHE FANT\u00c1STICA"},"content":{"rendered":"<p>Noche fant\u00e1stica contiene siete relatos de Stefan Zweig. Una prostituta que por unos instantes revive su vida en la Viena de principios de siglo, un estudiante de medicina que descubre los enigmas de la existencia de manera dram\u00e1tica, la metamorfosis insospechada de un joven rico y aburrido o el destino de una peque\u00f1a ciudad jud\u00eda en medio de una Alemania en pleno invierno, son algunos de sus argumentos. Todos ellos nos confirman de nuevo la sorprendente habilidad narrativa de su autor por profundizar en los m\u00e1s hondos entresijos del alma humana. Una conmovedora soledad emotiva y la inevitable p\u00e9rdida de inocencia que de ella deriva, completan la evocaci\u00f3n de un mundo, tan irrecuperable como sorprendentemente actual, que Zweig describe con mano maestra.<\/p>\n","protected":false},"excerpt":{"rendered":"<p>ZWEIG, STEFAN<\/p>\n","protected":false},"featured_media":430723,"template":"","meta":{"_acf_changed":false,"om_disable_all_campaigns":false,"rs_blank_template":"","rs_page_bg_color":"","slide_template_v7":"","inline_featured_image":false,"_monsterinsights_skip_tracking":false,"_monsterinsights_sitenote_active":false,"_monsterinsights_sitenote_note":"","_monsterinsights_sitenote_category":0},"product_brand":[],"product_cat":[127,357],"product_tag":[],"class_list":{"0":"post-430722","1":"product","2":"type-product","3":"status-publish","4":"has-post-thumbnail","6":"product_cat-novella-contemporania","7":"product_cat-novela-contemporanea","9":"first","10":"instock","11":"taxable","12":"shipping-taxable","13":"purchasable","14":"product-type-simple"},"acf":{"autor":"ZWEIG, STEFAN","codart":"849648902","libros-coleccion":"Narrativa del Acantilado","ediciones":"1","encuadernacion":"R\u00fastica","fecha_de_publicacion":"01\/03\/2005","novedad":"0","paginas":"282","subtitulo":"","orden":"999","portada":"0","idioma":"spa","editorial":[{"ID":6111,"post_author":"3","post_date":"2022-07-28 17:45:08","post_date_gmt":"2022-07-28 15:45:08","post_content":"","post_title":"ACANTILADO","post_excerpt":"","post_status":"publish","comment_status":"closed","ping_status":"closed","post_password":"","post_name":"acantilado","to_ping":"","pinged":"","post_modified":"2022-07-28 17:45:08","post_modified_gmt":"2022-07-28 15:45:08","post_content_filtered":"","post_parent":0,"guid":"http:\/\/dev.claret.cat\/editorial\/acantilado\/","menu_order":0,"post_type":"editorial","post_mime_type":"","comment_count":"0","filter":"raw"}],"autores-libros":[{"ID":428807,"post_author":"3","post_date":"2023-05-16 09:34:52","post_date_gmt":"2023-05-16 07:34:52","post_content":"","post_title":"STEFAN  ZWEIG","post_excerpt":"","post_status":"publish","comment_status":"closed","ping_status":"closed","post_password":"","post_name":"stefan-zweig-3","to_ping":"","pinged":"","post_modified":"2023-05-16 09:34:52","post_modified_gmt":"2023-05-16 07:34:52","post_content_filtered":"","post_parent":0,"guid":"https:\/\/www.claret.cat\/autor\/stefan-zweig-3\/","menu_order":0,"post_type":"autor","post_mime_type":"","comment_count":"0","filter":"raw"}]},"aioseo_notices":[],"_links":{"self":[{"href":"https:\/\/www.claret.cat\/es\/wp-json\/wp\/v2\/product\/430722","targetHints":{"allow":["GET"]}}],"collection":[{"href":"https:\/\/www.claret.cat\/es\/wp-json\/wp\/v2\/product"}],"about":[{"href":"https:\/\/www.claret.cat\/es\/wp-json\/wp\/v2\/types\/product"}],"wp:featuredmedia":[{"embeddable":true,"href":"https:\/\/www.claret.cat\/es\/wp-json\/wp\/v2\/media\/430723"}],"wp:attachment":[{"href":"https:\/\/www.claret.cat\/es\/wp-json\/wp\/v2\/media?parent=430722"}],"wp:term":[{"taxonomy":"product_brand","embeddable":true,"href":"https:\/\/www.claret.cat\/es\/wp-json\/wp\/v2\/product_brand?post=430722"},{"taxonomy":"product_cat","embeddable":true,"href":"https:\/\/www.claret.cat\/es\/wp-json\/wp\/v2\/product_cat?post=430722"},{"taxonomy":"product_tag","embeddable":true,"href":"https:\/\/www.claret.cat\/es\/wp-json\/wp\/v2\/product_tag?post=430722"}],"curies":[{"name":"wp","href":"https:\/\/api.w.org\/{rel}","templated":true}]}}