{"id":430767,"date":"2023-05-18T15:20:48","date_gmt":"2023-05-18T13:20:48","guid":{"rendered":"https:\/\/www.claret.cat\/llibre\/pais-de-nieve-9788496580893\/"},"modified":"2023-05-18T15:20:56","modified_gmt":"2023-05-18T13:20:56","slug":"pais-de-nieve-9788496580893","status":"publish","type":"product","link":"https:\/\/www.claret.cat\/es\/libro\/pais-de-nieve-9788496580893\/","title":{"rendered":"PA\u00cdS DE NIEVE"},"content":{"rendered":"<p>Shimamura regresa al Pa\u00eds de nieve atra\u00eddo por la belleza de la estaci\u00f3n y el tradicional estilo de vida. Pero vuelve especialmente por Komako, una joven aprendiz de geisha que conoci\u00f3 en un viaje anterior. \u00c9l es un hombre rico, de mediana edad, que intenta escapar de un matrimonio sombr\u00edo y de su vida en Tokio. Ella, una bell\u00edsima mujer vulnerable a sus propias emociones, que madura ante los ojos de su amante. El amor apasionado que Shimamura despiera en Komako le plantea un dilema: incapaz de corresponderlo, pero a la vez fascinado por su intensidad, optar\u00e1 por repetir y prolongar su estad\u00eda en las termas aprovechando la distancia perfecta que le ofrece la relaci\u00f3n hu\u00e9sped-geisha. Un tercer personaje, la misteriosa Yoko, teje su destino al de la pareja, con el blanco de la nieve como trasfondo y presencia continua.<\/p>\n","protected":false},"excerpt":{"rendered":"<p>KAWABATA, YASUNARI<\/p>\n","protected":false},"featured_media":430768,"template":"","meta":{"_acf_changed":false,"om_disable_all_campaigns":false,"rs_blank_template":"","rs_page_bg_color":"","slide_template_v7":"","inline_featured_image":false,"_monsterinsights_skip_tracking":false,"_monsterinsights_sitenote_active":false,"_monsterinsights_sitenote_note":"","_monsterinsights_sitenote_category":0},"product_brand":[],"product_cat":[87,353],"product_tag":[],"class_list":{"0":"post-430767","1":"product","2":"type-product","3":"status-publish","4":"has-post-thumbnail","6":"product_cat-literatura","7":"product_cat-literatura-2_humanidades","9":"first","10":"instock","11":"taxable","12":"shipping-taxable","13":"purchasable","14":"product-type-simple"},"acf":{"autor":"KAWABATA, YASUNARI","codart":"849658089","libros-coleccion":"Narrativa","ediciones":"1","encuadernacion":"R\u00fastica","fecha_de_publicacion":"01\/11\/2013","novedad":"0","paginas":"176","subtitulo":"","orden":"0","portada":"0","idioma":"spa","editorial":[{"ID":147498,"post_author":"3","post_date":"2022-10-14 11:51:02","post_date_gmt":"2022-10-14 09:51:02","post_content":"","post_title":"Austral","post_excerpt":"","post_status":"publish","comment_status":"closed","ping_status":"closed","post_password":"","post_name":"austral","to_ping":"","pinged":"","post_modified":"2022-10-14 11:51:02","post_modified_gmt":"2022-10-14 09:51:02","post_content_filtered":"","post_parent":0,"guid":"http:\/\/dev.claret.cat\/editorial\/austral\/","menu_order":0,"post_type":"editorial","post_mime_type":"","comment_count":"0","filter":"raw"}],"autores-libros":[{"ID":429564,"post_author":"3","post_date":"2023-05-16 09:51:03","post_date_gmt":"2023-05-16 07:51:03","post_content":"","post_title":"YASUNARI KAWABATA","post_excerpt":"","post_status":"publish","comment_status":"closed","ping_status":"closed","post_password":"","post_name":"yasunari-kawabata","to_ping":"","pinged":"","post_modified":"2023-05-16 09:51:03","post_modified_gmt":"2023-05-16 07:51:03","post_content_filtered":"","post_parent":0,"guid":"https:\/\/www.claret.cat\/autor\/yasunari-kawabata\/","menu_order":0,"post_type":"autor","post_mime_type":"","comment_count":"0","filter":"raw"}]},"aioseo_notices":[],"_links":{"self":[{"href":"https:\/\/www.claret.cat\/es\/wp-json\/wp\/v2\/product\/430767","targetHints":{"allow":["GET"]}}],"collection":[{"href":"https:\/\/www.claret.cat\/es\/wp-json\/wp\/v2\/product"}],"about":[{"href":"https:\/\/www.claret.cat\/es\/wp-json\/wp\/v2\/types\/product"}],"wp:featuredmedia":[{"embeddable":true,"href":"https:\/\/www.claret.cat\/es\/wp-json\/wp\/v2\/media\/430768"}],"wp:attachment":[{"href":"https:\/\/www.claret.cat\/es\/wp-json\/wp\/v2\/media?parent=430767"}],"wp:term":[{"taxonomy":"product_brand","embeddable":true,"href":"https:\/\/www.claret.cat\/es\/wp-json\/wp\/v2\/product_brand?post=430767"},{"taxonomy":"product_cat","embeddable":true,"href":"https:\/\/www.claret.cat\/es\/wp-json\/wp\/v2\/product_cat?post=430767"},{"taxonomy":"product_tag","embeddable":true,"href":"https:\/\/www.claret.cat\/es\/wp-json\/wp\/v2\/product_tag?post=430767"}],"curies":[{"name":"wp","href":"https:\/\/api.w.org\/{rel}","templated":true}]}}