{"id":430833,"date":"2023-05-18T15:25:29","date_gmt":"2023-05-18T13:25:29","guid":{"rendered":"https:\/\/www.claret.cat\/llibre\/educar-en-positivo-9788496732322\/"},"modified":"2023-05-18T15:25:35","modified_gmt":"2023-05-18T13:25:35","slug":"educar-en-positivo-9788496732322","status":"publish","type":"product","link":"https:\/\/www.claret.cat\/es\/libro\/educar-en-positivo-9788496732322\/","title":{"rendered":"EDUCAR EN POSITIVO"},"content":{"rendered":"<p>Explica todo lo que hay que saber para interpretar el lenguaje de las emociones de nuestros hijos: el amigo imaginario, los sue\u00f1os, las pesadillas, las fantas\u00edas, los dibujos y los garabatos.<\/p>\n","protected":false},"excerpt":{"rendered":"<p>ROMO,EDURNE<\/p>\n","protected":false},"featured_media":430834,"template":"","meta":{"_acf_changed":false,"om_disable_all_campaigns":false,"rs_blank_template":"","rs_page_bg_color":"","slide_template_v7":"","inline_featured_image":false,"_monsterinsights_skip_tracking":false,"_monsterinsights_sitenote_active":false,"_monsterinsights_sitenote_note":"","_monsterinsights_sitenote_category":0},"product_brand":[],"product_cat":[100,550],"product_tag":[],"class_list":{"0":"post-430833","1":"product","2":"type-product","3":"status-publish","4":"has-post-thumbnail","6":"product_cat-escola-de-pares","7":"product_cat-escuela-de-padres-3_infantil-juvenil-spa-spa","9":"first","10":"instock","11":"taxable","12":"shipping-taxable","13":"purchasable","14":"product-type-simple"},"acf":{"autor":"ROMO,EDURNE","codart":"849673232","libros-coleccion":"GU\u00cdAS DE PSICOLOG\u00cdA DEL BEB\u00c9 Y DEL NI\u00d1O","ediciones":"1","encuadernacion":"Carpeta","fecha_de_publicacion":"01\/09\/2007","novedad":"1","paginas":"87","subtitulo":"","orden":"0","portada":"0","idioma":"spa","editorial":[{"ID":261848,"post_author":"3","post_date":"2022-10-24 11:16:37","post_date_gmt":"2022-10-24 09:16:37","post_content":"","post_title":"BABY MUSIC","post_excerpt":"","post_status":"publish","comment_status":"closed","ping_status":"closed","post_password":"","post_name":"baby-music","to_ping":"","pinged":"","post_modified":"2022-10-24 11:16:37","post_modified_gmt":"2022-10-24 09:16:37","post_content_filtered":"","post_parent":0,"guid":"http:\/\/dev.claret.cat\/editorial\/baby-music\/","menu_order":0,"post_type":"editorial","post_mime_type":"","comment_count":"0","filter":"raw"}],"autores-libros":[{"ID":407905,"post_author":"3","post_date":"2023-02-28 07:00:48","post_date_gmt":"2023-02-28 06:00:48","post_content":"","post_title":"EDURNE ROMO","post_excerpt":"","post_status":"publish","comment_status":"closed","ping_status":"closed","post_password":"","post_name":"edurne-romo","to_ping":"","pinged":"","post_modified":"2023-02-28 07:00:48","post_modified_gmt":"2023-02-28 06:00:48","post_content_filtered":"","post_parent":0,"guid":"https:\/\/www.claret.cat\/autor\/edurne-romo\/","menu_order":0,"post_type":"autor","post_mime_type":"","comment_count":"0","filter":"raw"}]},"aioseo_notices":[],"_links":{"self":[{"href":"https:\/\/www.claret.cat\/es\/wp-json\/wp\/v2\/product\/430833","targetHints":{"allow":["GET"]}}],"collection":[{"href":"https:\/\/www.claret.cat\/es\/wp-json\/wp\/v2\/product"}],"about":[{"href":"https:\/\/www.claret.cat\/es\/wp-json\/wp\/v2\/types\/product"}],"wp:featuredmedia":[{"embeddable":true,"href":"https:\/\/www.claret.cat\/es\/wp-json\/wp\/v2\/media\/430834"}],"wp:attachment":[{"href":"https:\/\/www.claret.cat\/es\/wp-json\/wp\/v2\/media?parent=430833"}],"wp:term":[{"taxonomy":"product_brand","embeddable":true,"href":"https:\/\/www.claret.cat\/es\/wp-json\/wp\/v2\/product_brand?post=430833"},{"taxonomy":"product_cat","embeddable":true,"href":"https:\/\/www.claret.cat\/es\/wp-json\/wp\/v2\/product_cat?post=430833"},{"taxonomy":"product_tag","embeddable":true,"href":"https:\/\/www.claret.cat\/es\/wp-json\/wp\/v2\/product_tag?post=430833"}],"curies":[{"name":"wp","href":"https:\/\/api.w.org\/{rel}","templated":true}]}}