{"id":430846,"date":"2023-05-18T15:26:11","date_gmt":"2023-05-18T13:26:11","guid":{"rendered":"https:\/\/www.claret.cat\/llibre\/la-veritat-sobre-el-cas-harry-quebert-9788496735859\/"},"modified":"2026-05-08T19:30:15","modified_gmt":"2026-05-08T17:30:15","slug":"la-veritat-sobre-el-cas-harry-quebert-9788496735859","status":"publish","type":"product","link":"https:\/\/www.claret.cat\/es\/libro\/la-veritat-sobre-el-cas-harry-quebert-9788496735859\/","title":{"rendered":"LA VERITAT SOBRE EL CAS HARRY QUEBERT"},"content":{"rendered":"<p>Som al 2008. En Marcus Goldman, l&#8217;estrella m\u00e9s jove de les lletres americanes, no aconsegueix escriure la seva segona novel?la. Per\u00f2 en plena crisi d&#8217;inspiraci\u00f3 li arriba la not\u00edcia: el seu amic i antic professor a la universitat, l&#8217;escriptor de culte Harry Quebert, \u00e9s acusat d&#8217;haver assassinat, fa molt de temps, una noia de 15 anys amb qui va mantenir en se\u00accret una relaci\u00f3 amorosa quan ell en tenia 34. <br \/> Malgrat els an\u00f2nims amena\u00e7adors que rep, en Marcus de\u00accideix investigar el cas fins al final. \u00bfQu\u00e8 va passar aquell estiu del 1975 a Nou Hampshire? \u00bfQui va matar la Nola Ke\u00acllergan? Descobrir-ho pot salvar la vida al seu amic Harry Quebert, i per a ell pot representar l&#8217;oportunitat d&#8217;escriure el llibre d&#8217;\u00e8xit que li reclamen. <\/p>\n<p> El su\u00eds Jo\u00ebl Dicker ha creat als 27 anys un m\u00f3n literari que recorda un cl\u00e0ssic americ\u00e0, tan ric i tan potent que ha deixat sorpresos lectors i cr\u00edtics. Fins avui ja ha aconseguit 750.000 lectors en franc\u00e8s, i s&#8217;est\u00e0 traduint a 33 idiomes. <\/p>\n<p> Gran Premi de Novel?la de l&#8217;Acad\u00e8mia Francesa <br \/> Premi Goncourt dels Instituts <br \/> Premi de la revista Lire <\/p>\n<p> \u00abSi fiqueu el nas en aquesta gran novel?la, heu begut oli: no podreu parar fins al final. Us sentireu manipulats, desorientats, al?lucinats i entusiasmats per un thriller amb moltes sorpreses i cops d&#8217;efecte.\u00bb <br \/> BERNARD PIVOT, Acad\u00e8mia Goncourt <\/p>\n<p> \u00abUn llibre que es llegeix sense interrupcions. El lector en <br \/> surt exultant pel raig d&#8217;adrenalina que l&#8217;autor li ha injectat.\u00bb <br \/> MARC FUMAROLI, Le Figaro Litt\u00e9raire <\/p>\n<p> \u00abUn llibre prodigi\u00f3s, de laboratori, que, amb molta ast\u00facia <br \/> i ironia, fusiona recursos de g\u00e8neres molt diferents. <br \/> De la s\u00e8rie Twin Peaks a John Grisham, Psicosi, L&#8217;exorcista <br \/> o el Nou Hampshire de John Irving.\u00bb <br \/> SERGI P\u00c0MIES, La Vanguardia<\/p>\n","protected":false},"excerpt":{"rendered":"<p>DICKER, JO\u00cbL<\/p>\n","protected":false},"featured_media":1098816,"template":"","meta":{"_acf_changed":false,"om_disable_all_campaigns":false,"rs_blank_template":"","rs_page_bg_color":"","slide_template_v7":"","inline_featured_image":false,"_monsterinsights_skip_tracking":false,"_monsterinsights_sitenote_active":false,"_monsterinsights_sitenote_note":"","_monsterinsights_sitenote_category":0},"product_brand":[],"product_cat":[90,540],"product_tag":[],"class_list":{"0":"post-430846","1":"product","2":"type-product","3":"status-publish","4":"has-post-thumbnail","6":"product_cat-altres","7":"product_cat-otros","9":"first","10":"instock","11":"taxable","12":"shipping-taxable","13":"purchasable","14":"product-type-simple"},"acf":{"autor":"DICKER, JO\u00cbL","codart":"849673585","libros-coleccion":"","ediciones":"1","encuadernacion":"R\u00fastica","fecha_de_publicacion":"01\/05\/2013","novedad":"0","paginas":"680","subtitulo":"","orden":"999","portada":"0","idioma":"cat","editorial":[{"ID":430845,"post_author":"3","post_date":"2023-05-18 15:26:09","post_date_gmt":"2023-05-18 13:26:09","post_content":"","post_title":"EDICION LA CAMPANA","post_excerpt":"","post_status":"publish","comment_status":"closed","ping_status":"closed","post_password":"","post_name":"edicion-la-campana","to_ping":"","pinged":"","post_modified":"2023-05-18 15:26:09","post_modified_gmt":"2023-05-18 13:26:09","post_content_filtered":"","post_parent":0,"guid":"https:\/\/www.claret.cat\/editorial\/edicion-la-campana\/","menu_order":0,"post_type":"editorial","post_mime_type":"","comment_count":"0","filter":"raw"}],"autores-libros":[{"ID":5606,"post_author":"3","post_date":"2022-07-28 17:27:36","post_date_gmt":"2022-07-28 15:27:36","post_content":"","post_title":"JO\u00cbL DICKER","post_excerpt":"","post_status":"publish","comment_status":"closed","ping_status":"closed","post_password":"","post_name":"joel-dicker","to_ping":"","pinged":"","post_modified":"2022-07-28 17:27:36","post_modified_gmt":"2022-07-28 15:27:36","post_content_filtered":"","post_parent":0,"guid":"http:\/\/dev.claret.cat\/autor\/joel-dicker\/","menu_order":0,"post_type":"autor","post_mime_type":"","comment_count":"0","filter":"raw"}],"booktrailer":"","resenas":""},"aioseo_notices":[],"_links":{"self":[{"href":"https:\/\/www.claret.cat\/es\/wp-json\/wp\/v2\/product\/430846","targetHints":{"allow":["GET"]}}],"collection":[{"href":"https:\/\/www.claret.cat\/es\/wp-json\/wp\/v2\/product"}],"about":[{"href":"https:\/\/www.claret.cat\/es\/wp-json\/wp\/v2\/types\/product"}],"wp:featuredmedia":[{"embeddable":true,"href":"https:\/\/www.claret.cat\/es\/wp-json\/wp\/v2\/media\/1098816"}],"wp:attachment":[{"href":"https:\/\/www.claret.cat\/es\/wp-json\/wp\/v2\/media?parent=430846"}],"wp:term":[{"taxonomy":"product_brand","embeddable":true,"href":"https:\/\/www.claret.cat\/es\/wp-json\/wp\/v2\/product_brand?post=430846"},{"taxonomy":"product_cat","embeddable":true,"href":"https:\/\/www.claret.cat\/es\/wp-json\/wp\/v2\/product_cat?post=430846"},{"taxonomy":"product_tag","embeddable":true,"href":"https:\/\/www.claret.cat\/es\/wp-json\/wp\/v2\/product_tag?post=430846"}],"curies":[{"name":"wp","href":"https:\/\/api.w.org\/{rel}","templated":true}]}}