{"id":430855,"date":"2023-05-18T15:26:41","date_gmt":"2023-05-18T13:26:41","guid":{"rendered":"https:\/\/www.claret.cat\/llibre\/magrada-llegir-9788496767133\/"},"modified":"2025-01-31T14:00:21","modified_gmt":"2025-01-31T13:00:21","slug":"magrada-llegir-9788496767133","status":"publish","type":"product","link":"https:\/\/www.claret.cat\/es\/libro\/magrada-llegir-9788496767133\/","title":{"rendered":"M&#8217;AGRADA LLEGIR"},"content":{"rendered":"<p>Joan Portell Rif\u00e0 \u00e9s pedagog, escriptor i cr\u00edtic literari. Montse Segarra \u00e9s mestra i logopeda. Teniu a les mans la primera guia per aconseguir que el vostre fill sigui un gran lector. A M&#8217;agrada llegir trobareu els consells m\u00e9s clars i efica\u00e7os perqu\u00e8 la lectura formi part de la vida quotidiana dels nens i ells sols puguin endinsar-se en el m\u00f3n m\u00e0gic dels llibres, perqu\u00e8 llegir \u00e9s, de ben segur, l&#8217;activitat m\u00e9s enriquidora per al seu desenvolupament i personal.<\/p>\n","protected":false},"excerpt":{"rendered":"<p>PORTELL, JOAN<\/p>\n","protected":false},"featured_media":430856,"template":"","meta":{"_acf_changed":false,"om_disable_all_campaigns":false,"rs_blank_template":"","rs_page_bg_color":"","slide_template_v7":"","inline_featured_image":false,"_monsterinsights_skip_tracking":false,"_monsterinsights_sitenote_active":false,"_monsterinsights_sitenote_note":"","_monsterinsights_sitenote_category":0},"product_brand":[],"product_cat":[100,550],"product_tag":[],"class_list":{"0":"post-430855","1":"product","2":"type-product","3":"status-publish","4":"has-post-thumbnail","6":"product_cat-escola-de-pares","7":"product_cat-escuela-de-padres-3_infantil-juvenil-spa-spa","9":"first","10":"instock","11":"taxable","12":"shipping-taxable","13":"purchasable","14":"product-type-simple"},"acf":{"autor":"PORTELL, JOAN","codart":"849676713","libros-coleccion":"","ediciones":"2","encuadernacion":"R\u00fastica","fecha_de_publicacion":"04\/03\/2016","novedad":"0","paginas":"157","subtitulo":"","orden":"999","portada":"0","idioma":"cat","editorial":[{"ID":147453,"post_author":"3","post_date":"2022-10-14 11:50:42","post_date_gmt":"2022-10-14 09:50:42","post_content":"","post_title":"ARA LLIBRES","post_excerpt":"","post_status":"publish","comment_status":"closed","ping_status":"closed","post_password":"","post_name":"ara-llibres","to_ping":"","pinged":"","post_modified":"2022-10-14 11:50:42","post_modified_gmt":"2022-10-14 09:50:42","post_content_filtered":"","post_parent":0,"guid":"http:\/\/dev.claret.cat\/editorial\/ara-llibres\/","menu_order":0,"post_type":"editorial","post_mime_type":"","comment_count":"0","filter":"raw"}],"autores-libros":[{"ID":159394,"post_author":"3","post_date":"2022-10-14 15:44:29","post_date_gmt":"2022-10-14 13:44:29","post_content":"","post_title":"JOAN PORTELL","post_excerpt":"","post_status":"publish","comment_status":"closed","ping_status":"closed","post_password":"","post_name":"joan-portell","to_ping":"","pinged":"","post_modified":"2022-10-14 15:44:29","post_modified_gmt":"2022-10-14 13:44:29","post_content_filtered":"","post_parent":0,"guid":"http:\/\/dev.claret.cat\/autor\/joan-portell\/","menu_order":0,"post_type":"autor","post_mime_type":"","comment_count":"0","filter":"raw"}]},"aioseo_notices":[],"_links":{"self":[{"href":"https:\/\/www.claret.cat\/es\/wp-json\/wp\/v2\/product\/430855","targetHints":{"allow":["GET"]}}],"collection":[{"href":"https:\/\/www.claret.cat\/es\/wp-json\/wp\/v2\/product"}],"about":[{"href":"https:\/\/www.claret.cat\/es\/wp-json\/wp\/v2\/types\/product"}],"wp:featuredmedia":[{"embeddable":true,"href":"https:\/\/www.claret.cat\/es\/wp-json\/wp\/v2\/media\/430856"}],"wp:attachment":[{"href":"https:\/\/www.claret.cat\/es\/wp-json\/wp\/v2\/media?parent=430855"}],"wp:term":[{"taxonomy":"product_brand","embeddable":true,"href":"https:\/\/www.claret.cat\/es\/wp-json\/wp\/v2\/product_brand?post=430855"},{"taxonomy":"product_cat","embeddable":true,"href":"https:\/\/www.claret.cat\/es\/wp-json\/wp\/v2\/product_cat?post=430855"},{"taxonomy":"product_tag","embeddable":true,"href":"https:\/\/www.claret.cat\/es\/wp-json\/wp\/v2\/product_tag?post=430855"}],"curies":[{"name":"wp","href":"https:\/\/api.w.org\/{rel}","templated":true}]}}