{"id":430889,"date":"2023-05-18T15:28:39","date_gmt":"2023-05-18T13:28:39","guid":{"rendered":"https:\/\/www.claret.cat\/llibre\/los-relatos-del-padre-brown-9788496834897\/"},"modified":"2023-05-18T15:28:45","modified_gmt":"2023-05-18T13:28:45","slug":"los-relatos-del-padre-brown-9788496834897","status":"publish","type":"product","link":"https:\/\/www.claret.cat\/es\/libro\/los-relatos-del-padre-brown-9788496834897\/","title":{"rendered":"LOS RELATOS DEL PADRE BROWN"},"content":{"rendered":"<p>Publicada entre 1910 y 1935, la saga del padre Brown es probablemente la obra m\u00e1s querida y personal de Chesterton. Si el relato policiaco es la expresi\u00f3n m\u00e1s temprana de la po\u00e9tica de la vida y la ciudad modernas, \u00bfqui\u00e9n mejor\u2014propone Chesterton, en una de sus brillantes paradojas\u2014que un sacerdote de la humilde vieja guardia para descifrarla? Surge as\u00ed uno de los m\u00e1s entra\u00f1ables personajes literarios. Armado con poco m\u00e1s que una sombrilla y el profundo conocimiento de lo humano adquirido en el confesionario, el regordete y despistado cura de Essex\u2014para quien desacreditar la raz\u00f3n es mala teolog\u00eda\u2014desentra\u00f1a cr\u00edmenes y misterios en los que la verdad elude tanto la fr\u00eda deducci\u00f3n como la cr\u00e9dula explicaci\u00f3n paranormal. Esta edici\u00f3n re\u00fane los cinco libros publicados por Chesterton, e incluye algunos relatos del padre Brown rescatados en fecha reciente y nunca antes publicados en espa\u00f1ol.<\/p>\n","protected":false},"excerpt":{"rendered":"<p>CHESTERTON, G.K.<\/p>\n","protected":false},"featured_media":430890,"template":"","meta":{"_acf_changed":false,"om_disable_all_campaigns":false,"rs_blank_template":"","rs_page_bg_color":"","slide_template_v7":"","inline_featured_image":false,"_monsterinsights_skip_tracking":false,"_monsterinsights_sitenote_active":false,"_monsterinsights_sitenote_note":"","_monsterinsights_sitenote_category":0},"product_brand":[],"product_cat":[90,540],"product_tag":[],"class_list":{"0":"post-430889","1":"product","2":"type-product","3":"status-publish","4":"has-post-thumbnail","6":"product_cat-altres","7":"product_cat-otros","9":"first","10":"instock","11":"taxable","12":"shipping-taxable","13":"purchasable","14":"product-type-simple"},"acf":{"autor":"CHESTERTON, G.K.","codart":"849683489","libros-coleccion":"","ediciones":"3","encuadernacion":"Carton\u00e9","fecha_de_publicacion":"30\/04\/2009","novedad":"0","paginas":"1171","subtitulo":"","orden":"999","portada":"0","idioma":"spa","editorial":[{"ID":6111,"post_author":"3","post_date":"2022-07-28 17:45:08","post_date_gmt":"2022-07-28 15:45:08","post_content":"","post_title":"ACANTILADO","post_excerpt":"","post_status":"publish","comment_status":"closed","ping_status":"closed","post_password":"","post_name":"acantilado","to_ping":"","pinged":"","post_modified":"2022-07-28 17:45:08","post_modified_gmt":"2022-07-28 15:45:08","post_content_filtered":"","post_parent":0,"guid":"http:\/\/dev.claret.cat\/editorial\/acantilado\/","menu_order":0,"post_type":"editorial","post_mime_type":"","comment_count":"0","filter":"raw"}],"autores-libros":[{"ID":5501,"post_author":"3","post_date":"2022-07-28 17:25:20","post_date_gmt":"2022-07-28 15:25:20","post_content":"","post_title":"G.K. CHESTERTON","post_excerpt":"","post_status":"publish","comment_status":"closed","ping_status":"closed","post_password":"","post_name":"g-k-chesterton","to_ping":"","pinged":"","post_modified":"2022-07-28 17:25:20","post_modified_gmt":"2022-07-28 15:25:20","post_content_filtered":"","post_parent":0,"guid":"http:\/\/dev.claret.cat\/autor\/g-k-chesterton\/","menu_order":0,"post_type":"autor","post_mime_type":"","comment_count":"0","filter":"raw"}]},"aioseo_notices":[],"_links":{"self":[{"href":"https:\/\/www.claret.cat\/es\/wp-json\/wp\/v2\/product\/430889","targetHints":{"allow":["GET"]}}],"collection":[{"href":"https:\/\/www.claret.cat\/es\/wp-json\/wp\/v2\/product"}],"about":[{"href":"https:\/\/www.claret.cat\/es\/wp-json\/wp\/v2\/types\/product"}],"wp:featuredmedia":[{"embeddable":true,"href":"https:\/\/www.claret.cat\/es\/wp-json\/wp\/v2\/media\/430890"}],"wp:attachment":[{"href":"https:\/\/www.claret.cat\/es\/wp-json\/wp\/v2\/media?parent=430889"}],"wp:term":[{"taxonomy":"product_brand","embeddable":true,"href":"https:\/\/www.claret.cat\/es\/wp-json\/wp\/v2\/product_brand?post=430889"},{"taxonomy":"product_cat","embeddable":true,"href":"https:\/\/www.claret.cat\/es\/wp-json\/wp\/v2\/product_cat?post=430889"},{"taxonomy":"product_tag","embeddable":true,"href":"https:\/\/www.claret.cat\/es\/wp-json\/wp\/v2\/product_tag?post=430889"}],"curies":[{"name":"wp","href":"https:\/\/api.w.org\/{rel}","templated":true}]}}