{"id":430895,"date":"2023-05-18T15:28:59","date_gmt":"2023-05-18T13:28:59","guid":{"rendered":"https:\/\/www.claret.cat\/llibre\/apologia-pro-vita-sua-9788496836471\/"},"modified":"2023-05-18T15:29:05","modified_gmt":"2023-05-18T13:29:05","slug":"apologia-pro-vita-sua-9788496836471","status":"publish","type":"product","link":"https:\/\/www.claret.cat\/es\/libro\/apologia-pro-vita-sua-9788496836471\/","title":{"rendered":"APOLOGIA PRO VITA SUA"},"content":{"rendered":"<p>Con esta re-edici\u00f3n de la autobiograf\u00eda de Newman, Ciudadela Libros estrena una nueva colecci\u00f3n de tem\u00e1tica religiosa; El Buey Mudo, en la que tendr\u00e1n cabida desde cl\u00e1sicos olvidados y vanguardia teol\u00f3gica a in\u00e9ditos imprescindibles.<br \/>En 1864, John Henry Newman, para defenderse de las acusaciones de insinceridad que el polemista Charles Kingley present\u00f3 contra \u00e9l, decidi\u00f3 escribir el relato de su vida. De esta anecd\u00f3tica controversia surgi\u00f3 una de las autobiograf\u00edas m\u00e1s personales, \u00edntimas e influyentes de la literatura occidental: Apologia pro vita sua. La tem\u00e1tica es la conversi\u00f3n de Newman del anglicanismo a la Iglesia Cat\u00f3lica; una historia que versa sobre el valor de nuestras propias elecciones.<br \/>Apologia pro vita sua es el testimonio de c\u00f3mo una batalla personal librada en el terreno de la religi\u00f3n y del dogma teol\u00f3gico puede resultar tan apasionante como llena de significado. Newman, con intensidad y elocuencia \u00fanicas, va exponiendo los conflictos y cambios en los que forj\u00f3 su existencia: sus comienzos como pensador liberal, su conversi\u00f3n a la iglesia de Inglaterra, su ordenaci\u00f3n como cl\u00e9rigo anglicano, su gradual movimiento hacia el pensamiento cat\u00f3lico, su liderazgo del Movimiento de Oxford, su llamamiento a la santidad y a la catolicidad de la iglesia de Inglaterra para concluir en su vuelta al hogar de Roma .<br \/>Pero, aparte de las poderosas razones espirituales, hay un motivo secular para leer, o re-leer, la Apologia: su maestr\u00eda literaria. Newman fue un escritor excepcional. Su prosa es un ejemplo estelar de la mejor literatura victoriana.<br \/>Desde las Confesiones de San Agust\u00edn, publicadas 1600 a\u00f1os antes, pocas autobiograf\u00edas han tenido la relevancia de esta obra de Newman. Apolog\u00eda pro vita sua servir\u00e1 de inspiraci\u00f3n para todas las personas de fe y de gu\u00eda para todos los que vivan un peregrinaje espiritual.<\/p>\n","protected":false},"excerpt":{"rendered":"<p>NEWMAN, JOHN HENRY<\/p>\n","protected":false},"featured_media":430896,"template":"","meta":{"_acf_changed":false,"om_disable_all_campaigns":false,"rs_blank_template":"","rs_page_bg_color":"","slide_template_v7":"","inline_featured_image":false,"_monsterinsights_skip_tracking":false,"_monsterinsights_sitenote_active":false,"_monsterinsights_sitenote_note":"","_monsterinsights_sitenote_category":0},"product_brand":[],"product_cat":[90,540],"product_tag":[],"class_list":{"0":"post-430895","1":"product","2":"type-product","3":"status-publish","4":"has-post-thumbnail","6":"product_cat-altres","7":"product_cat-otros","9":"first","10":"instock","11":"taxable","12":"shipping-taxable","13":"purchasable","14":"product-type-simple"},"acf":{"autor":"NEWMAN, JOHN HENRY","codart":"849683647","libros-coleccion":"","ediciones":"1","encuadernacion":"R\u00fastica","fecha_de_publicacion":"17\/02\/2009","novedad":"0","paginas":"348","subtitulo":"HISTORIA DE MIS IDEAS RELIGIOSAS\/PRESENTACION DE JOSEPH RATZINGER","orden":"999","portada":"0","idioma":"spa","editorial":[{"ID":147633,"post_author":"3","post_date":"2022-10-14 11:52:04","post_date_gmt":"2022-10-14 09:52:04","post_content":"","post_title":"CIUDADELA LIBROS S.L.","post_excerpt":"","post_status":"publish","comment_status":"closed","ping_status":"closed","post_password":"","post_name":"ciudadela-libros-s-l","to_ping":"","pinged":"","post_modified":"2022-10-14 11:52:04","post_modified_gmt":"2022-10-14 09:52:04","post_content_filtered":"","post_parent":0,"guid":"http:\/\/dev.claret.cat\/editorial\/ciudadela-libros-s-l\/","menu_order":0,"post_type":"editorial","post_mime_type":"","comment_count":"0","filter":"raw"}],"autores-libros":[{"ID":5613,"post_author":"3","post_date":"2022-07-28 17:27:45","post_date_gmt":"2022-07-28 15:27:45","post_content":"<strong>John Henry Newman<\/strong> (Londres 1801 - Birmingham 1890) \u00e9s sens dubte un dels pensadors cristians que m\u00e9s han influ\u00eft en el m\u00f3n anglosax\u00f3. Va ser ordenat sacerdot anglic\u00e0 en 1825 en Oxford, i durant els anys seg\u00fcents va ser un dels principals impulsors del Moviment d'Oxford. En 1842 es va retirar a Santa Maria en Littlemore, on va viure sota condicons mon\u00e0stiques de gran austeritat. Mentre, escrivia el seu Assaig sobre el desenvolupament de la doctrina cristiana, la qual cosa el va reconciliar amb el credo i la pr\u00e0ctica de l'Esgl\u00e9sia Cat\u00f2lica Romana. En 1845 es va convertir al catolicisme i va ser ordenat sacerdot cat\u00f2lic en 1847. Als 78 anys d'edat, en 1879, va ser nomenat cardenal pel papa Le\u00f3n XIII. Considerat per molts com un dels inspiradors del Concili Vatic\u00e0 II, en 1991 va ser declarat Venerable pel papa Juan Pablo II, i actualment est\u00e0 en proc\u00e9s la causa per a la seva beatificaci\u00f3 i canonitzaci\u00f3.","post_title":"JOHN HENRY NEWMAN","post_excerpt":"","post_status":"publish","comment_status":"closed","ping_status":"closed","post_password":"","post_name":"john-henry-newman","to_ping":"","pinged":"","post_modified":"2022-07-29 13:13:08","post_modified_gmt":"2022-07-29 11:13:08","post_content_filtered":"","post_parent":0,"guid":"http:\/\/dev.claret.cat\/autor\/john-henry-newman\/","menu_order":0,"post_type":"autor","post_mime_type":"","comment_count":"0","filter":"raw"}]},"aioseo_notices":[],"_links":{"self":[{"href":"https:\/\/www.claret.cat\/es\/wp-json\/wp\/v2\/product\/430895","targetHints":{"allow":["GET"]}}],"collection":[{"href":"https:\/\/www.claret.cat\/es\/wp-json\/wp\/v2\/product"}],"about":[{"href":"https:\/\/www.claret.cat\/es\/wp-json\/wp\/v2\/types\/product"}],"wp:featuredmedia":[{"embeddable":true,"href":"https:\/\/www.claret.cat\/es\/wp-json\/wp\/v2\/media\/430896"}],"wp:attachment":[{"href":"https:\/\/www.claret.cat\/es\/wp-json\/wp\/v2\/media?parent=430895"}],"wp:term":[{"taxonomy":"product_brand","embeddable":true,"href":"https:\/\/www.claret.cat\/es\/wp-json\/wp\/v2\/product_brand?post=430895"},{"taxonomy":"product_cat","embeddable":true,"href":"https:\/\/www.claret.cat\/es\/wp-json\/wp\/v2\/product_cat?post=430895"},{"taxonomy":"product_tag","embeddable":true,"href":"https:\/\/www.claret.cat\/es\/wp-json\/wp\/v2\/product_tag?post=430895"}],"curies":[{"name":"wp","href":"https:\/\/api.w.org\/{rel}","templated":true}]}}