{"id":430928,"date":"2023-05-18T15:31:02","date_gmt":"2023-05-18T13:31:02","guid":{"rendered":"https:\/\/www.claret.cat\/llibre\/el-viatge-a-la-felicitat-les-noves-claus-cientifiques-9788496863293\/"},"modified":"2024-01-31T17:37:45","modified_gmt":"2024-01-31T16:37:45","slug":"el-viatge-a-la-felicitat-les-noves-claus-cientifiques-9788496863293","status":"publish","type":"product","link":"https:\/\/www.claret.cat\/es\/libro\/el-viatge-a-la-felicitat-les-noves-claus-cientifiques-9788496863293\/","title":{"rendered":"EL VIATGE A LA FELICITAT LES NOVES CLAUS CIENT\u00cdFIQUES"},"content":{"rendered":"<p>La recerca de la felicitat \u00e9s una de les grans aventures humanes dels nostres temps, i amb la prolongaci\u00f3 de l&#8217;esperan\u00e7a de vida que s&#8217;ha obtingut gr\u00e0cies a la ci\u00e8ncia, i que fa poc m\u00e9s d&#8217;un segle tot just s&#8217;estirava per aprendre a sobreviure i reproduir-se, es plantegen noves q\u00fcestions. Per primera vegada, la humanitat t\u00e9 futur i es planteja com ser feli\u00e7 ara i aqu\u00ed. Ara la comunitat cient\u00edfica intenta, per primera vegada, il\u00b7luminar el cam\u00ed.El viatge a la felicitat \u00e9s una aproximaci\u00f3 l\u00facida i apassionant a la felicitat i els seus condicionants: les emocions, l&#8217;estr\u00e8s, els fluxos hormonals, l&#8217;envelliment, els factors socials, econ\u00f2mics, culturals, religiosos&#8230; Una indagaci\u00f3 que ens revela els descobriments cient\u00edfics m\u00e9s recents i ens proposa, en el darrer cap\u00edtol, la f\u00f2rmula per ser feli\u00e7os.<\/p>\n","protected":false},"excerpt":{"rendered":"<p>PUNSET, EDUARD<\/p>\n","protected":false},"featured_media":430929,"template":"","meta":{"_acf_changed":false,"om_disable_all_campaigns":false,"rs_blank_template":"","rs_page_bg_color":"","slide_template_v7":"","inline_featured_image":false,"_monsterinsights_skip_tracking":false,"_monsterinsights_sitenote_active":false,"_monsterinsights_sitenote_note":"","_monsterinsights_sitenote_category":0},"product_brand":[],"product_cat":[90,540],"product_tag":[],"class_list":{"0":"post-430928","1":"product","2":"type-product","3":"status-publish","4":"has-post-thumbnail","6":"product_cat-altres","7":"product_cat-otros","9":"first","10":"instock","11":"taxable","12":"shipping-taxable","13":"purchasable","14":"product-type-simple"},"acf":{"autor":"PUNSET, EDUARD","codart":"849686329","libros-coleccion":"","ediciones":"1","encuadernacion":"R\u00fastica","fecha_de_publicacion":"20\/01\/2009","novedad":"0","paginas":"271","subtitulo":"","orden":"999","portada":"0","idioma":"cat","editorial":[{"ID":147645,"post_author":"3","post_date":"2022-10-14 11:52:09","post_date_gmt":"2022-10-14 09:52:09","post_content":"","post_title":"COLUMNA EDICIONS","post_excerpt":"","post_status":"publish","comment_status":"closed","ping_status":"closed","post_password":"","post_name":"columna-edicions-2","to_ping":"","pinged":"","post_modified":"2022-10-14 11:52:09","post_modified_gmt":"2022-10-14 09:52:09","post_content_filtered":"","post_parent":0,"guid":"http:\/\/dev.claret.cat\/editorial\/columna-edicions-2\/","menu_order":0,"post_type":"editorial","post_mime_type":"","comment_count":"0","filter":"raw"}],"autores-libros":[{"ID":422059,"post_author":"3","post_date":"2023-05-16 07:11:06","post_date_gmt":"2023-05-16 05:11:06","post_content":"","post_title":"EDUARD PUNSET","post_excerpt":"","post_status":"publish","comment_status":"closed","ping_status":"closed","post_password":"","post_name":"eduard-punset-2","to_ping":"","pinged":"","post_modified":"2023-05-16 07:11:06","post_modified_gmt":"2023-05-16 05:11:06","post_content_filtered":"","post_parent":0,"guid":"https:\/\/www.claret.cat\/autor\/eduard-punset-2\/","menu_order":0,"post_type":"autor","post_mime_type":"","comment_count":"0","filter":"raw"}]},"aioseo_notices":[],"_links":{"self":[{"href":"https:\/\/www.claret.cat\/es\/wp-json\/wp\/v2\/product\/430928","targetHints":{"allow":["GET"]}}],"collection":[{"href":"https:\/\/www.claret.cat\/es\/wp-json\/wp\/v2\/product"}],"about":[{"href":"https:\/\/www.claret.cat\/es\/wp-json\/wp\/v2\/types\/product"}],"wp:featuredmedia":[{"embeddable":true,"href":"https:\/\/www.claret.cat\/es\/wp-json\/wp\/v2\/media\/430929"}],"wp:attachment":[{"href":"https:\/\/www.claret.cat\/es\/wp-json\/wp\/v2\/media?parent=430928"}],"wp:term":[{"taxonomy":"product_brand","embeddable":true,"href":"https:\/\/www.claret.cat\/es\/wp-json\/wp\/v2\/product_brand?post=430928"},{"taxonomy":"product_cat","embeddable":true,"href":"https:\/\/www.claret.cat\/es\/wp-json\/wp\/v2\/product_cat?post=430928"},{"taxonomy":"product_tag","embeddable":true,"href":"https:\/\/www.claret.cat\/es\/wp-json\/wp\/v2\/product_tag?post=430928"}],"curies":[{"name":"wp","href":"https:\/\/api.w.org\/{rel}","templated":true}]}}