{"id":430947,"date":"2023-05-18T15:32:14","date_gmt":"2023-05-18T13:32:14","guid":{"rendered":"https:\/\/www.claret.cat\/llibre\/cims-borrascosos-9788496863583\/"},"modified":"2024-01-31T18:15:12","modified_gmt":"2024-01-31T17:15:12","slug":"cims-borrascosos-9788496863583","status":"publish","type":"product","link":"https:\/\/www.claret.cat\/es\/libro\/cims-borrascosos-9788496863583\/","title":{"rendered":"CIMS BORRASCOSOS"},"content":{"rendered":"<p>Cims borrascosos, una de les grans novel\u00b7les del segle XIX angl\u00e8s, narra la hist\u00f2ria d&#8221;amor t\u00e8rbola i apassionada entre Heathcliff i Catherine. Amargat i pertorbat per un passat que no \u00e9s capa\u00e7 d&#8221;oblidar, Heathcliff malviu per la seva set de venjan\u00e7a i provoca la infelicitat de tots els que l&#8221;envolten. L&#8221;obra presenta, en un ambient misteri\u00f3s i tr\u00e0gic, l&#8221;esclat d&#8221;una passi\u00f3 violenta, per\u00f2 buida de sensualitat. El clima de puritanisme i la ingenu\u00eftat en la visi\u00f3 d&#8221;alguns personatges fan encara m\u00e9s remarcable la intel\u00b7ligent concepci\u00f3 de la narraci\u00f3, efectiva i potent, que ha fet que sigui considerada una de les millors novel\u00b7les de tots els temps.<\/p>\n","protected":false},"excerpt":{"rendered":"<p>BRONT\u00cb, EMILY<\/p>\n","protected":false},"featured_media":430948,"template":"","meta":{"_acf_changed":false,"om_disable_all_campaigns":false,"rs_blank_template":"","rs_page_bg_color":"","slide_template_v7":"","inline_featured_image":false,"_monsterinsights_skip_tracking":false,"_monsterinsights_sitenote_active":false,"_monsterinsights_sitenote_note":"","_monsterinsights_sitenote_category":0},"product_brand":[],"product_cat":[87,353],"product_tag":[],"class_list":{"0":"post-430947","1":"product","2":"type-product","3":"status-publish","4":"has-post-thumbnail","6":"product_cat-literatura","7":"product_cat-literatura-2_humanidades","9":"first","10":"instock","11":"taxable","12":"shipping-taxable","13":"purchasable","14":"product-type-simple"},"acf":{"autor":"BRONT\u00cb, EMILY","codart":"849686358","libros-coleccion":"","ediciones":"1","encuadernacion":"R\u00fastica","fecha_de_publicacion":"01\/05\/2008","novedad":"0","paginas":"392","subtitulo":"","orden":"999","portada":"0","idioma":"cat","editorial":[{"ID":6281,"post_author":"3","post_date":"2022-07-28 17:48:50","post_date_gmt":"2022-07-28 15:48:50","post_content":"","post_title":"LABUTXACA","post_excerpt":"","post_status":"publish","comment_status":"closed","ping_status":"closed","post_password":"","post_name":"labutxaca","to_ping":"","pinged":"","post_modified":"2022-07-28 17:48:50","post_modified_gmt":"2022-07-28 15:48:50","post_content_filtered":"","post_parent":0,"guid":"http:\/\/dev.claret.cat\/editorial\/labutxaca\/","menu_order":0,"post_type":"editorial","post_mime_type":"","comment_count":"0","filter":"raw"}],"autores-libros":[{"ID":155005,"post_author":"3","post_date":"2022-10-14 15:09:24","post_date_gmt":"2022-10-14 13:09:24","post_content":"","post_title":"EMILY BRONTE","post_excerpt":"","post_status":"publish","comment_status":"closed","ping_status":"closed","post_password":"","post_name":"emily-bronte","to_ping":"","pinged":"","post_modified":"2022-10-14 15:09:24","post_modified_gmt":"2022-10-14 13:09:24","post_content_filtered":"","post_parent":0,"guid":"http:\/\/dev.claret.cat\/autor\/emily-bronte\/","menu_order":0,"post_type":"autor","post_mime_type":"","comment_count":"0","filter":"raw"}]},"aioseo_notices":[],"_links":{"self":[{"href":"https:\/\/www.claret.cat\/es\/wp-json\/wp\/v2\/product\/430947","targetHints":{"allow":["GET"]}}],"collection":[{"href":"https:\/\/www.claret.cat\/es\/wp-json\/wp\/v2\/product"}],"about":[{"href":"https:\/\/www.claret.cat\/es\/wp-json\/wp\/v2\/types\/product"}],"wp:featuredmedia":[{"embeddable":true,"href":"https:\/\/www.claret.cat\/es\/wp-json\/wp\/v2\/media\/430948"}],"wp:attachment":[{"href":"https:\/\/www.claret.cat\/es\/wp-json\/wp\/v2\/media?parent=430947"}],"wp:term":[{"taxonomy":"product_brand","embeddable":true,"href":"https:\/\/www.claret.cat\/es\/wp-json\/wp\/v2\/product_brand?post=430947"},{"taxonomy":"product_cat","embeddable":true,"href":"https:\/\/www.claret.cat\/es\/wp-json\/wp\/v2\/product_cat?post=430947"},{"taxonomy":"product_tag","embeddable":true,"href":"https:\/\/www.claret.cat\/es\/wp-json\/wp\/v2\/product_tag?post=430947"}],"curies":[{"name":"wp","href":"https:\/\/api.w.org\/{rel}","templated":true}]}}