{"id":431019,"date":"2023-05-18T15:36:43","date_gmt":"2023-05-18T13:36:43","guid":{"rendered":"https:\/\/www.claret.cat\/llibre\/el-libro-de-las-princesas-9788496947856\/"},"modified":"2023-05-18T15:36:49","modified_gmt":"2023-05-18T13:36:49","slug":"el-libro-de-las-princesas-9788496947856","status":"publish","type":"product","link":"https:\/\/www.claret.cat\/es\/libro\/el-libro-de-las-princesas-9788496947856\/","title":{"rendered":"EL LIBRO DE LAS PRINCESAS"},"content":{"rendered":"<p>Despu\u00e9s de los exitosos El libro de las hadas y El libro de los piratas, ahora llega&#8230; El libro de las princesas  Poes\u00eda infantil escrita por Carmen Gil, autora de casi setenta obras infantiles y traducida a m\u00e1s de quince idiomas. El libro est\u00e1 ilustrado, de nuevo, con los personajes y escenas salidas de la imaginaci\u00f3n y las manos de Sonia Sanz.<\/p>\n","protected":false},"excerpt":{"rendered":"<p>GIL, CARMEN<\/p>\n","protected":false},"featured_media":431020,"template":"","meta":{"_acf_changed":false,"om_disable_all_campaigns":false,"rs_blank_template":"","rs_page_bg_color":"","slide_template_v7":"","inline_featured_image":false,"_monsterinsights_skip_tracking":false,"_monsterinsights_sitenote_active":false,"_monsterinsights_sitenote_note":"","_monsterinsights_sitenote_category":0},"product_brand":[],"product_cat":[86,352],"product_tag":[],"class_list":{"0":"post-431019","1":"product","2":"type-product","3":"status-publish","4":"has-post-thumbnail","6":"product_cat-infantil","7":"product_cat-infantil-3_infantil-juvenil-spa","9":"first","10":"instock","11":"taxable","12":"shipping-taxable","13":"purchasable","14":"product-type-simple"},"acf":{"autor":"GIL, CARMEN","codart":"849694785","libros-coleccion":"","ediciones":"1","encuadernacion":"Carton\u00e9","fecha_de_publicacion":"01\/11\/2011","novedad":"0","paginas":"40","subtitulo":"","orden":"999","portada":"0","idioma":"spa","editorial":[{"ID":262523,"post_author":"3","post_date":"2022-10-24 11:25:29","post_date_gmt":"2022-10-24 09:25:29","post_content":"","post_title":"TOROMITICO","post_excerpt":"","post_status":"publish","comment_status":"closed","ping_status":"closed","post_password":"","post_name":"toromitico","to_ping":"","pinged":"","post_modified":"2022-10-24 11:25:29","post_modified_gmt":"2022-10-24 09:25:29","post_content_filtered":"","post_parent":0,"guid":"http:\/\/dev.claret.cat\/editorial\/toromitico\/","menu_order":0,"post_type":"editorial","post_mime_type":"","comment_count":"0","filter":"raw"}],"autores-libros":[{"ID":5332,"post_author":"3","post_date":"2022-07-28 17:21:43","post_date_gmt":"2022-07-28 15:21:43","post_content":"","post_title":"CARMEN GIL","post_excerpt":"","post_status":"publish","comment_status":"closed","ping_status":"closed","post_password":"","post_name":"carmen-gil","to_ping":"","pinged":"","post_modified":"2022-07-28 17:21:43","post_modified_gmt":"2022-07-28 15:21:43","post_content_filtered":"","post_parent":0,"guid":"http:\/\/dev.claret.cat\/autor\/carmen-gil\/","menu_order":0,"post_type":"autor","post_mime_type":"","comment_count":"0","filter":"raw"}]},"aioseo_notices":[],"_links":{"self":[{"href":"https:\/\/www.claret.cat\/es\/wp-json\/wp\/v2\/product\/431019","targetHints":{"allow":["GET"]}}],"collection":[{"href":"https:\/\/www.claret.cat\/es\/wp-json\/wp\/v2\/product"}],"about":[{"href":"https:\/\/www.claret.cat\/es\/wp-json\/wp\/v2\/types\/product"}],"wp:featuredmedia":[{"embeddable":true,"href":"https:\/\/www.claret.cat\/es\/wp-json\/wp\/v2\/media\/431020"}],"wp:attachment":[{"href":"https:\/\/www.claret.cat\/es\/wp-json\/wp\/v2\/media?parent=431019"}],"wp:term":[{"taxonomy":"product_brand","embeddable":true,"href":"https:\/\/www.claret.cat\/es\/wp-json\/wp\/v2\/product_brand?post=431019"},{"taxonomy":"product_cat","embeddable":true,"href":"https:\/\/www.claret.cat\/es\/wp-json\/wp\/v2\/product_cat?post=431019"},{"taxonomy":"product_tag","embeddable":true,"href":"https:\/\/www.claret.cat\/es\/wp-json\/wp\/v2\/product_tag?post=431019"}],"curies":[{"name":"wp","href":"https:\/\/api.w.org\/{rel}","templated":true}]}}