{"id":431025,"date":"2023-05-18T15:37:06","date_gmt":"2023-05-18T13:37:06","guid":{"rendered":"https:\/\/www.claret.cat\/llibre\/el-libro-de-los-monstruos-9788496947955\/"},"modified":"2023-05-18T15:37:14","modified_gmt":"2023-05-18T13:37:14","slug":"el-libro-de-los-monstruos-9788496947955","status":"publish","type":"product","link":"https:\/\/www.claret.cat\/es\/libro\/el-libro-de-los-monstruos-9788496947955\/","title":{"rendered":"EL LIBRO DE LOS MONSTRUOS"},"content":{"rendered":"<p>Poes\u00eda infantil escrita por Carmen Gil, autora de m\u00e1s de setenta obras infantiles y traducida a m\u00e1s de quince idiomas. El libro est\u00e1 ilustrado, de nuevo, con los personajes y escenas salidas de la imaginaci\u00f3n y las manos de de Sonia Cruz.<\/p>\n","protected":false},"excerpt":{"rendered":"<p>GIL MART\u00cdNEZ, CARMEN  \/ SANZ ESCUDERO, SONIAIL.<\/p>\n","protected":false},"featured_media":431026,"template":"","meta":{"_acf_changed":false,"om_disable_all_campaigns":false,"rs_blank_template":"","rs_page_bg_color":"","slide_template_v7":"","inline_featured_image":false,"_monsterinsights_skip_tracking":false,"_monsterinsights_sitenote_active":false,"_monsterinsights_sitenote_note":"","_monsterinsights_sitenote_category":0},"product_brand":[],"product_cat":[352,86],"product_tag":[],"class_list":{"0":"post-431025","1":"product","2":"type-product","3":"status-publish","4":"has-post-thumbnail","6":"product_cat-infantil-3_infantil-juvenil-spa","7":"product_cat-infantil","9":"first","10":"instock","11":"taxable","12":"shipping-taxable","13":"purchasable","14":"product-type-simple"},"acf":{"autor":"GIL MART\u00cdNEZ, CARMEN  \/ SANZ ESCUDERO, SONIAIL.","codart":"849694795","libros-coleccion":"","ediciones":"1","encuadernacion":"Carton\u00e9","fecha_de_publicacion":"11\/03\/2016","novedad":"0","paginas":"36","subtitulo":"","orden":"999","portada":"0","idioma":"spa","editorial":[{"ID":262523,"post_author":"3","post_date":"2022-10-24 11:25:29","post_date_gmt":"2022-10-24 09:25:29","post_content":"","post_title":"TOROMITICO","post_excerpt":"","post_status":"publish","comment_status":"closed","ping_status":"closed","post_password":"","post_name":"toromitico","to_ping":"","pinged":"","post_modified":"2022-10-24 11:25:29","post_modified_gmt":"2022-10-24 09:25:29","post_content_filtered":"","post_parent":0,"guid":"http:\/\/dev.claret.cat\/editorial\/toromitico\/","menu_order":0,"post_type":"editorial","post_mime_type":"","comment_count":"0","filter":"raw"}],"autores-libros":[{"ID":428768,"post_author":"3","post_date":"2023-05-16 09:34:00","post_date_gmt":"2023-05-16 07:34:00","post_content":"","post_title":"SONIAIL. SANZ ESCUDERO","post_excerpt":"","post_status":"publish","comment_status":"closed","ping_status":"closed","post_password":"","post_name":"soniail-sanz-escudero","to_ping":"","pinged":"","post_modified":"2023-05-16 09:34:00","post_modified_gmt":"2023-05-16 07:34:00","post_content_filtered":"","post_parent":0,"guid":"https:\/\/www.claret.cat\/autor\/soniail-sanz-escudero\/","menu_order":0,"post_type":"autor","post_mime_type":"","comment_count":"0","filter":"raw"},{"ID":322923,"post_author":"3","post_date":"2023-01-03 05:12:28","post_date_gmt":"2023-01-03 04:12:28","post_content":"","post_title":"CARMEN GIL MART\u00cdNEZ","post_excerpt":"","post_status":"publish","comment_status":"closed","ping_status":"closed","post_password":"","post_name":"carmen-gil-martinez","to_ping":"","pinged":"","post_modified":"2023-01-03 05:12:28","post_modified_gmt":"2023-01-03 04:12:28","post_content_filtered":"","post_parent":0,"guid":"https:\/\/www.claret.cat\/autor\/carmen-gil-martinez\/","menu_order":0,"post_type":"autor","post_mime_type":"","comment_count":"0","filter":"raw"}]},"aioseo_notices":[],"_links":{"self":[{"href":"https:\/\/www.claret.cat\/es\/wp-json\/wp\/v2\/product\/431025","targetHints":{"allow":["GET"]}}],"collection":[{"href":"https:\/\/www.claret.cat\/es\/wp-json\/wp\/v2\/product"}],"about":[{"href":"https:\/\/www.claret.cat\/es\/wp-json\/wp\/v2\/types\/product"}],"wp:featuredmedia":[{"embeddable":true,"href":"https:\/\/www.claret.cat\/es\/wp-json\/wp\/v2\/media\/431026"}],"wp:attachment":[{"href":"https:\/\/www.claret.cat\/es\/wp-json\/wp\/v2\/media?parent=431025"}],"wp:term":[{"taxonomy":"product_brand","embeddable":true,"href":"https:\/\/www.claret.cat\/es\/wp-json\/wp\/v2\/product_brand?post=431025"},{"taxonomy":"product_cat","embeddable":true,"href":"https:\/\/www.claret.cat\/es\/wp-json\/wp\/v2\/product_cat?post=431025"},{"taxonomy":"product_tag","embeddable":true,"href":"https:\/\/www.claret.cat\/es\/wp-json\/wp\/v2\/product_tag?post=431025"}],"curies":[{"name":"wp","href":"https:\/\/api.w.org\/{rel}","templated":true}]}}