{"id":431077,"date":"2023-05-18T15:39:27","date_gmt":"2023-05-18T13:39:27","guid":{"rendered":"https:\/\/www.claret.cat\/llibre\/textos-escollits-9788497160704\/"},"modified":"2023-05-18T15:39:32","modified_gmt":"2023-05-18T13:39:32","slug":"textos-escollits-9788497160704","status":"publish","type":"product","link":"https:\/\/www.claret.cat\/es\/libro\/textos-escollits-9788497160704\/","title":{"rendered":"TEXTOS ESCOLLITS"},"content":{"rendered":"<p>Aquestes traduccions de John Ruskin realitzades per Cebri\u00e0 de Montoliu a comen\u00e7aments del segle XX constitueixen una excel\u00b7lent aproximaci\u00f3, en catal\u00e0, a l&#8221;obra d&#8221;aquest fam\u00f3s autor angl\u00e8s.<\/p>\n","protected":false},"excerpt":{"rendered":"<p>RUSKIN, JOHN<\/p>\n","protected":false},"featured_media":431078,"template":"","meta":{"_acf_changed":false,"om_disable_all_campaigns":false,"rs_blank_template":"","rs_page_bg_color":"","slide_template_v7":"","inline_featured_image":false,"_monsterinsights_skip_tracking":false,"_monsterinsights_sitenote_active":false,"_monsterinsights_sitenote_note":"","_monsterinsights_sitenote_category":0},"product_brand":[],"product_cat":[90,540],"product_tag":[],"class_list":{"0":"post-431077","1":"product","2":"type-product","3":"status-publish","4":"has-post-thumbnail","6":"product_cat-altres","7":"product_cat-otros","9":"first","10":"instock","11":"taxable","12":"shipping-taxable","13":"purchasable","14":"product-type-simple"},"acf":{"autor":"RUSKIN, JOHN","codart":"849716070","libros-coleccion":"CENTELLES","ediciones":"1","encuadernacion":"R\u00fastica","fecha_de_publicacion":"01\/04\/2019","novedad":"1","paginas":"577","subtitulo":"","orden":"0","portada":"0","idioma":"car","editorial":[{"ID":6273,"post_author":"3","post_date":"2022-07-28 17:48:39","post_date_gmt":"2022-07-28 15:48:39","post_content":"","post_title":"Jos\u00e9 J. Ola\u00f1eta Editor","post_excerpt":"","post_status":"publish","comment_status":"closed","ping_status":"closed","post_password":"","post_name":"jose-j-olaneta-editor","to_ping":"","pinged":"","post_modified":"2022-07-28 17:48:39","post_modified_gmt":"2022-07-28 15:48:39","post_content_filtered":"","post_parent":0,"guid":"http:\/\/dev.claret.cat\/editorial\/jose-j-olaneta-editor\/","menu_order":0,"post_type":"editorial","post_mime_type":"","comment_count":"0","filter":"raw"}],"autores-libros":[{"ID":159694,"post_author":"3","post_date":"2022-10-14 15:46:57","post_date_gmt":"2022-10-14 13:46:57","post_content":"","post_title":"JOHN RUSKIN","post_excerpt":"","post_status":"publish","comment_status":"closed","ping_status":"closed","post_password":"","post_name":"john-ruskin","to_ping":"","pinged":"","post_modified":"2022-10-14 15:46:57","post_modified_gmt":"2022-10-14 13:46:57","post_content_filtered":"","post_parent":0,"guid":"http:\/\/dev.claret.cat\/autor\/john-ruskin\/","menu_order":0,"post_type":"autor","post_mime_type":"","comment_count":"0","filter":"raw"}]},"aioseo_notices":[],"_links":{"self":[{"href":"https:\/\/www.claret.cat\/es\/wp-json\/wp\/v2\/product\/431077","targetHints":{"allow":["GET"]}}],"collection":[{"href":"https:\/\/www.claret.cat\/es\/wp-json\/wp\/v2\/product"}],"about":[{"href":"https:\/\/www.claret.cat\/es\/wp-json\/wp\/v2\/types\/product"}],"wp:featuredmedia":[{"embeddable":true,"href":"https:\/\/www.claret.cat\/es\/wp-json\/wp\/v2\/media\/431078"}],"wp:attachment":[{"href":"https:\/\/www.claret.cat\/es\/wp-json\/wp\/v2\/media?parent=431077"}],"wp:term":[{"taxonomy":"product_brand","embeddable":true,"href":"https:\/\/www.claret.cat\/es\/wp-json\/wp\/v2\/product_brand?post=431077"},{"taxonomy":"product_cat","embeddable":true,"href":"https:\/\/www.claret.cat\/es\/wp-json\/wp\/v2\/product_cat?post=431077"},{"taxonomy":"product_tag","embeddable":true,"href":"https:\/\/www.claret.cat\/es\/wp-json\/wp\/v2\/product_tag?post=431077"}],"curies":[{"name":"wp","href":"https:\/\/api.w.org\/{rel}","templated":true}]}}