{"id":431134,"date":"2023-05-18T15:43:15","date_gmt":"2023-05-18T13:43:15","guid":{"rendered":"https:\/\/www.claret.cat\/llibre\/correspondencia-rilkesalome-9788497167215\/"},"modified":"2023-05-18T15:43:21","modified_gmt":"2023-05-18T13:43:21","slug":"correspondencia-rilkesalome-9788497167215","status":"publish","type":"product","link":"https:\/\/www.claret.cat\/es\/libro\/correspondencia-rilkesalome-9788497167215\/","title":{"rendered":"CORRESPONDENCIA RILKE-SALOME"},"content":{"rendered":"<p>A lo largo de su correspondencia con Rilke, Lou Andreas-Salom\u00e9 ejerci\u00f3 una cura de alma sobre el poeta, convencida de que las fuerzas oscuras de la persona constitu\u00edan la \u00fanica fuente tanto de \u00abcuraci\u00f3n\u00bb como de creaci\u00f3n del poeta.<br \/>\u00abSi durante a\u00f1os fui tu mujer es porque t\u00fa fuiste para m\u00ed la primera realidad, cuerpo y ser en una unidad indivisible, una prueba irrebatible de la vida misma. Textualmente, hubiera podido decirte lo mismo que t\u00fa dijiste al declararme tu amor: \u201dS\u00f3lo t\u00fa eres realidad\u201d. Por eso fuimos esposos antes que amigos y si nos hicimos amigos no fue por elecci\u00f3n nuestra, sino por unas nupcias contra\u00eddas \u00edntimamente. No \u00e9ramos dos mitades que buscaban complementarse, \u00e9ramos un todo que, de pronto, sorprendido, se reconoci\u00f3 como tal. Y fuimos como hermanos, pero hermanos de tiempos pasados, de cuando el matrimonio entre hermanos no era pecado\u00bb.<\/p>\n","protected":false},"excerpt":{"rendered":"<p>RILKE, RAINER MARIA; ANDREAS-SALOM\u00c9, LOU<\/p>\n","protected":false},"featured_media":431135,"template":"","meta":{"_acf_changed":false,"om_disable_all_campaigns":false,"rs_blank_template":"","rs_page_bg_color":"","slide_template_v7":"","inline_featured_image":false,"_monsterinsights_skip_tracking":false,"_monsterinsights_sitenote_active":false,"_monsterinsights_sitenote_note":"","_monsterinsights_sitenote_category":0},"product_brand":[],"product_cat":[87,353],"product_tag":[],"class_list":{"0":"post-431134","1":"product","2":"type-product","3":"status-publish","4":"has-post-thumbnail","6":"product_cat-literatura","7":"product_cat-literatura-2_humanidades","9":"first","10":"instock","11":"taxable","12":"shipping-taxable","13":"purchasable","14":"product-type-simple"},"acf":{"autor":"RILKE, RAINER MARIA; ANDREAS-SALOM\u00c9, LOU","codart":"849716721","libros-coleccion":"CENTELLAS","ediciones":"1","encuadernacion":"R\u00fastica","fecha_de_publicacion":"01\/06\/2011","novedad":"1","paginas":"104","subtitulo":"","orden":"0","portada":"0","idioma":"spa","editorial":[{"ID":6273,"post_author":"3","post_date":"2022-07-28 17:48:39","post_date_gmt":"2022-07-28 15:48:39","post_content":"","post_title":"Jos\u00e9 J. Ola\u00f1eta Editor","post_excerpt":"","post_status":"publish","comment_status":"closed","ping_status":"closed","post_password":"","post_name":"jose-j-olaneta-editor","to_ping":"","pinged":"","post_modified":"2022-07-28 17:48:39","post_modified_gmt":"2022-07-28 15:48:39","post_content_filtered":"","post_parent":0,"guid":"http:\/\/dev.claret.cat\/editorial\/jose-j-olaneta-editor\/","menu_order":0,"post_type":"editorial","post_mime_type":"","comment_count":"0","filter":"raw"}],"autores-libros":[{"ID":167654,"post_author":"3","post_date":"2022-10-14 18:12:56","post_date_gmt":"2022-10-14 16:12:56","post_content":"","post_title":"RAINER MARIA RILKE","post_excerpt":"","post_status":"publish","comment_status":"closed","ping_status":"closed","post_password":"","post_name":"rainer-maria-rilke","to_ping":"","pinged":"","post_modified":"2022-10-14 18:12:56","post_modified_gmt":"2022-10-14 16:12:56","post_content_filtered":"","post_parent":0,"guid":"http:\/\/dev.claret.cat\/autor\/rainer-maria-rilke\/","menu_order":0,"post_type":"autor","post_mime_type":"","comment_count":"0","filter":"raw"},{"ID":425596,"post_author":"3","post_date":"2023-05-16 08:25:00","post_date_gmt":"2023-05-16 06:25:00","post_content":"","post_title":"LOU ANDREAS-SALOME","post_excerpt":"","post_status":"publish","comment_status":"closed","ping_status":"closed","post_password":"","post_name":"lou-andreas-salome","to_ping":"","pinged":"","post_modified":"2023-05-16 08:25:00","post_modified_gmt":"2023-05-16 06:25:00","post_content_filtered":"","post_parent":0,"guid":"https:\/\/www.claret.cat\/autor\/lou-andreas-salome\/","menu_order":0,"post_type":"autor","post_mime_type":"","comment_count":"0","filter":"raw"}]},"aioseo_notices":[],"_links":{"self":[{"href":"https:\/\/www.claret.cat\/es\/wp-json\/wp\/v2\/product\/431134","targetHints":{"allow":["GET"]}}],"collection":[{"href":"https:\/\/www.claret.cat\/es\/wp-json\/wp\/v2\/product"}],"about":[{"href":"https:\/\/www.claret.cat\/es\/wp-json\/wp\/v2\/types\/product"}],"wp:featuredmedia":[{"embeddable":true,"href":"https:\/\/www.claret.cat\/es\/wp-json\/wp\/v2\/media\/431135"}],"wp:attachment":[{"href":"https:\/\/www.claret.cat\/es\/wp-json\/wp\/v2\/media?parent=431134"}],"wp:term":[{"taxonomy":"product_brand","embeddable":true,"href":"https:\/\/www.claret.cat\/es\/wp-json\/wp\/v2\/product_brand?post=431134"},{"taxonomy":"product_cat","embeddable":true,"href":"https:\/\/www.claret.cat\/es\/wp-json\/wp\/v2\/product_cat?post=431134"},{"taxonomy":"product_tag","embeddable":true,"href":"https:\/\/www.claret.cat\/es\/wp-json\/wp\/v2\/product_tag?post=431134"}],"curies":[{"name":"wp","href":"https:\/\/api.w.org\/{rel}","templated":true}]}}