{"id":431178,"date":"2023-05-18T15:45:45","date_gmt":"2023-05-18T13:45:45","guid":{"rendered":"https:\/\/www.claret.cat\/llibre\/isis-y-osiris-9788497168571\/"},"modified":"2026-03-30T15:55:07","modified_gmt":"2026-03-30T13:55:07","slug":"isis-y-osiris-9788497168571","status":"publish","type":"product","link":"https:\/\/www.claret.cat\/es\/libro\/isis-y-osiris-9788497168571\/","title":{"rendered":"ISIS Y OSIRIS"},"content":{"rendered":"<p>Plutarco, sacerdote de Apolo y fil\u00f3sofo plat\u00f3nico, ve en los mitos de Egipto y de Grecia una similitud esencial de significado que expone en esta obra c\u00e9lebre sobre Isis y Osiris, pues Plutarco sabe que las diferentes religiones no son sino diversas maneras de exponer unas mismas verdades perennes.<\/p>\n","protected":false},"excerpt":{"rendered":"<p>PLUTARCO<\/p>\n","protected":false},"featured_media":431179,"template":"","meta":{"_acf_changed":false,"om_disable_all_campaigns":false,"rs_blank_template":"","rs_page_bg_color":"","slide_template_v7":"","inline_featured_image":false,"_monsterinsights_skip_tracking":false,"_monsterinsights_sitenote_active":false,"_monsterinsights_sitenote_note":"","_monsterinsights_sitenote_category":0},"product_brand":[],"product_cat":[90,540],"product_tag":[],"class_list":{"0":"post-431178","1":"product","2":"type-product","3":"status-publish","4":"has-post-thumbnail","6":"product_cat-altres","7":"product_cat-otros","9":"first","10":"instock","11":"taxable","12":"shipping-taxable","13":"purchasable","14":"product-type-simple"},"acf":{"autor":"PLUTARCO","codart":"849716857","libros-coleccion":"LOS PEQUE\u00d1OS LIBROS DE LA SABIDURIA","ediciones":"1","encuadernacion":"R\u00fastica","fecha_de_publicacion":"01\/11\/2013","novedad":"1","paginas":"167","subtitulo":"","orden":"0","portada":"0","idioma":"spa","editorial":[{"ID":6273,"post_author":"3","post_date":"2022-07-28 17:48:39","post_date_gmt":"2022-07-28 15:48:39","post_content":"","post_title":"Jos\u00e9 J. Ola\u00f1eta Editor","post_excerpt":"","post_status":"publish","comment_status":"closed","ping_status":"closed","post_password":"","post_name":"jose-j-olaneta-editor","to_ping":"","pinged":"","post_modified":"2022-07-28 17:48:39","post_modified_gmt":"2022-07-28 15:48:39","post_content_filtered":"","post_parent":0,"guid":"http:\/\/dev.claret.cat\/editorial\/jose-j-olaneta-editor\/","menu_order":0,"post_type":"editorial","post_mime_type":"","comment_count":"0","filter":"raw"}],"autores-libros":[{"ID":167371,"post_author":"3","post_date":"2022-10-14 18:10:40","post_date_gmt":"2022-10-14 16:10:40","post_content":"","post_title":"PLUTARCO","post_excerpt":"","post_status":"publish","comment_status":"closed","ping_status":"closed","post_password":"","post_name":"plutarco","to_ping":"","pinged":"","post_modified":"2022-10-14 18:10:40","post_modified_gmt":"2022-10-14 16:10:40","post_content_filtered":"","post_parent":0,"guid":"http:\/\/dev.claret.cat\/autor\/plutarco\/","menu_order":0,"post_type":"autor","post_mime_type":"","comment_count":"0","filter":"raw"}],"booktrailer":"","resenas":""},"aioseo_notices":[],"_links":{"self":[{"href":"https:\/\/www.claret.cat\/es\/wp-json\/wp\/v2\/product\/431178","targetHints":{"allow":["GET"]}}],"collection":[{"href":"https:\/\/www.claret.cat\/es\/wp-json\/wp\/v2\/product"}],"about":[{"href":"https:\/\/www.claret.cat\/es\/wp-json\/wp\/v2\/types\/product"}],"wp:featuredmedia":[{"embeddable":true,"href":"https:\/\/www.claret.cat\/es\/wp-json\/wp\/v2\/media\/431179"}],"wp:attachment":[{"href":"https:\/\/www.claret.cat\/es\/wp-json\/wp\/v2\/media?parent=431178"}],"wp:term":[{"taxonomy":"product_brand","embeddable":true,"href":"https:\/\/www.claret.cat\/es\/wp-json\/wp\/v2\/product_brand?post=431178"},{"taxonomy":"product_cat","embeddable":true,"href":"https:\/\/www.claret.cat\/es\/wp-json\/wp\/v2\/product_cat?post=431178"},{"taxonomy":"product_tag","embeddable":true,"href":"https:\/\/www.claret.cat\/es\/wp-json\/wp\/v2\/product_tag?post=431178"}],"curies":[{"name":"wp","href":"https:\/\/api.w.org\/{rel}","templated":true}]}}