{"id":431189,"date":"2023-05-18T15:46:37","date_gmt":"2023-05-18T13:46:37","guid":{"rendered":"https:\/\/www.claret.cat\/llibre\/el-naufragi-de-lesquerra-9788497302821\/"},"modified":"2023-05-18T15:46:43","modified_gmt":"2023-05-18T13:46:43","slug":"el-naufragi-de-lesquerra-9788497302821","status":"publish","type":"product","link":"https:\/\/www.claret.cat\/es\/libro\/el-naufragi-de-lesquerra-9788497302821\/","title":{"rendered":"EL NAUFRAGI DE L&#8217;ESQUERRA"},"content":{"rendered":"<p>Aquest Quadern intenta explicar les raons d\u2019una crisi tan profunda com la que viu l\u2019esquerra a casa nostra, a partir de la tesi que s\u2019ha abandonat una identitat d\u2019esquerra econ\u00f2mica basada en la just\u00edcia i la igualtat, substituint-la per identitats succed\u00e0nies de car\u00e0cter exclusivament cultural. A partir d\u2019aquesta an\u00e0lisi, l\u2019autor assenyala algunes possibilitats de sortida a aquesta crisi.<\/p>\n","protected":false},"excerpt":{"rendered":"<p>GONZ\u00c1LEZ FAUS, JOS\u00c9 IGNACIO<\/p>\n","protected":false},"featured_media":431190,"template":"","meta":{"_acf_changed":false,"om_disable_all_campaigns":false,"rs_blank_template":"","rs_page_bg_color":"","slide_template_v7":"","inline_featured_image":false,"_monsterinsights_skip_tracking":false,"_monsterinsights_sitenote_active":false,"_monsterinsights_sitenote_note":"","_monsterinsights_sitenote_category":0},"product_brand":[],"product_cat":[90,540],"product_tag":[],"class_list":{"0":"post-431189","1":"product","2":"type-product","3":"status-publish","4":"has-post-thumbnail","6":"product_cat-altres","7":"product_cat-otros","9":"first","10":"instock","11":"taxable","12":"shipping-taxable","13":"purchasable","14":"product-type-simple"},"acf":{"autor":"GONZ\u00c1LEZ FAUS, JOS\u00c9 IGNACIO","codart":"849730282","libros-coleccion":"","ediciones":"1","encuadernacion":"Grapado","fecha_de_publicacion":"30\/01\/2012","novedad":"0","paginas":"32","subtitulo":"","orden":"999","portada":"0","idioma":"cat","editorial":[{"ID":147675,"post_author":"3","post_date":"2022-10-14 11:52:23","post_date_gmt":"2022-10-14 09:52:23","post_content":"","post_title":"CRISTIANISME  I JUSTICIA","post_excerpt":"","post_status":"publish","comment_status":"closed","ping_status":"closed","post_password":"","post_name":"cristianisme-i-justicia","to_ping":"","pinged":"","post_modified":"2022-10-14 11:52:23","post_modified_gmt":"2022-10-14 09:52:23","post_content_filtered":"","post_parent":0,"guid":"http:\/\/dev.claret.cat\/editorial\/cristianisme-i-justicia\/","menu_order":0,"post_type":"editorial","post_mime_type":"","comment_count":"0","filter":"raw"}],"autores-libros":[{"ID":5517,"post_author":"3","post_date":"2022-07-28 17:25:41","post_date_gmt":"2022-07-28 15:25:41","post_content":"","post_title":"GONZ\u00c1LEZ FAUS, JOS\u00c9 IGNACIO","post_excerpt":"","post_status":"publish","comment_status":"closed","ping_status":"closed","post_password":"","post_name":"gonzalez-faus-jose-ignacio","to_ping":"","pinged":"","post_modified":"2022-07-28 17:25:41","post_modified_gmt":"2022-07-28 15:25:41","post_content_filtered":"","post_parent":0,"guid":"http:\/\/dev.claret.cat\/autor\/gonzalez-faus-jose-ignacio\/","menu_order":0,"post_type":"autor","post_mime_type":"","comment_count":"0","filter":"raw"}]},"aioseo_notices":[],"_links":{"self":[{"href":"https:\/\/www.claret.cat\/es\/wp-json\/wp\/v2\/product\/431189","targetHints":{"allow":["GET"]}}],"collection":[{"href":"https:\/\/www.claret.cat\/es\/wp-json\/wp\/v2\/product"}],"about":[{"href":"https:\/\/www.claret.cat\/es\/wp-json\/wp\/v2\/types\/product"}],"wp:featuredmedia":[{"embeddable":true,"href":"https:\/\/www.claret.cat\/es\/wp-json\/wp\/v2\/media\/431190"}],"wp:attachment":[{"href":"https:\/\/www.claret.cat\/es\/wp-json\/wp\/v2\/media?parent=431189"}],"wp:term":[{"taxonomy":"product_brand","embeddable":true,"href":"https:\/\/www.claret.cat\/es\/wp-json\/wp\/v2\/product_brand?post=431189"},{"taxonomy":"product_cat","embeddable":true,"href":"https:\/\/www.claret.cat\/es\/wp-json\/wp\/v2\/product_cat?post=431189"},{"taxonomy":"product_tag","embeddable":true,"href":"https:\/\/www.claret.cat\/es\/wp-json\/wp\/v2\/product_tag?post=431189"}],"curies":[{"name":"wp","href":"https:\/\/api.w.org\/{rel}","templated":true}]}}