{"id":431213,"date":"2023-05-18T15:49:24","date_gmt":"2023-05-18T13:49:24","guid":{"rendered":"https:\/\/www.claret.cat\/llibre\/vicarios-de-cristo-los-pobres-antologia-de-textos-de-la-teologia-y-espiritualidad-cristianas-9788497303606\/"},"modified":"2023-05-18T15:49:31","modified_gmt":"2023-05-18T13:49:31","slug":"vicarios-de-cristo-los-pobres-antologia-de-textos-de-la-teologia-y-espiritualidad-cristianas-9788497303606","status":"publish","type":"product","link":"https:\/\/www.claret.cat\/es\/libro\/vicarios-de-cristo-los-pobres-antologia-de-textos-de-la-teologia-y-espiritualidad-cristianas-9788497303606\/","title":{"rendered":"VICARIOS DE CRISTO, LOS POBRES. ANTOLOGIA DE TEXTOS DE LA TEOLOGIA Y ESPIRITUALIDAD CRISTIANAS"},"content":{"rendered":"<p>Hacia finales del s. XII, un cristiano comprometido en pol\u00edtica escrib\u00eda al obispo de Lisieux: \u00abel pobre es vicario de Cristo\u00bb. Este t\u00edtulo, que el papa Inocencio III acab\u00f3 reserv\u00e1ndose para s\u00ed mismo y para los papas, ten\u00eda hasta aquel momento un sentido mucho m\u00e1s amplio y se aplicaba a los pobres.  El libro es una antolog\u00eda recogida y comentada por Jos\u00e9 I. Gonz\u00e1lez Faus de textos desde los Padres de la Iglesia hasta nuestros d\u00edas que demuestran que la opci\u00f3n por los pobres y la justicia, no es una invenci\u00f3n moderna, sino que est\u00e1n en la ra\u00edz misma de la teolog\u00eda y la espiritualidad cristianas.<\/p>\n","protected":false},"excerpt":{"rendered":"<p>GONZ\u00c1LEZ FAUS, JOS\u00c9 IGNACIO<\/p>\n","protected":false},"featured_media":431214,"template":"","meta":{"_acf_changed":false,"om_disable_all_campaigns":false,"rs_blank_template":"","rs_page_bg_color":"","slide_template_v7":"","inline_featured_image":false,"_monsterinsights_skip_tracking":false,"_monsterinsights_sitenote_active":false,"_monsterinsights_sitenote_note":"","_monsterinsights_sitenote_category":0},"product_brand":[],"product_cat":[93,543,345,79],"product_tag":[],"class_list":{"0":"post-431213","1":"product","2":"type-product","3":"status-publish","4":"has-post-thumbnail","6":"product_cat-eclesiologia","7":"product_cat-eclesiologia-es","8":"product_cat-espiritualidad","9":"product_cat-espiritualitat","11":"first","12":"instock","13":"taxable","14":"shipping-taxable","15":"purchasable","16":"product-type-simple"},"acf":{"autor":"GONZ\u00c1LEZ FAUS, JOS\u00c9 IGNACIO","codart":"849730360","libros-coleccion":"","ediciones":"1","encuadernacion":"R\u00fastica","fecha_de_publicacion":"08\/03\/2016","novedad":"0","paginas":"381","subtitulo":"ANTOLOG\u00cdA DE TEXTOS DE LA TEOLOG\u00cdA Y ESPIRITUALIDAD CRISTIANAS","orden":"999","portada":"0","idioma":"spa","editorial":[{"ID":147675,"post_author":"3","post_date":"2022-10-14 11:52:23","post_date_gmt":"2022-10-14 09:52:23","post_content":"","post_title":"CRISTIANISME  I JUSTICIA","post_excerpt":"","post_status":"publish","comment_status":"closed","ping_status":"closed","post_password":"","post_name":"cristianisme-i-justicia","to_ping":"","pinged":"","post_modified":"2022-10-14 11:52:23","post_modified_gmt":"2022-10-14 09:52:23","post_content_filtered":"","post_parent":0,"guid":"http:\/\/dev.claret.cat\/editorial\/cristianisme-i-justicia\/","menu_order":0,"post_type":"editorial","post_mime_type":"","comment_count":"0","filter":"raw"}],"autores-libros":[{"ID":5517,"post_author":"3","post_date":"2022-07-28 17:25:41","post_date_gmt":"2022-07-28 15:25:41","post_content":"","post_title":"GONZ\u00c1LEZ FAUS, JOS\u00c9 IGNACIO","post_excerpt":"","post_status":"publish","comment_status":"closed","ping_status":"closed","post_password":"","post_name":"gonzalez-faus-jose-ignacio","to_ping":"","pinged":"","post_modified":"2022-07-28 17:25:41","post_modified_gmt":"2022-07-28 15:25:41","post_content_filtered":"","post_parent":0,"guid":"http:\/\/dev.claret.cat\/autor\/gonzalez-faus-jose-ignacio\/","menu_order":0,"post_type":"autor","post_mime_type":"","comment_count":"0","filter":"raw"}]},"aioseo_notices":[],"_links":{"self":[{"href":"https:\/\/www.claret.cat\/es\/wp-json\/wp\/v2\/product\/431213","targetHints":{"allow":["GET"]}}],"collection":[{"href":"https:\/\/www.claret.cat\/es\/wp-json\/wp\/v2\/product"}],"about":[{"href":"https:\/\/www.claret.cat\/es\/wp-json\/wp\/v2\/types\/product"}],"wp:featuredmedia":[{"embeddable":true,"href":"https:\/\/www.claret.cat\/es\/wp-json\/wp\/v2\/media\/431214"}],"wp:attachment":[{"href":"https:\/\/www.claret.cat\/es\/wp-json\/wp\/v2\/media?parent=431213"}],"wp:term":[{"taxonomy":"product_brand","embeddable":true,"href":"https:\/\/www.claret.cat\/es\/wp-json\/wp\/v2\/product_brand?post=431213"},{"taxonomy":"product_cat","embeddable":true,"href":"https:\/\/www.claret.cat\/es\/wp-json\/wp\/v2\/product_cat?post=431213"},{"taxonomy":"product_tag","embeddable":true,"href":"https:\/\/www.claret.cat\/es\/wp-json\/wp\/v2\/product_tag?post=431213"}],"curies":[{"name":"wp","href":"https:\/\/api.w.org\/{rel}","templated":true}]}}