{"id":431241,"date":"2023-05-18T15:51:10","date_gmt":"2023-05-18T13:51:10","guid":{"rendered":"https:\/\/www.claret.cat\/llibre\/la-seduccion-9788497433020\/"},"modified":"2025-04-23T16:15:19","modified_gmt":"2025-04-23T14:15:19","slug":"la-seduccion-9788497433020","status":"publish","type":"product","link":"https:\/\/www.claret.cat\/es\/libro\/la-seduccion-9788497433020\/","title":{"rendered":"LA SEDUCCI\u00d3N"},"content":{"rendered":"<p>La seducci\u00f3n es la fascinaci\u00f3n o atracci\u00f3n provocada por una cosa o persona que nos causa el deseo de tener su afecto. Es la posibilidad de hechizar y cautivar a otro. Una capacidad que va muy ligada al dominio de ciertas facultades comunicativas. No todo acto comunicativo es seductor, pero toda buena comunicaci\u00f3n exige necesariamente una buena dosis de seducci\u00f3n. El emisor ha de tener la capacidad de despertar el inter\u00e9s del receptor, de hacer que preste atenci\u00f3n a su mensaje; algo que solamente se hace posible si pone en funcionamiento las armas de la seducci\u00f3n.<\/p>\n","protected":false},"excerpt":{"rendered":"<p>TORRALBA, FRANCESC<\/p>\n","protected":false},"featured_media":431242,"template":"","meta":{"_acf_changed":false,"om_disable_all_campaigns":false,"rs_blank_template":"","rs_page_bg_color":"","slide_template_v7":"","inline_featured_image":false,"_monsterinsights_skip_tracking":false,"_monsterinsights_sitenote_active":false,"_monsterinsights_sitenote_note":"","_monsterinsights_sitenote_category":0},"product_brand":[],"product_cat":[90,540],"product_tag":[],"class_list":{"0":"post-431241","1":"product","2":"type-product","3":"status-publish","4":"has-post-thumbnail","6":"product_cat-altres","7":"product_cat-otros","9":"first","10":"instock","11":"taxable","12":"shipping-taxable","13":"purchasable","14":"product-type-simple"},"acf":{"autor":"TORRALBA, FRANCESC","codart":"849743302","libros-coleccion":"","ediciones":"1","encuadernacion":"R\u00fastica","fecha_de_publicacion":"01\/09\/2009","novedad":"0","paginas":"128","subtitulo":"","orden":"999","portada":"0","idioma":"spa","editorial":[{"ID":262314,"post_author":"3","post_date":"2022-10-24 11:22:45","post_date_gmt":"2022-10-24 09:22:45","post_content":"","post_title":"MILENIO, EDITORIAL","post_excerpt":"","post_status":"publish","comment_status":"closed","ping_status":"closed","post_password":"","post_name":"milenio-editorial","to_ping":"","pinged":"","post_modified":"2022-10-24 11:22:45","post_modified_gmt":"2022-10-24 09:22:45","post_content_filtered":"","post_parent":0,"guid":"http:\/\/dev.claret.cat\/editorial\/milenio-editorial\/","menu_order":0,"post_type":"editorial","post_mime_type":"","comment_count":"0","filter":"raw"}],"autores-libros":[{"ID":5483,"post_author":"3","post_date":"2022-07-28 17:24:57","post_date_gmt":"2022-07-28 15:24:57","post_content":"","post_title":"FRANCESC TORRALBA","post_excerpt":"","post_status":"publish","comment_status":"closed","ping_status":"closed","post_password":"","post_name":"francesc-torralba","to_ping":"","pinged":"","post_modified":"2022-07-28 17:24:57","post_modified_gmt":"2022-07-28 15:24:57","post_content_filtered":"","post_parent":0,"guid":"http:\/\/dev.claret.cat\/autor\/francesc-torralba\/","menu_order":0,"post_type":"autor","post_mime_type":"","comment_count":"0","filter":"raw"}],"booktrailer":"","resenas":""},"aioseo_notices":[],"_links":{"self":[{"href":"https:\/\/www.claret.cat\/es\/wp-json\/wp\/v2\/product\/431241","targetHints":{"allow":["GET"]}}],"collection":[{"href":"https:\/\/www.claret.cat\/es\/wp-json\/wp\/v2\/product"}],"about":[{"href":"https:\/\/www.claret.cat\/es\/wp-json\/wp\/v2\/types\/product"}],"wp:featuredmedia":[{"embeddable":true,"href":"https:\/\/www.claret.cat\/es\/wp-json\/wp\/v2\/media\/431242"}],"wp:attachment":[{"href":"https:\/\/www.claret.cat\/es\/wp-json\/wp\/v2\/media?parent=431241"}],"wp:term":[{"taxonomy":"product_brand","embeddable":true,"href":"https:\/\/www.claret.cat\/es\/wp-json\/wp\/v2\/product_brand?post=431241"},{"taxonomy":"product_cat","embeddable":true,"href":"https:\/\/www.claret.cat\/es\/wp-json\/wp\/v2\/product_cat?post=431241"},{"taxonomy":"product_tag","embeddable":true,"href":"https:\/\/www.claret.cat\/es\/wp-json\/wp\/v2\/product_tag?post=431241"}],"curies":[{"name":"wp","href":"https:\/\/api.w.org\/{rel}","templated":true}]}}