{"id":431256,"date":"2023-05-18T15:52:06","date_gmt":"2023-05-18T13:52:06","guid":{"rendered":"https:\/\/www.claret.cat\/llibre\/el-arte-de-saber-estar-solo-9788497433952\/"},"modified":"2025-05-22T12:43:14","modified_gmt":"2025-05-22T10:43:14","slug":"el-arte-de-saber-estar-solo-9788497433952","status":"publish","type":"product","link":"https:\/\/www.claret.cat\/es\/libro\/el-arte-de-saber-estar-solo-9788497433952\/","title":{"rendered":"EL ARTE DE SABER ESTAR SOLO"},"content":{"rendered":"<p>La soledad no es un objetivo que queramos perseguir. Tampoco es ninguna cosa que podamos tocar u observar. NO es un bien que podamos comparar o vender. Es una vivencia del alma, una experiencia por la que podemos pasar. El ser humano no es s\u00f3lo el animal social que teje v\u00ednculos con los suyos para defenderse de loe enemigos y ayudarse mutuamente. Tambi\u00e9n se retira, toma distancia, se aleja de la comunidad. NO por despecho, ni por odio, sencillamente porque siente la necesidad y cree que le beneficia. Una persona que frecuenta la soledad se convierte en una persona distinta de la que era, cambia de tono y de registro, adopta nuevas formas de vida, y la seriedad y la madurez envuelven su personalidad. Este libro no es un manifiesto contra la soledad. Tampoco es una defensa de la vida solitaria. Es una apolog\u00eda de la soledad, de este bello estado tan necesario para el desarrollo completo de la persona y de sus facultades.<\/p>\n","protected":false},"excerpt":{"rendered":"<p>TORRALBA, FRANCESC<\/p>\n","protected":false},"featured_media":431257,"template":"","meta":{"_acf_changed":false,"om_disable_all_campaigns":false,"rs_blank_template":"","rs_page_bg_color":"","slide_template_v7":"","inline_featured_image":false,"_monsterinsights_skip_tracking":false,"_monsterinsights_sitenote_active":false,"_monsterinsights_sitenote_note":"","_monsterinsights_sitenote_category":0},"product_brand":[],"product_cat":[90,540],"product_tag":[],"class_list":{"0":"post-431256","1":"product","2":"type-product","3":"status-publish","4":"has-post-thumbnail","6":"product_cat-altres","7":"product_cat-otros","9":"first","10":"instock","11":"taxable","12":"shipping-taxable","13":"purchasable","14":"product-type-simple"},"acf":{"autor":"TORRALBA, FRANCESC","codart":"849743395","libros-coleccion":"","ediciones":"1","encuadernacion":"R\u00fastica","fecha_de_publicacion":"01\/10\/2010","novedad":"0","paginas":"162","subtitulo":"","orden":"999","portada":"0","idioma":"spa","editorial":[{"ID":262065,"post_author":"3","post_date":"2022-10-24 11:19:28","post_date_gmt":"2022-10-24 09:19:28","post_content":"","post_title":"EDITORIAL MILENIO","post_excerpt":"","post_status":"publish","comment_status":"closed","ping_status":"closed","post_password":"","post_name":"editorial-milenio","to_ping":"","pinged":"","post_modified":"2022-10-24 11:19:28","post_modified_gmt":"2022-10-24 09:19:28","post_content_filtered":"","post_parent":0,"guid":"http:\/\/dev.claret.cat\/editorial\/editorial-milenio\/","menu_order":0,"post_type":"editorial","post_mime_type":"","comment_count":"0","filter":"raw"}],"autores-libros":[{"ID":5483,"post_author":"3","post_date":"2022-07-28 17:24:57","post_date_gmt":"2022-07-28 15:24:57","post_content":"","post_title":"FRANCESC TORRALBA","post_excerpt":"","post_status":"publish","comment_status":"closed","ping_status":"closed","post_password":"","post_name":"francesc-torralba","to_ping":"","pinged":"","post_modified":"2022-07-28 17:24:57","post_modified_gmt":"2022-07-28 15:24:57","post_content_filtered":"","post_parent":0,"guid":"http:\/\/dev.claret.cat\/autor\/francesc-torralba\/","menu_order":0,"post_type":"autor","post_mime_type":"","comment_count":"0","filter":"raw"}],"booktrailer":"","resenas":""},"aioseo_notices":[],"_links":{"self":[{"href":"https:\/\/www.claret.cat\/es\/wp-json\/wp\/v2\/product\/431256","targetHints":{"allow":["GET"]}}],"collection":[{"href":"https:\/\/www.claret.cat\/es\/wp-json\/wp\/v2\/product"}],"about":[{"href":"https:\/\/www.claret.cat\/es\/wp-json\/wp\/v2\/types\/product"}],"wp:featuredmedia":[{"embeddable":true,"href":"https:\/\/www.claret.cat\/es\/wp-json\/wp\/v2\/media\/431257"}],"wp:attachment":[{"href":"https:\/\/www.claret.cat\/es\/wp-json\/wp\/v2\/media?parent=431256"}],"wp:term":[{"taxonomy":"product_brand","embeddable":true,"href":"https:\/\/www.claret.cat\/es\/wp-json\/wp\/v2\/product_brand?post=431256"},{"taxonomy":"product_cat","embeddable":true,"href":"https:\/\/www.claret.cat\/es\/wp-json\/wp\/v2\/product_cat?post=431256"},{"taxonomy":"product_tag","embeddable":true,"href":"https:\/\/www.claret.cat\/es\/wp-json\/wp\/v2\/product_tag?post=431256"}],"curies":[{"name":"wp","href":"https:\/\/api.w.org\/{rel}","templated":true}]}}