{"id":431315,"date":"2023-05-18T15:57:15","date_gmt":"2023-05-18T13:57:15","guid":{"rendered":"https:\/\/www.claret.cat\/llibre\/el-nombre-de-la-rosa-9788497592581\/"},"modified":"2023-05-18T15:57:21","modified_gmt":"2023-05-18T13:57:21","slug":"el-nombre-de-la-rosa-9788497592581","status":"publish","type":"product","link":"https:\/\/www.claret.cat\/es\/libro\/el-nombre-de-la-rosa-9788497592581\/","title":{"rendered":"EL NOMBRE DE LA ROSA"},"content":{"rendered":"<p>Vali\u00e9ndose de caracter\u00edsticas propias de la novela g\u00f3tica, la cr\u00f3nica medieval, la novela polic\u00edaca, el relato ideol\u00f3gico en clave y la alegor\u00eda narrativa, El nombre de la rosa narra las actividades detectivescas de Guillermo de Baskerville para esclarecer los cr\u00edmenes cometidos en una abad\u00eda benedictina&#8230; Y a esta apasionante trama debe sumarse la admirable reconstrucci\u00f3n que no se detiene en lo exterior sino que ahonda en las formas de pensar y sentir del siglo XVI.<\/p>\n","protected":false},"excerpt":{"rendered":"<p>ECO, UMBERTO<\/p>\n","protected":false},"featured_media":431316,"template":"","meta":{"_acf_changed":false,"om_disable_all_campaigns":false,"rs_blank_template":"","rs_page_bg_color":"","slide_template_v7":"","inline_featured_image":false,"_monsterinsights_skip_tracking":false,"_monsterinsights_sitenote_active":false,"_monsterinsights_sitenote_note":"","_monsterinsights_sitenote_category":0},"product_brand":[],"product_cat":[87,353],"product_tag":[],"class_list":{"0":"post-431315","1":"product","2":"type-product","3":"status-publish","4":"has-post-thumbnail","6":"product_cat-literatura","7":"product_cat-literatura-2_humanidades","9":"first","10":"instock","11":"taxable","12":"shipping-taxable","13":"purchasable","14":"product-type-simple"},"acf":{"autor":"ECO, UMBERTO","codart":"849759258","libros-coleccion":"","ediciones":"1","encuadernacion":"R\u00fastica","fecha_de_publicacion":"01\/01\/2003","novedad":"0","paginas":"784","subtitulo":"","orden":"999","portada":"0","idioma":"spa","editorial":[{"ID":6178,"post_author":"3","post_date":"2022-07-28 17:46:34","post_date_gmt":"2022-07-28 15:46:34","post_content":"","post_title":"DEBOLSILLO","post_excerpt":"","post_status":"publish","comment_status":"closed","ping_status":"closed","post_password":"","post_name":"debolsillo","to_ping":"","pinged":"","post_modified":"2022-07-28 17:46:34","post_modified_gmt":"2022-07-28 15:46:34","post_content_filtered":"","post_parent":0,"guid":"http:\/\/dev.claret.cat\/editorial\/debolsillo\/","menu_order":0,"post_type":"editorial","post_mime_type":"","comment_count":"0","filter":"raw"}],"autores-libros":[{"ID":170690,"post_author":"3","post_date":"2022-10-14 22:37:23","post_date_gmt":"2022-10-14 20:37:23","post_content":"","post_title":"UMBERTO ECO","post_excerpt":"","post_status":"publish","comment_status":"closed","ping_status":"closed","post_password":"","post_name":"umberto-eco","to_ping":"","pinged":"","post_modified":"2022-10-14 22:37:23","post_modified_gmt":"2022-10-14 20:37:23","post_content_filtered":"","post_parent":0,"guid":"http:\/\/dev.claret.cat\/autor\/umberto-eco\/","menu_order":0,"post_type":"autor","post_mime_type":"","comment_count":"0","filter":"raw"}]},"aioseo_notices":[],"_links":{"self":[{"href":"https:\/\/www.claret.cat\/es\/wp-json\/wp\/v2\/product\/431315","targetHints":{"allow":["GET"]}}],"collection":[{"href":"https:\/\/www.claret.cat\/es\/wp-json\/wp\/v2\/product"}],"about":[{"href":"https:\/\/www.claret.cat\/es\/wp-json\/wp\/v2\/types\/product"}],"wp:featuredmedia":[{"embeddable":true,"href":"https:\/\/www.claret.cat\/es\/wp-json\/wp\/v2\/media\/431316"}],"wp:attachment":[{"href":"https:\/\/www.claret.cat\/es\/wp-json\/wp\/v2\/media?parent=431315"}],"wp:term":[{"taxonomy":"product_brand","embeddable":true,"href":"https:\/\/www.claret.cat\/es\/wp-json\/wp\/v2\/product_brand?post=431315"},{"taxonomy":"product_cat","embeddable":true,"href":"https:\/\/www.claret.cat\/es\/wp-json\/wp\/v2\/product_cat?post=431315"},{"taxonomy":"product_tag","embeddable":true,"href":"https:\/\/www.claret.cat\/es\/wp-json\/wp\/v2\/product_tag?post=431315"}],"curies":[{"name":"wp","href":"https:\/\/api.w.org\/{rel}","templated":true}]}}