{"id":431355,"date":"2023-05-18T15:59:35","date_gmt":"2023-05-18T13:59:35","guid":{"rendered":"https:\/\/www.claret.cat\/llibre\/breve-historia-de-los-aztecas-9788497635226\/"},"modified":"2025-06-03T13:26:14","modified_gmt":"2025-06-03T11:26:14","slug":"breve-historia-de-los-aztecas-9788497635226","status":"publish","type":"product","link":"https:\/\/www.claret.cat\/es\/libro\/breve-historia-de-los-aztecas-9788497635226\/","title":{"rendered":"BREVE HISTORIA DE LOS AZTECAS"},"content":{"rendered":"<p>?La fundaci\u00f3n de Tenochtitl\u00e1n,Hern\u00e1n Cort\u00e9s y Moctezuma se entremezclan en esta obra que analiza las crisis,religi\u00f3n, monumentos, leyes y t\u00e1cticas militares de esta interesante civilizaci\u00f3n.? (Revista De Viajes)?De la mano de Marco Cervera nos adentramos en los entresijos de la historia de este antiqu\u00edsimo pueblo, del que vamos descubriendo multitud de facetas a lo largo de la obra. Conoceremos sus leyendas, sus or\u00edgenes, su religi\u00f3n? y todo ello de manera amena y divertida. Adem\u00e1s, el libro cuenta con numerosas ilustraciones que nos ayudan a entender mejor su contenido y nos muestran diversas fuentes del pueblo estudiado.?(Blog Cientos de miles de historias)La apasionante historia de un pueblo fugaz que supo construir un imperio y poner contra las cuerdas al poderoso ej\u00e9rcito de Hern\u00e1n Cort\u00e9s.Conocer la historia de los aztecas es conocer tambi\u00e9n nuestra propia historia. Es una de las civilizaciones m\u00e1s importantes de Mesoam\u00e9rica que nos ha dejado un rico y curiosos legado hist\u00f3rico y que casi perece totalmente a manos de los colonos. Nos har\u00e1 part\u00edcipes, en este libro, Marco Antonio Cervera del periplo de esta civilizaci\u00f3n que conoci\u00f3 en pocos siglos el m\u00e1ximo esplendor y la absoluta decadencia. Y conoceremos sus costumbres, sus teor\u00edas sobre la creaci\u00f3n y el fin del mundo, sus templos, sus leyendas, su ley rigurosa y salvaje, y sus avatares b\u00e9licos que son el origen de su esplendor pero tambi\u00e9n el de su ocaso.Breve Historia de los Aztecas arranca con una descripci\u00f3n de los lugares en los que habitaba este pueblo, cuyo nombre correcto era mexicas, tras esto, para explicar su origen, el autor nos relata el mito por el que el dios Huitzilopochtli, elige a sus protegido, los mexicas, para abandonar Atzl\u00e1n, el siguiente cap\u00edtulo nos descubre la peregrinaci\u00f3n del pueblo y la fundaci\u00f3n de la majestuosa Tenochtitl\u00e1n, que maravillar\u00eda a los colonos espa\u00f1oles. Veremos despu\u00e9s la llegada de esos colonos, el recibimiento que los aztecas les brindan y los acontecimientos que desembocar\u00e1n en una guerra desigual en la que lucharon ca\u00f1ones y mosquetes contra espadas de obsidiana. El libro concluye con la ca\u00edda de la ciudad tras el asesinato de Moctezuma II y con un an\u00e1lisis de la religi\u00f3n, los sacrificios humanos y las t\u00e1cticas militares, que causaron tanto la hegemon\u00eda de los aztecas en Mesoam\u00e9rica, como su decadencia a manos de las huestes de Hern\u00e1n Cort\u00e9s.Razones para comprar la obra:- El libro es una breve y concisa historia de este pueblo que en apenas cuatro siglos logr\u00f3 llegar a unas incre\u00edbles cotas de esplendor y quedar casi extinto.- Nos da a conocer no s\u00f3lo los hechos hist\u00f3ricos m\u00e1s relevantes de esta civilizaci\u00f3n, tambi\u00e9n nos presenta su religi\u00f3n sus costumbres, sus estrategias o su equipamiento militar.- Incluye numerosos grabados que reconstruyen la vida de la \u00e9poca y muchas fotograf\u00edas por las que descubrimos las reliquias que nos han legado los aztecas.- El autor es un experto en la Mesoam\u00e9rica precolombina.Un libro que nos ayudar\u00e1 a conocer a este pueblo fascinante extendi\u00f3 su hegemon\u00eda por el centro de Am\u00e9rica a golpe de espada de obsidiana y que pereci\u00f3 tras una defensa que es ya legendaria contra la p\u00f3lvora y la artiller\u00eda pesada espa\u00f1olas.<\/p>\n","protected":false},"excerpt":{"rendered":"<p>CERVERA OBREG\u00d3N, MARCO ANTONIO<\/p>\n","protected":false},"featured_media":431356,"template":"","meta":{"_acf_changed":false,"om_disable_all_campaigns":false,"rs_blank_template":"","rs_page_bg_color":"","slide_template_v7":"","inline_featured_image":false,"_monsterinsights_skip_tracking":false,"_monsterinsights_sitenote_active":false,"_monsterinsights_sitenote_note":"","_monsterinsights_sitenote_category":0},"product_brand":[],"product_cat":[85,351],"product_tag":[],"class_list":{"0":"post-431355","1":"product","2":"type-product","3":"status-publish","4":"has-post-thumbnail","6":"product_cat-historia","7":"product_cat-historia-2_humanidades","9":"first","10":"instock","11":"taxable","12":"shipping-taxable","13":"purchasable","14":"product-type-simple"},"acf":{"autor":"CERVERA OBREG\u00d3N, MARCO ANTONIO","codart":"849763522","libros-coleccion":"","ediciones":"3","encuadernacion":"R\u00fastica","fecha_de_publicacion":"11\/02\/2016","novedad":"0","paginas":"302","subtitulo":"","orden":"999","portada":"0","idioma":"spa","editorial":[{"ID":8262,"post_author":"3","post_date":"2022-09-30 09:21:34","post_date_gmt":"2022-09-30 07:21:34","post_content":"","post_title":"NOWTILUS, EDICIONES","post_excerpt":"","post_status":"publish","comment_status":"closed","ping_status":"closed","post_password":"","post_name":"nowtilus-ediciones","to_ping":"","pinged":"","post_modified":"2022-09-30 09:21:34","post_modified_gmt":"2022-09-30 07:21:34","post_content_filtered":"","post_parent":0,"guid":"http:\/\/dev.claret.cat\/editorial\/nowtilus-ediciones\/","menu_order":0,"post_type":"editorial","post_mime_type":"","comment_count":"0","filter":"raw"}],"autores-libros":[{"ID":425990,"post_author":"3","post_date":"2023-05-16 08:33:40","post_date_gmt":"2023-05-16 06:33:40","post_content":"","post_title":"MARCO ANTONIO CERVERA OBREG\u00d3N","post_excerpt":"","post_status":"publish","comment_status":"closed","ping_status":"closed","post_password":"","post_name":"marco-antonio-cervera-obregon","to_ping":"","pinged":"","post_modified":"2023-05-16 08:33:40","post_modified_gmt":"2023-05-16 06:33:40","post_content_filtered":"","post_parent":0,"guid":"https:\/\/www.claret.cat\/autor\/marco-antonio-cervera-obregon\/","menu_order":0,"post_type":"autor","post_mime_type":"","comment_count":"0","filter":"raw"}],"booktrailer":"","resenas":""},"aioseo_notices":[],"_links":{"self":[{"href":"https:\/\/www.claret.cat\/es\/wp-json\/wp\/v2\/product\/431355","targetHints":{"allow":["GET"]}}],"collection":[{"href":"https:\/\/www.claret.cat\/es\/wp-json\/wp\/v2\/product"}],"about":[{"href":"https:\/\/www.claret.cat\/es\/wp-json\/wp\/v2\/types\/product"}],"wp:featuredmedia":[{"embeddable":true,"href":"https:\/\/www.claret.cat\/es\/wp-json\/wp\/v2\/media\/431356"}],"wp:attachment":[{"href":"https:\/\/www.claret.cat\/es\/wp-json\/wp\/v2\/media?parent=431355"}],"wp:term":[{"taxonomy":"product_brand","embeddable":true,"href":"https:\/\/www.claret.cat\/es\/wp-json\/wp\/v2\/product_brand?post=431355"},{"taxonomy":"product_cat","embeddable":true,"href":"https:\/\/www.claret.cat\/es\/wp-json\/wp\/v2\/product_cat?post=431355"},{"taxonomy":"product_tag","embeddable":true,"href":"https:\/\/www.claret.cat\/es\/wp-json\/wp\/v2\/product_tag?post=431355"}],"curies":[{"name":"wp","href":"https:\/\/api.w.org\/{rel}","templated":true}]}}