{"id":431406,"date":"2023-05-18T16:02:38","date_gmt":"2023-05-18T14:02:38","guid":{"rendered":"https:\/\/www.claret.cat\/llibre\/breve-historia-del-condon-y-de-los-metodos-anticonceptivos-9788497637831\/"},"modified":"2025-06-03T13:24:10","modified_gmt":"2025-06-03T11:24:10","slug":"breve-historia-del-condon-y-de-los-metodos-anticonceptivos-9788497637831","status":"publish","type":"product","link":"https:\/\/www.claret.cat\/es\/libro\/breve-historia-del-condon-y-de-los-metodos-anticonceptivos-9788497637831\/","title":{"rendered":"BREVE HISTORIA DEL COND\u00d3N Y DE LOS M\u00c9TODOS ANTICONCEPTIVOS"},"content":{"rendered":"<p>?Ana Martos, con su libro Breve Historia del Cond\u00f3n y de los m\u00e9todos anticonceptivos, nos habla de este tema tan peliagudo haci\u00e9ndonos part\u00edcipes de un incre\u00edble y fascinante viaje por la historia de las formas de evitar embarazos innecesarios y los m\u00e9todos seguros y curiosos que ha tenido la raza humana de luchar contra las enfermedades ven\u00e9reas.?<br \/> (Blog Historia con min\u00fasculas)Desde los inicios de la civilizaci\u00f3n el hombre ha necesitado tomar medidas para controlar la <br \/>natalidad, una historia tan antigua y actual como la pol\u00e9mica que siempre le acompa\u00f1a.Existen, actualmente, innumerables manuales y panfletos sobre los m\u00e9todos anticonceptivos desde una perspectiva m\u00e9dica o funcional, la novedad de este libro es que nos presenta la historia de los anticonceptivos desde una perspectiva hist\u00f3rica; sumergi\u00e9ndose en la historia de los m\u00e9todos y \u00fatiles contraceptivos desde el momento en que las hembras de los hom\u00ednidos separan su deseo sexual de sus ciclos menstruales ?necesitando, desde ah\u00ed, medidas para el control de la natalidad- hasta la actualidad, en el que existen innumerables m\u00e9todos anticonceptivos que, no obstante, no est\u00e1n exentos de pol\u00e9mica.Ana Martos, en Breve Historia del cond\u00f3n y los m\u00e9todos anticonceptivos, nos descubre, en un estilo \u00e1gil pero con absoluto rigor cient\u00edfico, no s\u00f3lo la historia de los distintos medios para el control de la natalidad, sino las distintas posiciones que, desde la filosof\u00eda y la religi\u00f3n principalmente, se han opuesto a dichos medios. Desde el esti\u00e9rcol de cocodrilo para matar el esperma, hasta la c\u00e1scara de granada usada como DIU, pasando por los distintos preservativos de seda, de terciopelo o de l\u00e1tex, el libro nos muestra que los m\u00e9todos anticonceptivos y el control de la natalidad son tan antiguos como el propio hombre, un ser incapaz de ajustar su deseo a los ciclos menstruales.Razones para comprar el libro:- Es el \u00fanico libro en el mercado que trata el tema de los anticonceptivos desde una perspectiva hist\u00f3rica.- Est\u00e1 escrito en un estilo desenfadado pero con gran rigor cient\u00edfico.- El control de la natalidad ha sido un tema fundamental en todas las sociedades de la historia.- El debate sobre los m\u00e9todos anticonceptivos contin\u00faa abierto en la actualidad y con mucha fuerza.Un libro imprescindible para conocer en profundidad la compleja historia de los m\u00e9todos anovulativos, naturales, contraceptivos y antinidativos y la pol\u00e9mica que siempre ha ido asociada a ellos. Un libro que demanda una lectura fuera de ideas preconcebidas y t\u00f3picos populares para comprender un tema netamente humano.<\/p>\n","protected":false},"excerpt":{"rendered":"<p>MARTOS RUBIO, ANA<\/p>\n","protected":false},"featured_media":431407,"template":"","meta":{"_acf_changed":false,"om_disable_all_campaigns":false,"rs_blank_template":"","rs_page_bg_color":"","slide_template_v7":"","inline_featured_image":false,"_monsterinsights_skip_tracking":false,"_monsterinsights_sitenote_active":false,"_monsterinsights_sitenote_note":"","_monsterinsights_sitenote_category":0},"product_brand":[],"product_cat":[85,351],"product_tag":[],"class_list":{"0":"post-431406","1":"product","2":"type-product","3":"status-publish","4":"has-post-thumbnail","6":"product_cat-historia","7":"product_cat-historia-2_humanidades","9":"first","10":"instock","11":"taxable","12":"shipping-taxable","13":"purchasable","14":"product-type-simple"},"acf":{"autor":"MARTOS RUBIO, ANA","codart":"849763783","libros-coleccion":"","ediciones":"1","encuadernacion":"R\u00fastica","fecha_de_publicacion":"11\/02\/2016","novedad":"0","paginas":"253","subtitulo":"","orden":"999","portada":"0","idioma":"spa","editorial":[{"ID":8262,"post_author":"3","post_date":"2022-09-30 09:21:34","post_date_gmt":"2022-09-30 07:21:34","post_content":"","post_title":"NOWTILUS, EDICIONES","post_excerpt":"","post_status":"publish","comment_status":"closed","ping_status":"closed","post_password":"","post_name":"nowtilus-ediciones","to_ping":"","pinged":"","post_modified":"2022-09-30 09:21:34","post_modified_gmt":"2022-09-30 07:21:34","post_content_filtered":"","post_parent":0,"guid":"http:\/\/dev.claret.cat\/editorial\/nowtilus-ediciones\/","menu_order":0,"post_type":"editorial","post_mime_type":"","comment_count":"0","filter":"raw"}],"autores-libros":[{"ID":420106,"post_author":"3","post_date":"2023-05-16 00:35:16","post_date_gmt":"2023-05-15 22:35:16","post_content":"","post_title":"ANA MARTOS RUBIO","post_excerpt":"","post_status":"publish","comment_status":"closed","ping_status":"closed","post_password":"","post_name":"ana-martos-rubio","to_ping":"","pinged":"","post_modified":"2023-05-16 00:35:16","post_modified_gmt":"2023-05-15 22:35:16","post_content_filtered":"","post_parent":0,"guid":"https:\/\/www.claret.cat\/autor\/ana-martos-rubio\/","menu_order":0,"post_type":"autor","post_mime_type":"","comment_count":"0","filter":"raw"}],"booktrailer":"","resenas":""},"aioseo_notices":[],"_links":{"self":[{"href":"https:\/\/www.claret.cat\/es\/wp-json\/wp\/v2\/product\/431406","targetHints":{"allow":["GET"]}}],"collection":[{"href":"https:\/\/www.claret.cat\/es\/wp-json\/wp\/v2\/product"}],"about":[{"href":"https:\/\/www.claret.cat\/es\/wp-json\/wp\/v2\/types\/product"}],"wp:featuredmedia":[{"embeddable":true,"href":"https:\/\/www.claret.cat\/es\/wp-json\/wp\/v2\/media\/431407"}],"wp:attachment":[{"href":"https:\/\/www.claret.cat\/es\/wp-json\/wp\/v2\/media?parent=431406"}],"wp:term":[{"taxonomy":"product_brand","embeddable":true,"href":"https:\/\/www.claret.cat\/es\/wp-json\/wp\/v2\/product_brand?post=431406"},{"taxonomy":"product_cat","embeddable":true,"href":"https:\/\/www.claret.cat\/es\/wp-json\/wp\/v2\/product_cat?post=431406"},{"taxonomy":"product_tag","embeddable":true,"href":"https:\/\/www.claret.cat\/es\/wp-json\/wp\/v2\/product_tag?post=431406"}],"curies":[{"name":"wp","href":"https:\/\/api.w.org\/{rel}","templated":true}]}}