{"id":431430,"date":"2023-05-18T16:04:01","date_gmt":"2023-05-18T14:04:01","guid":{"rendered":"https:\/\/www.claret.cat\/llibre\/breve-historia-de-las-leyendas-medievales-9788497639361\/"},"modified":"2025-06-03T13:22:56","modified_gmt":"2025-06-03T11:22:56","slug":"breve-historia-de-las-leyendas-medievales-9788497639361","status":"publish","type":"product","link":"https:\/\/www.claret.cat\/es\/libro\/breve-historia-de-las-leyendas-medievales-9788497639361\/","title":{"rendered":"BREVE HISTORIA DE LAS LEYENDAS MEDIEVALES"},"content":{"rendered":"<p>?En esta obra se recopila la mejor selecci\u00f3n de las leyendas medievales de las cr\u00f3nicas, los poemas y la tradici\u00f3n oral de toda Europa para relatarnos el verdadero trasfondo hist\u00f3rico de cada una de ellas. As\u00ed, permite conocer la historia real de aquellos hombres y mujeres que vivieron durante la Edad Media y cuyas haza\u00f1as extraordinarias los convirtieron en leyenda.? (Blog Cientos de miles de historias)?Las historias est\u00e1n excelentemente esbozadas en apenas unos p\u00e1rrafos y en su estudio se nos mencionan fuentes de la \u00e9poca, c\u00f3mo han sido tratadas a lo largo de la historia, y qu\u00e9 dicen las corrientes historiogr\u00e1ficas al respecto de su veracidad. Muy alejado de las fantas\u00edas que rodean a muchos de sus temas (fantas\u00edas que el mismo libro trata de desmontar en la mayor\u00eda de los casos), est\u00e1 escrito con rigor y amenidad.? (Web Hislibris) Relatos de h\u00e9roes, batallas y amores m\u00e1s all\u00e1 de la muerte tan impresionantes que  desde su nacimiento se cargaron de elementos maravillosos e inmortales.Todo el mundo ha o\u00eddo, alguna vez, historias sobre Juana de Arco, El Cid Campeador, el Rey Arturo, Beowulf o Jaime I El Conquistador, pero pocos saben qu\u00e9 parte de aquellas historias que conocemos hoy d\u00eda son verdad y qu\u00e9 parte son pura invenci\u00f3n. La figura de estos hombres y mujeres memorables ha sido tan determinante en la historia de sus respectivos pueblos que no tardaron en envolver sus haza\u00f1as en un halo de magia que les convirti\u00f3 en seres mitol\u00f3gicos. David Gonz\u00e1lez aborda estos mitos y los compara con los datos rigurosos que se conocen para, en un relato vivo y veloz, ayudarnos a discernir entre el mito y la realidad de estos personajes que marcaron la Edad Media y que a\u00fan siguen presentes en la historia.Breve Historia de las Leyendas Medievales ci\u00f1e su campo de estudio a lo que se ha considerado un\u00e1nimemente como Edad Media, es decir desde la ca\u00edda del Imperio romano en el 476 d.C. hasta la toma de Constantinopla en el 1453 d.C. Dentro de ese segmento nos presenta las leyendas m\u00e1s famosas de la \u00e9poca y las compara con los datos reales que se conservan para que veamos c\u00f3mo se tejen realidad y ficci\u00f3n para confeccionar las leyendas. Veremos as\u00ed historias como la de William Wallace que son rigurosamente ciertas aunque pudiera parecer que no, otras que se han magnificado y pervertido para forjar unas se\u00f1as de identidad nacional como la figura de Wilfredo el Velloso o la de Juana de Arco y otras leyendas, como la de Beowulf que son directamente invenciones. Nos desarrolla David Gonz\u00e1lez estos relatos maravillosos atendiendo a una divisi\u00f3n tem\u00e1tica que facilita la comprensi\u00f3n de los temas m\u00e1s determinantes de la Edad Media y los nexos que pueden tener algunas historias aparentemente distintas.Razones para comprar la obra:- Es una obra novedosa que permite ver c\u00f3mo desde los hechos rigurosamente hist\u00f3ricos se tejen leyendas intemporales, ya que analiza a la vez, mito y realidad.- Permite que el lector tome partido en el debate historiogr\u00e1fico que se establece alrededor de los mitos de la Edad Media.- La estructura tem\u00e1tica ayuda a una comprensi\u00f3n m\u00e1s completa de las leyendas, adem\u00e1s de presentar las mismas con un estilo \u00e1gil.- El libro cuenta con un buen n\u00famero de im\u00e1genes todas ellas muy instructivas.Breve Historia de la Leyendas Medievales supone una incursi\u00f3n novedosa en la historia de la Edad Media y un an\u00e1lisis riguroso de aquellas figuras que han acabando por convertirse en las se\u00f1as de identidad de los distintos pueblos como Juana de Arco o el Rey Arturo.<\/p>\n","protected":false},"excerpt":{"rendered":"<p>GONZ\u00c1LEZ RUIZ, DAVID<\/p>\n","protected":false},"featured_media":431431,"template":"","meta":{"_acf_changed":false,"om_disable_all_campaigns":false,"rs_blank_template":"","rs_page_bg_color":"","slide_template_v7":"","inline_featured_image":false,"_monsterinsights_skip_tracking":false,"_monsterinsights_sitenote_active":false,"_monsterinsights_sitenote_note":"","_monsterinsights_sitenote_category":0},"product_brand":[],"product_cat":[85,351],"product_tag":[],"class_list":{"0":"post-431430","1":"product","2":"type-product","3":"status-publish","4":"has-post-thumbnail","6":"product_cat-historia","7":"product_cat-historia-2_humanidades","9":"first","10":"instock","11":"taxable","12":"shipping-taxable","13":"purchasable","14":"product-type-simple"},"acf":{"autor":"GONZ\u00c1LEZ RUIZ, DAVID","codart":"849763936","libros-coleccion":"","ediciones":"1","encuadernacion":"R\u00fastica","fecha_de_publicacion":"15\/02\/2016","novedad":"0","paginas":"286","subtitulo":"","orden":"999","portada":"0","idioma":"spa","editorial":[{"ID":8262,"post_author":"3","post_date":"2022-09-30 09:21:34","post_date_gmt":"2022-09-30 07:21:34","post_content":"","post_title":"NOWTILUS, EDICIONES","post_excerpt":"","post_status":"publish","comment_status":"closed","ping_status":"closed","post_password":"","post_name":"nowtilus-ediciones","to_ping":"","pinged":"","post_modified":"2022-09-30 09:21:34","post_modified_gmt":"2022-09-30 07:21:34","post_content_filtered":"","post_parent":0,"guid":"http:\/\/dev.claret.cat\/editorial\/nowtilus-ediciones\/","menu_order":0,"post_type":"editorial","post_mime_type":"","comment_count":"0","filter":"raw"}],"autores-libros":[{"ID":153831,"post_author":"3","post_date":"2022-10-14 14:59:53","post_date_gmt":"2022-10-14 12:59:53","post_content":"","post_title":"DAVID GONZ\u00c1LEZ RUIZ","post_excerpt":"","post_status":"publish","comment_status":"closed","ping_status":"closed","post_password":"","post_name":"david-gonzalez-ruiz","to_ping":"","pinged":"","post_modified":"2022-10-14 14:59:53","post_modified_gmt":"2022-10-14 12:59:53","post_content_filtered":"","post_parent":0,"guid":"http:\/\/dev.claret.cat\/autor\/david-gonzalez-ruiz\/","menu_order":0,"post_type":"autor","post_mime_type":"","comment_count":"0","filter":"raw"}],"booktrailer":"","resenas":""},"aioseo_notices":[],"_links":{"self":[{"href":"https:\/\/www.claret.cat\/es\/wp-json\/wp\/v2\/product\/431430","targetHints":{"allow":["GET"]}}],"collection":[{"href":"https:\/\/www.claret.cat\/es\/wp-json\/wp\/v2\/product"}],"about":[{"href":"https:\/\/www.claret.cat\/es\/wp-json\/wp\/v2\/types\/product"}],"wp:featuredmedia":[{"embeddable":true,"href":"https:\/\/www.claret.cat\/es\/wp-json\/wp\/v2\/media\/431431"}],"wp:attachment":[{"href":"https:\/\/www.claret.cat\/es\/wp-json\/wp\/v2\/media?parent=431430"}],"wp:term":[{"taxonomy":"product_brand","embeddable":true,"href":"https:\/\/www.claret.cat\/es\/wp-json\/wp\/v2\/product_brand?post=431430"},{"taxonomy":"product_cat","embeddable":true,"href":"https:\/\/www.claret.cat\/es\/wp-json\/wp\/v2\/product_cat?post=431430"},{"taxonomy":"product_tag","embeddable":true,"href":"https:\/\/www.claret.cat\/es\/wp-json\/wp\/v2\/product_tag?post=431430"}],"curies":[{"name":"wp","href":"https:\/\/api.w.org\/{rel}","templated":true}]}}