{"id":431448,"date":"2023-05-18T16:05:08","date_gmt":"2023-05-18T14:05:08","guid":{"rendered":"https:\/\/www.claret.cat\/llibre\/evangelio-segun-tomas-9788497770354\/"},"modified":"2026-01-22T16:55:23","modified_gmt":"2026-01-22T15:55:23","slug":"evangelio-segun-tomas-9788497770354","status":"publish","type":"product","link":"https:\/\/www.claret.cat\/es\/libro\/evangelio-segun-tomas-9788497770354\/","title":{"rendered":"EVANGELIO SEG\u00daN TOM\u00c1S"},"content":{"rendered":"<p>EL EVANGELIO SEG\u00daN TOM\u00c1S pertenece a un conjunto de textos gn\u00f3sticos descubiertos en Egipto en 1945. Contiene, seg\u00fan podemos leer en su primera l\u00ednea, las palabras secretas de Jes\u00fas y su redacci\u00f3n es anterior a la de los cuatro Evangelios Can\u00f3nicos.<\/p>\n<p> Este bell\u00edsimo texto, nos ofrece algunas de las par\u00e1bolas que todos conocemos, pero tambi\u00e9n palabras de Jes\u00fas que la censura no hab\u00eda dejado que llegaran hasta nosotros. Karl G. Jung, profundo administrador de este Evangelio se\u00f1al\u00f3 su enorme importancia.<\/p>\n<p> La presente edici\u00f3n nos ofrece adem\u00e1s un estudio comparativo entre el Evangelio seg\u00fan Tom\u00e1s y el canto de la Perla, un fragmento de los Actos de Tom\u00e1s.<\/p>\n","protected":false},"excerpt":{"rendered":"<p>ANONIMO<\/p>\n","protected":false},"featured_media":431449,"template":"","meta":{"_acf_changed":false,"om_disable_all_campaigns":false,"rs_blank_template":"","rs_page_bg_color":"","slide_template_v7":"","inline_featured_image":false,"_monsterinsights_skip_tracking":false,"_monsterinsights_sitenote_active":false,"_monsterinsights_sitenote_note":"","_monsterinsights_sitenote_category":0},"product_brand":[],"product_cat":[90,540],"product_tag":[],"class_list":{"0":"post-431448","1":"product","2":"type-product","3":"status-publish","4":"has-post-thumbnail","6":"product_cat-altres","7":"product_cat-otros","9":"first","10":"instock","11":"taxable","12":"shipping-taxable","13":"purchasable","14":"product-type-simple"},"acf":{"autor":"ANONIMO","codart":"849777035","libros-coleccion":"Narrativa","ediciones":"1","encuadernacion":"[Vac\u00edo]","fecha_de_publicacion":"01\/05\/2003","novedad":"0","paginas":"141","subtitulo":"","orden":"999","portada":"0","idioma":"spa","editorial":[{"ID":147839,"post_author":"3","post_date":"2022-10-14 11:53:36","post_date_gmt":"2022-10-14 09:53:36","post_content":"","post_title":"EDICIONES OBELISCO","post_excerpt":"","post_status":"publish","comment_status":"closed","ping_status":"closed","post_password":"","post_name":"ediciones-obelisco","to_ping":"","pinged":"","post_modified":"2022-10-14 11:53:36","post_modified_gmt":"2022-10-14 09:53:36","post_content_filtered":"","post_parent":0,"guid":"http:\/\/dev.claret.cat\/editorial\/ediciones-obelisco\/","menu_order":0,"post_type":"editorial","post_mime_type":"","comment_count":"0","filter":"raw"}],"autores-libros":[{"ID":6071,"post_author":"3","post_date":"2022-07-28 17:37:31","post_date_gmt":"2022-07-28 15:37:31","post_content":"","post_title":"VARIOS","post_excerpt":"","post_status":"publish","comment_status":"closed","ping_status":"closed","post_password":"","post_name":"varios","to_ping":"","pinged":"","post_modified":"2022-07-28 17:37:31","post_modified_gmt":"2022-07-28 15:37:31","post_content_filtered":"","post_parent":0,"guid":"http:\/\/dev.claret.cat\/autor\/varios\/","menu_order":0,"post_type":"autor","post_mime_type":"","comment_count":"0","filter":"raw"}],"booktrailer":"","resenas":""},"aioseo_notices":[],"_links":{"self":[{"href":"https:\/\/www.claret.cat\/es\/wp-json\/wp\/v2\/product\/431448","targetHints":{"allow":["GET"]}}],"collection":[{"href":"https:\/\/www.claret.cat\/es\/wp-json\/wp\/v2\/product"}],"about":[{"href":"https:\/\/www.claret.cat\/es\/wp-json\/wp\/v2\/types\/product"}],"wp:featuredmedia":[{"embeddable":true,"href":"https:\/\/www.claret.cat\/es\/wp-json\/wp\/v2\/media\/431449"}],"wp:attachment":[{"href":"https:\/\/www.claret.cat\/es\/wp-json\/wp\/v2\/media?parent=431448"}],"wp:term":[{"taxonomy":"product_brand","embeddable":true,"href":"https:\/\/www.claret.cat\/es\/wp-json\/wp\/v2\/product_brand?post=431448"},{"taxonomy":"product_cat","embeddable":true,"href":"https:\/\/www.claret.cat\/es\/wp-json\/wp\/v2\/product_cat?post=431448"},{"taxonomy":"product_tag","embeddable":true,"href":"https:\/\/www.claret.cat\/es\/wp-json\/wp\/v2\/product_tag?post=431448"}],"curies":[{"name":"wp","href":"https:\/\/api.w.org\/{rel}","templated":true}]}}