{"id":431488,"date":"2023-05-18T16:07:28","date_gmt":"2023-05-18T14:07:28","guid":{"rendered":"https:\/\/www.claret.cat\/llibre\/profeta-el-9788497775434\/"},"modified":"2023-05-18T16:07:33","modified_gmt":"2023-05-18T14:07:33","slug":"profeta-el-9788497775434","status":"publish","type":"product","link":"https:\/\/www.claret.cat\/es\/libro\/profeta-el-9788497775434\/","title":{"rendered":"PROFETA EL"},"content":{"rendered":"<p>Pocos libros poseen al mismo tiempo una profundidad, una frescura y una poes\u00eda comparables a las de El Profeta, de Khalil Gibran. Al Mustaf\u00e1, el Elegido, el Bienamado, como las aguas tranquilas y en calma, como un espejo luminoso, refl eja en sus discursos el Yo divino de los habitantes de Orfalese. Gibran, el poeta, el fi l\u00f3sofo, brinda a sus lectores la oportunidad de encontrarse a s\u00ed mismos a trav\u00e9s de estas palabras sencillas y cargadas de veracidad. El hecho de que El profeta se haya convertido para muchos en libro de cabecera y que sus palabras entra\u00f1ables alcancen directamente el coraz\u00f3n de sus lectores ha permitido que se hayan editado millones de copias de este libro, que en esta cuidada edici\u00f3n est\u00e1 ilustrado a todo colo<\/p>\n","protected":false},"excerpt":{"rendered":"<p>GIBRAN, KHALIL<\/p>\n","protected":false},"featured_media":431489,"template":"","meta":{"_acf_changed":false,"om_disable_all_campaigns":false,"rs_blank_template":"","rs_page_bg_color":"","slide_template_v7":"","inline_featured_image":false,"_monsterinsights_skip_tracking":false,"_monsterinsights_sitenote_active":false,"_monsterinsights_sitenote_note":"","_monsterinsights_sitenote_category":0},"product_brand":[],"product_cat":[87,353],"product_tag":[],"class_list":{"0":"post-431488","1":"product","2":"type-product","3":"status-publish","4":"has-post-thumbnail","6":"product_cat-literatura","7":"product_cat-literatura-2_humanidades","9":"first","10":"instock","11":"taxable","12":"shipping-taxable","13":"purchasable","14":"product-type-simple"},"acf":{"autor":"GIBRAN, KHALIL","codart":"849777543","libros-coleccion":"","ediciones":"1","encuadernacion":"Carton\u00e9","fecha_de_publicacion":"01\/09\/2009","novedad":"0","paginas":"128","subtitulo":"","orden":"999","portada":"0","idioma":"spa","editorial":[{"ID":148599,"post_author":"3","post_date":"2022-10-14 11:59:30","post_date_gmt":"2022-10-14 09:59:30","post_content":"","post_title":"OBELISCO, EDICIONES S.A.","post_excerpt":"","post_status":"publish","comment_status":"closed","ping_status":"closed","post_password":"","post_name":"obelisco-ediciones-s-a","to_ping":"","pinged":"","post_modified":"2022-10-14 11:59:30","post_modified_gmt":"2022-10-14 09:59:30","post_content_filtered":"","post_parent":0,"guid":"http:\/\/dev.claret.cat\/editorial\/obelisco-ediciones-s-a\/","menu_order":0,"post_type":"editorial","post_mime_type":"","comment_count":"0","filter":"raw"}],"autores-libros":[{"ID":161660,"post_author":"3","post_date":"2022-10-14 17:20:01","post_date_gmt":"2022-10-14 15:20:01","post_content":"","post_title":"KHALIL GIBRAN","post_excerpt":"","post_status":"publish","comment_status":"closed","ping_status":"closed","post_password":"","post_name":"khalil-gibran","to_ping":"","pinged":"","post_modified":"2022-10-14 17:20:01","post_modified_gmt":"2022-10-14 15:20:01","post_content_filtered":"","post_parent":0,"guid":"http:\/\/dev.claret.cat\/autor\/khalil-gibran\/","menu_order":0,"post_type":"autor","post_mime_type":"","comment_count":"0","filter":"raw"}]},"aioseo_notices":[],"_links":{"self":[{"href":"https:\/\/www.claret.cat\/es\/wp-json\/wp\/v2\/product\/431488","targetHints":{"allow":["GET"]}}],"collection":[{"href":"https:\/\/www.claret.cat\/es\/wp-json\/wp\/v2\/product"}],"about":[{"href":"https:\/\/www.claret.cat\/es\/wp-json\/wp\/v2\/types\/product"}],"wp:featuredmedia":[{"embeddable":true,"href":"https:\/\/www.claret.cat\/es\/wp-json\/wp\/v2\/media\/431489"}],"wp:attachment":[{"href":"https:\/\/www.claret.cat\/es\/wp-json\/wp\/v2\/media?parent=431488"}],"wp:term":[{"taxonomy":"product_brand","embeddable":true,"href":"https:\/\/www.claret.cat\/es\/wp-json\/wp\/v2\/product_brand?post=431488"},{"taxonomy":"product_cat","embeddable":true,"href":"https:\/\/www.claret.cat\/es\/wp-json\/wp\/v2\/product_cat?post=431488"},{"taxonomy":"product_tag","embeddable":true,"href":"https:\/\/www.claret.cat\/es\/wp-json\/wp\/v2\/product_tag?post=431488"}],"curies":[{"name":"wp","href":"https:\/\/api.w.org\/{rel}","templated":true}]}}