{"id":431549,"date":"2023-05-18T16:11:31","date_gmt":"2023-05-18T14:11:31","guid":{"rendered":"https:\/\/www.claret.cat\/llibre\/la-intimitat-9788497797245\/"},"modified":"2025-12-20T12:45:51","modified_gmt":"2025-12-20T11:45:51","slug":"la-intimitat-9788497797245","status":"publish","type":"product","link":"https:\/\/www.claret.cat\/es\/libro\/la-intimitat-9788497797245\/","title":{"rendered":"LA INTIMITAT"},"content":{"rendered":"<p>Podem seguir els passos d&#8217;una persona pel carrer, podem veure com treballa en una oficina, com es distreu el dissabte a la tarda amb els amics, per\u00f2 no podem veure la vida del seu pensament, la vitalitat dels seus sentiments, les dif\u00edcils mutacions interiors, les viv\u00e8ncies del jo, l&#8217;exist\u00e8ncia dels records, el creixement intangible del jo. Tot aix\u00f2 escapa a la mirada externa i \u00e9s el que compta. Aquesta vida \u00edntima, aquest moviment que no es percep amb els ulls exteriors \u00e9s, pr\u00f2piament, la vida interior. Solament si es conseix aquesta vitalitat oculta, es coneix la persona.<\/p>\n","protected":false},"excerpt":{"rendered":"<p>TORRALBA, FRANCESC<\/p>\n","protected":false},"featured_media":431550,"template":"","meta":{"_acf_changed":false,"om_disable_all_campaigns":false,"rs_blank_template":"","rs_page_bg_color":"","slide_template_v7":"","inline_featured_image":false,"_monsterinsights_skip_tracking":false,"_monsterinsights_sitenote_active":false,"_monsterinsights_sitenote_note":"","_monsterinsights_sitenote_category":0},"product_brand":[],"product_cat":[90,540],"product_tag":[],"class_list":{"0":"post-431549","1":"product","2":"type-product","3":"status-publish","4":"has-post-thumbnail","6":"product_cat-altres","7":"product_cat-otros","9":"first","10":"instock","11":"taxable","12":"shipping-taxable","13":"purchasable","14":"product-type-simple"},"acf":{"autor":"TORRALBA, FRANCESC","codart":"849779724","libros-coleccion":"","ediciones":"1","encuadernacion":"R\u00fastica","fecha_de_publicacion":"26\/02\/2009","novedad":"0","paginas":"128","subtitulo":"","orden":"999","portada":"0","idioma":"cat","editorial":[{"ID":6322,"post_author":"3","post_date":"2022-07-28 17:49:42","post_date_gmt":"2022-07-28 15:49:42","post_content":"","post_title":"PAG\u00c8S EDITORS","post_excerpt":"","post_status":"publish","comment_status":"closed","ping_status":"closed","post_password":"","post_name":"pages-editors","to_ping":"","pinged":"","post_modified":"2022-07-28 17:49:42","post_modified_gmt":"2022-07-28 15:49:42","post_content_filtered":"","post_parent":0,"guid":"http:\/\/dev.claret.cat\/editorial\/pages-editors\/","menu_order":0,"post_type":"editorial","post_mime_type":"","comment_count":"0","filter":"raw"}],"autores-libros":[{"ID":5483,"post_author":"3","post_date":"2022-07-28 17:24:57","post_date_gmt":"2022-07-28 15:24:57","post_content":"","post_title":"FRANCESC TORRALBA","post_excerpt":"","post_status":"publish","comment_status":"closed","ping_status":"closed","post_password":"","post_name":"francesc-torralba","to_ping":"","pinged":"","post_modified":"2022-07-28 17:24:57","post_modified_gmt":"2022-07-28 15:24:57","post_content_filtered":"","post_parent":0,"guid":"http:\/\/dev.claret.cat\/autor\/francesc-torralba\/","menu_order":0,"post_type":"autor","post_mime_type":"","comment_count":"0","filter":"raw"}],"booktrailer":"","resenas":""},"aioseo_notices":[],"_links":{"self":[{"href":"https:\/\/www.claret.cat\/es\/wp-json\/wp\/v2\/product\/431549","targetHints":{"allow":["GET"]}}],"collection":[{"href":"https:\/\/www.claret.cat\/es\/wp-json\/wp\/v2\/product"}],"about":[{"href":"https:\/\/www.claret.cat\/es\/wp-json\/wp\/v2\/types\/product"}],"wp:featuredmedia":[{"embeddable":true,"href":"https:\/\/www.claret.cat\/es\/wp-json\/wp\/v2\/media\/431550"}],"wp:attachment":[{"href":"https:\/\/www.claret.cat\/es\/wp-json\/wp\/v2\/media?parent=431549"}],"wp:term":[{"taxonomy":"product_brand","embeddable":true,"href":"https:\/\/www.claret.cat\/es\/wp-json\/wp\/v2\/product_brand?post=431549"},{"taxonomy":"product_cat","embeddable":true,"href":"https:\/\/www.claret.cat\/es\/wp-json\/wp\/v2\/product_cat?post=431549"},{"taxonomy":"product_tag","embeddable":true,"href":"https:\/\/www.claret.cat\/es\/wp-json\/wp\/v2\/product_tag?post=431549"}],"curies":[{"name":"wp","href":"https:\/\/api.w.org\/{rel}","templated":true}]}}