{"id":431711,"date":"2023-05-18T16:28:06","date_gmt":"2023-05-18T14:28:06","guid":{"rendered":"https:\/\/www.claret.cat\/llibre\/viatge-al-pais-de-les-meravelles-9788498019162\/"},"modified":"2023-05-18T16:28:13","modified_gmt":"2023-05-18T14:28:13","slug":"viatge-al-pais-de-les-meravelles-9788498019162","status":"publish","type":"product","link":"https:\/\/www.claret.cat\/es\/libro\/viatge-al-pais-de-les-meravelles-9788498019162\/","title":{"rendered":"VIATGE AL PA\u00cdS DE LES MERAVELLES"},"content":{"rendered":"<p>Viu la m\u00e0gia de Les aventures d?Al\u00edcia al Pa\u00eds de les Meravelles amb aquest petit llibre per pintar, exquisidament il\u00b7lustrat, adequat per a totes les edats. Quan l?Al\u00edcia es precipita accidentalment al cau del conill, es perd en un m\u00f3n d?all\u00f2 m\u00e9s estrany ple de personatges extraordinaris.  Explora aquesta terra alhora fascinant i meravellosa, tot pintant-ne les boniques il\u00b7lustracions tan detallades.  Deixa volar la imaginaci\u00f3 mentre converses amb el conill blanc i el gat de Cheshire, prens el te amb el barreter i jugues al croquet amb la imponent reina de cors.<\/p>\n","protected":false},"excerpt":{"rendered":"<p>CARROLL, LEWIS \/ GOOD WIVES AND WARRIORS<\/p>\n","protected":false},"featured_media":431712,"template":"","meta":{"_acf_changed":false,"om_disable_all_campaigns":false,"rs_blank_template":"","rs_page_bg_color":"","slide_template_v7":"","inline_featured_image":false,"_monsterinsights_skip_tracking":false,"_monsterinsights_sitenote_active":false,"_monsterinsights_sitenote_note":"","_monsterinsights_sitenote_category":0},"product_brand":[],"product_cat":[100,550,352,86,551,101],"product_tag":[],"class_list":{"0":"post-431711","1":"product","2":"type-product","3":"status-publish","4":"has-post-thumbnail","6":"product_cat-escola-de-pares","7":"product_cat-escuela-de-padres-3_infantil-juvenil-spa-spa","8":"product_cat-infantil-3_infantil-juvenil-spa","9":"product_cat-infantil","10":"product_cat-manualidades","11":"product_cat-manualitats","13":"first","14":"instock","15":"taxable","16":"shipping-taxable","17":"purchasable","18":"product-type-simple"},"acf":{"autor":"CARROLL, LEWIS \/ GOOD WIVES AND WARRIORS","codart":"849801916","libros-coleccion":"","ediciones":"1","encuadernacion":"R\u00fastica","fecha_de_publicacion":"01\/02\/2016","novedad":"0","paginas":"96","subtitulo":"UNA AVENTURA PER PINTAR","orden":"999","portada":"0","idioma":"spa","editorial":[{"ID":147556,"post_author":"3","post_date":"2022-10-14 11:51:28","post_date_gmt":"2022-10-14 09:51:28","post_content":"","post_title":"BLUME, EDITORIAL","post_excerpt":"","post_status":"publish","comment_status":"closed","ping_status":"closed","post_password":"","post_name":"blume-editorial-2","to_ping":"","pinged":"","post_modified":"2022-10-14 11:51:28","post_modified_gmt":"2022-10-14 09:51:28","post_content_filtered":"","post_parent":0,"guid":"http:\/\/dev.claret.cat\/editorial\/blume-editorial-2\/","menu_order":0,"post_type":"editorial","post_mime_type":"","comment_count":"0","filter":"raw"}],"autores-libros":[{"ID":157063,"post_author":"3","post_date":"2022-10-14 15:25:49","post_date_gmt":"2022-10-14 13:25:49","post_content":"","post_title":"GOOD WIVES AND WARRIORS","post_excerpt":"","post_status":"publish","comment_status":"closed","ping_status":"closed","post_password":"","post_name":"good-wives-and-warriors","to_ping":"","pinged":"","post_modified":"2022-10-14 15:25:49","post_modified_gmt":"2022-10-14 13:25:49","post_content_filtered":"","post_parent":0,"guid":"http:\/\/dev.claret.cat\/autor\/good-wives-and-warriors\/","menu_order":0,"post_type":"autor","post_mime_type":"","comment_count":"0","filter":"raw"},{"ID":162167,"post_author":"3","post_date":"2022-10-14 17:28:53","post_date_gmt":"2022-10-14 15:28:53","post_content":"","post_title":"LEWIS CARROLL","post_excerpt":"","post_status":"publish","comment_status":"closed","ping_status":"closed","post_password":"","post_name":"lewis-carroll","to_ping":"","pinged":"","post_modified":"2022-10-14 17:28:53","post_modified_gmt":"2022-10-14 15:28:53","post_content_filtered":"","post_parent":0,"guid":"http:\/\/dev.claret.cat\/autor\/lewis-carroll\/","menu_order":0,"post_type":"autor","post_mime_type":"","comment_count":"0","filter":"raw"}]},"aioseo_notices":[],"_links":{"self":[{"href":"https:\/\/www.claret.cat\/es\/wp-json\/wp\/v2\/product\/431711","targetHints":{"allow":["GET"]}}],"collection":[{"href":"https:\/\/www.claret.cat\/es\/wp-json\/wp\/v2\/product"}],"about":[{"href":"https:\/\/www.claret.cat\/es\/wp-json\/wp\/v2\/types\/product"}],"wp:featuredmedia":[{"embeddable":true,"href":"https:\/\/www.claret.cat\/es\/wp-json\/wp\/v2\/media\/431712"}],"wp:attachment":[{"href":"https:\/\/www.claret.cat\/es\/wp-json\/wp\/v2\/media?parent=431711"}],"wp:term":[{"taxonomy":"product_brand","embeddable":true,"href":"https:\/\/www.claret.cat\/es\/wp-json\/wp\/v2\/product_brand?post=431711"},{"taxonomy":"product_cat","embeddable":true,"href":"https:\/\/www.claret.cat\/es\/wp-json\/wp\/v2\/product_cat?post=431711"},{"taxonomy":"product_tag","embeddable":true,"href":"https:\/\/www.claret.cat\/es\/wp-json\/wp\/v2\/product_tag?post=431711"}],"curies":[{"name":"wp","href":"https:\/\/api.w.org\/{rel}","templated":true}]}}