{"id":431723,"date":"2023-05-18T16:28:47","date_gmt":"2023-05-18T14:28:47","guid":{"rendered":"https:\/\/www.claret.cat\/llibre\/quadern-destiu-1-eso-9788498041644\/"},"modified":"2023-05-18T16:28:54","modified_gmt":"2023-05-18T14:28:54","slug":"quadern-destiu-1-eso-9788498041644","status":"publish","type":"product","link":"https:\/\/www.claret.cat\/es\/libro\/quadern-destiu-1-eso-9788498041644\/","title":{"rendered":"QUADERN D&#8217;ESTIU 1 ESO"},"content":{"rendered":"<p>Amb la finalitat de repassar els continguts treballats durant el curs i fer-ho d&#8217;una manera l\u00fadica, Castellnou publica un quadern d&#8217;estiu destinat als alumnes que han acabat 1r d&#8217;ESO. A m\u00e9s de treballar les \u00e0rees de Llengua, Matem\u00e0tiques, Ci\u00e8ncies i Angl\u00e8s, s&#8217;hi ofereixen p\u00e0gines d&#8217;entreteniments i jocs.<\/p>\n","protected":false},"excerpt":{"rendered":"<p>HERMES EDITORA GENERAL, S.A.U<\/p>\n","protected":false},"featured_media":431724,"template":"","meta":{"_acf_changed":false,"om_disable_all_campaigns":false,"rs_blank_template":"","rs_page_bg_color":"","slide_template_v7":"","inline_featured_image":false,"_monsterinsights_skip_tracking":false,"_monsterinsights_sitenote_active":false,"_monsterinsights_sitenote_note":"","_monsterinsights_sitenote_category":0},"product_brand":[],"product_cat":[86,352],"product_tag":[],"class_list":{"0":"post-431723","1":"product","2":"type-product","3":"status-publish","4":"has-post-thumbnail","6":"product_cat-infantil","7":"product_cat-infantil-3_infantil-juvenil-spa","9":"first","10":"instock","11":"taxable","12":"shipping-taxable","13":"purchasable","14":"product-type-simple"},"acf":{"autor":"HERMES EDITORA GENERAL, S.A.U","codart":"849804164","libros-coleccion":"","ediciones":"1","encuadernacion":"Grapado","fecha_de_publicacion":"01\/04\/2005","novedad":"1","paginas":"100","subtitulo":"","orden":"0","portada":"0","idioma":"cat","editorial":[{"ID":147606,"post_author":"3","post_date":"2022-10-14 11:51:52","post_date_gmt":"2022-10-14 09:51:52","post_content":"","post_title":"Castellnou Edicions","post_excerpt":"","post_status":"publish","comment_status":"closed","ping_status":"closed","post_password":"","post_name":"castellnou-edicions","to_ping":"","pinged":"","post_modified":"2022-10-14 11:51:52","post_modified_gmt":"2022-10-14 09:51:52","post_content_filtered":"","post_parent":0,"guid":"http:\/\/dev.claret.cat\/editorial\/castellnou-edicions\/","menu_order":0,"post_type":"editorial","post_mime_type":"","comment_count":"0","filter":"raw"}],"autores-libros":[{"ID":405068,"post_author":"3","post_date":"2023-02-28 01:50:59","post_date_gmt":"2023-02-28 00:50:59","post_content":"","post_title":"S.A.U HERMES EDITORA GENERAL","post_excerpt":"","post_status":"publish","comment_status":"closed","ping_status":"closed","post_password":"","post_name":"s-a-u-hermes-editora-general-2","to_ping":"","pinged":"","post_modified":"2023-02-28 01:50:59","post_modified_gmt":"2023-02-28 00:50:59","post_content_filtered":"","post_parent":0,"guid":"https:\/\/www.claret.cat\/autor\/s-a-u-hermes-editora-general-2\/","menu_order":0,"post_type":"autor","post_mime_type":"","comment_count":"0","filter":"raw"}]},"aioseo_notices":[],"_links":{"self":[{"href":"https:\/\/www.claret.cat\/es\/wp-json\/wp\/v2\/product\/431723","targetHints":{"allow":["GET"]}}],"collection":[{"href":"https:\/\/www.claret.cat\/es\/wp-json\/wp\/v2\/product"}],"about":[{"href":"https:\/\/www.claret.cat\/es\/wp-json\/wp\/v2\/types\/product"}],"wp:featuredmedia":[{"embeddable":true,"href":"https:\/\/www.claret.cat\/es\/wp-json\/wp\/v2\/media\/431724"}],"wp:attachment":[{"href":"https:\/\/www.claret.cat\/es\/wp-json\/wp\/v2\/media?parent=431723"}],"wp:term":[{"taxonomy":"product_brand","embeddable":true,"href":"https:\/\/www.claret.cat\/es\/wp-json\/wp\/v2\/product_brand?post=431723"},{"taxonomy":"product_cat","embeddable":true,"href":"https:\/\/www.claret.cat\/es\/wp-json\/wp\/v2\/product_cat?post=431723"},{"taxonomy":"product_tag","embeddable":true,"href":"https:\/\/www.claret.cat\/es\/wp-json\/wp\/v2\/product_tag?post=431723"}],"curies":[{"name":"wp","href":"https:\/\/api.w.org\/{rel}","templated":true}]}}