{"id":431787,"date":"2023-05-18T16:33:31","date_gmt":"2023-05-18T14:33:31","guid":{"rendered":"https:\/\/www.claret.cat\/llibre\/geografia-literaria-pais-valencia-9788498094411\/"},"modified":"2024-02-05T13:52:58","modified_gmt":"2024-02-05T12:52:58","slug":"geografia-literaria-pais-valencia-9788498094411","status":"publish","type":"product","link":"https:\/\/www.claret.cat\/es\/libro\/geografia-literaria-pais-valencia-9788498094411\/","title":{"rendered":"GEOGRAFIA LITER\u00c0RIA. PA\u00cdS VALENCI\u00c0"},"content":{"rendered":"<p>La col\u00b7lecci\u00f3 Geografia liter\u00e0ria dedica un volum al Pa\u00eds Valenci\u00e0, i amb aquest, tanca tota la panor\u00e0mica dels Pa\u00efsos Catalans. Com passa amb la resta de t\u00edtols, els textos literaris (triats d\u2019entre prop de 100 autors de totes les \u00e8poques per cada un dels 500 llocs) permeten la pr\u00e0ctica d\u2019un turisme cultural (sigui sobre el terreny o des de casa estant) que facilita la descoberta o redescoberta de paratges del pa\u00eds que coneix\u00edem massa superficialment. No hi ha cap llibre com aquest, dedicat al turisme literari pel Pa\u00eds Valenci\u00e0. Abra\u00e7a des dels cl\u00e0ssics fins a grans noms dels nostres dies.<\/p>\n","protected":false},"excerpt":{"rendered":"<p>SOLDEVILA BALART, LLOREN\u00c7<\/p>\n","protected":false},"featured_media":431788,"template":"","meta":{"_acf_changed":false,"om_disable_all_campaigns":false,"rs_blank_template":"","rs_page_bg_color":"","slide_template_v7":"","inline_featured_image":false,"_monsterinsights_skip_tracking":false,"_monsterinsights_sitenote_active":false,"_monsterinsights_sitenote_note":"","_monsterinsights_sitenote_category":0},"product_brand":[],"product_cat":[90,540],"product_tag":[],"class_list":{"0":"post-431787","1":"product","2":"type-product","3":"status-publish","4":"has-post-thumbnail","6":"product_cat-altres","7":"product_cat-otros","9":"first","10":"instock","11":"taxable","12":"shipping-taxable","13":"purchasable","14":"product-type-simple"},"acf":{"autor":"SOLDEVILA BALART, LLOREN\u00c7","codart":"849809441","libros-coleccion":"Geografia liter\u00e0ria","ediciones":"1","encuadernacion":"R\u00fastica","fecha_de_publicacion":"01\/05\/2019","novedad":"1","paginas":"586","subtitulo":"","orden":"0","portada":"0","idioma":"cat","editorial":[{"ID":148023,"post_author":"3","post_date":"2022-10-14 11:55:02","post_date_gmt":"2022-10-14 09:55:02","post_content":"","post_title":"Editorial P\u00f2rtic","post_excerpt":"","post_status":"publish","comment_status":"closed","ping_status":"closed","post_password":"","post_name":"editorial-portic","to_ping":"","pinged":"","post_modified":"2022-10-14 11:55:02","post_modified_gmt":"2022-10-14 09:55:02","post_content_filtered":"","post_parent":0,"guid":"http:\/\/dev.claret.cat\/editorial\/editorial-portic\/","menu_order":0,"post_type":"editorial","post_mime_type":"","comment_count":"0","filter":"raw"}],"autores-libros":[{"ID":162317,"post_author":"3","post_date":"2022-10-14 17:30:04","post_date_gmt":"2022-10-14 15:30:04","post_content":"","post_title":"LLOREN\u00c7 SOLDEVILA BALART","post_excerpt":"","post_status":"publish","comment_status":"closed","ping_status":"closed","post_password":"","post_name":"llorenc-soldevila-balart","to_ping":"","pinged":"","post_modified":"2022-10-14 17:30:04","post_modified_gmt":"2022-10-14 15:30:04","post_content_filtered":"","post_parent":0,"guid":"http:\/\/dev.claret.cat\/autor\/llorenc-soldevila-balart\/","menu_order":0,"post_type":"autor","post_mime_type":"","comment_count":"0","filter":"raw"}]},"aioseo_notices":[],"_links":{"self":[{"href":"https:\/\/www.claret.cat\/es\/wp-json\/wp\/v2\/product\/431787","targetHints":{"allow":["GET"]}}],"collection":[{"href":"https:\/\/www.claret.cat\/es\/wp-json\/wp\/v2\/product"}],"about":[{"href":"https:\/\/www.claret.cat\/es\/wp-json\/wp\/v2\/types\/product"}],"wp:featuredmedia":[{"embeddable":true,"href":"https:\/\/www.claret.cat\/es\/wp-json\/wp\/v2\/media\/431788"}],"wp:attachment":[{"href":"https:\/\/www.claret.cat\/es\/wp-json\/wp\/v2\/media?parent=431787"}],"wp:term":[{"taxonomy":"product_brand","embeddable":true,"href":"https:\/\/www.claret.cat\/es\/wp-json\/wp\/v2\/product_brand?post=431787"},{"taxonomy":"product_cat","embeddable":true,"href":"https:\/\/www.claret.cat\/es\/wp-json\/wp\/v2\/product_cat?post=431787"},{"taxonomy":"product_tag","embeddable":true,"href":"https:\/\/www.claret.cat\/es\/wp-json\/wp\/v2\/product_tag?post=431787"}],"curies":[{"name":"wp","href":"https:\/\/api.w.org\/{rel}","templated":true}]}}