{"id":431790,"date":"2023-05-18T16:33:42","date_gmt":"2023-05-18T14:33:42","guid":{"rendered":"https:\/\/www.claret.cat\/llibre\/les-millors-contes-de-hans-christian-andersen-9788498250138\/"},"modified":"2025-11-19T12:31:01","modified_gmt":"2025-11-19T11:31:01","slug":"els-millors-contes-de-hans-christian-andersen-9788498250138","status":"publish","type":"product","link":"https:\/\/www.claret.cat\/es\/libro\/els-millors-contes-de-hans-christian-andersen-9788498250138\/","title":{"rendered":"ELS MILLORS CONTES DE HANS CHRISTIAN ANDERSEN"},"content":{"rendered":"<p>Una selecci\u00f3 dels contes m\u00e9s representatius de Hans Christian Andersen, amb una edici\u00f3 acurada, una adaptaci\u00f3 feta per Albert Jan\u00e9 que conserva la naturalitat dels relats originals i unes il\u00b7lustracions de Jordi Vila i Delcl\u00f2s, alhora po\u00e8tiques i realistes, que es caracteritzen per la fidelitat i l&#8221;exactitud de la seva ambientaci\u00f3. La narrativa popular en un recull que eleva aquests contes a la categoria de cl\u00e0ssics universals.<\/p>\n","protected":false},"excerpt":{"rendered":"<p>ANDERSEN, HANS CHRISTIAN<\/p>\n","protected":false},"featured_media":1066823,"template":"","meta":{"_acf_changed":false,"om_disable_all_campaigns":false,"rs_blank_template":"","rs_page_bg_color":"","slide_template_v7":"","inline_featured_image":false,"_monsterinsights_skip_tracking":false,"_monsterinsights_sitenote_active":false,"_monsterinsights_sitenote_note":"","_monsterinsights_sitenote_category":0},"product_brand":[],"product_cat":[132,362],"product_tag":[],"class_list":{"0":"post-431790","1":"product","2":"type-product","3":"status-publish","4":"has-post-thumbnail","6":"product_cat-lectures-per-preadolescents-6-12-anys","7":"product_cat-libros-preadolescentes-6-12-anos","9":"first","10":"instock","11":"taxable","12":"shipping-taxable","13":"purchasable","14":"product-type-simple"},"acf":{"autor":"ANDERSEN, HANS CHRISTIAN","codart":"849825013","libros-coleccion":"FORA DE COL.LECCI\u00d3","ediciones":"1","encuadernacion":"Carton\u00e9","fecha_de_publicacion":"01\/02\/2007","novedad":"0","paginas":"224","subtitulo":"","orden":"999","portada":"0","idioma":"cat","editorial":[{"ID":147649,"post_author":"3","post_date":"2022-10-14 11:52:11","post_date_gmt":"2022-10-14 09:52:11","post_content":"","post_title":"COMBEL EDITORIAL","post_excerpt":"","post_status":"publish","comment_status":"closed","ping_status":"closed","post_password":"","post_name":"combel-editorial","to_ping":"","pinged":"","post_modified":"2022-10-14 11:52:11","post_modified_gmt":"2022-10-14 09:52:11","post_content_filtered":"","post_parent":0,"guid":"http:\/\/dev.claret.cat\/editorial\/combel-editorial\/","menu_order":0,"post_type":"editorial","post_mime_type":"","comment_count":"0","filter":"raw"}],"autores-libros":[{"ID":157350,"post_author":"3","post_date":"2022-10-14 15:28:08","post_date_gmt":"2022-10-14 13:28:08","post_content":"","post_title":"HANS CHRISTIAN ANDERSEN","post_excerpt":"","post_status":"publish","comment_status":"closed","ping_status":"closed","post_password":"","post_name":"hans-christian-andersen","to_ping":"","pinged":"","post_modified":"2022-10-14 15:28:08","post_modified_gmt":"2022-10-14 13:28:08","post_content_filtered":"","post_parent":0,"guid":"http:\/\/dev.claret.cat\/autor\/hans-christian-andersen\/","menu_order":0,"post_type":"autor","post_mime_type":"","comment_count":"0","filter":"raw"}],"booktrailer":"","resenas":""},"aioseo_notices":[],"_links":{"self":[{"href":"https:\/\/www.claret.cat\/es\/wp-json\/wp\/v2\/product\/431790","targetHints":{"allow":["GET"]}}],"collection":[{"href":"https:\/\/www.claret.cat\/es\/wp-json\/wp\/v2\/product"}],"about":[{"href":"https:\/\/www.claret.cat\/es\/wp-json\/wp\/v2\/types\/product"}],"wp:featuredmedia":[{"embeddable":true,"href":"https:\/\/www.claret.cat\/es\/wp-json\/wp\/v2\/media\/1066823"}],"wp:attachment":[{"href":"https:\/\/www.claret.cat\/es\/wp-json\/wp\/v2\/media?parent=431790"}],"wp:term":[{"taxonomy":"product_brand","embeddable":true,"href":"https:\/\/www.claret.cat\/es\/wp-json\/wp\/v2\/product_brand?post=431790"},{"taxonomy":"product_cat","embeddable":true,"href":"https:\/\/www.claret.cat\/es\/wp-json\/wp\/v2\/product_cat?post=431790"},{"taxonomy":"product_tag","embeddable":true,"href":"https:\/\/www.claret.cat\/es\/wp-json\/wp\/v2\/product_tag?post=431790"}],"curies":[{"name":"wp","href":"https:\/\/api.w.org\/{rel}","templated":true}]}}