{"id":431818,"date":"2023-05-18T16:35:26","date_gmt":"2023-05-18T14:35:26","guid":{"rendered":"https:\/\/www.claret.cat\/llibre\/pell-dase-9788498255416\/"},"modified":"2025-11-19T13:56:41","modified_gmt":"2025-11-19T12:56:41","slug":"pell-dase-9788498255416","status":"publish","type":"product","link":"https:\/\/www.claret.cat\/es\/libro\/pell-dase-9788498255416\/","title":{"rendered":"PELL D&#8217;ASE"},"content":{"rendered":"<p>Petits i grans podran compartir un viatge d&#8221;aventures per aquelles hist\u00f2ries de sempre que no han perdut vig\u00e8ncia i que conserven, tot i el pas del temps, l&#8221;encant dels relats cl\u00e0ssics. Deixeu-vos emocionar pels contes de tota la vida, per la m\u00e0gia encomanadissa d&#8221;un univers imaginari que no deixa indiferent cap lector.<\/p>\n","protected":false},"excerpt":{"rendered":"<p>PERRAULT, CHARLES<\/p>\n","protected":false},"featured_media":1005992,"template":"","meta":{"_acf_changed":false,"om_disable_all_campaigns":false,"rs_blank_template":"","rs_page_bg_color":"","slide_template_v7":"","inline_featured_image":false,"_monsterinsights_skip_tracking":false,"_monsterinsights_sitenote_active":false,"_monsterinsights_sitenote_note":"","_monsterinsights_sitenote_category":0},"product_brand":[],"product_cat":[131,361,352,86],"product_tag":[],"class_list":{"0":"post-431818","1":"product","2":"type-product","3":"status-publish","4":"has-post-thumbnail","6":"product_cat-contes-per-infants-0-6-anys","7":"product_cat-cuentos-para-ninos-0-6-anos","8":"product_cat-infantil-3_infantil-juvenil-spa","9":"product_cat-infantil","11":"first","12":"instock","13":"taxable","14":"shipping-taxable","15":"purchasable","16":"product-type-simple"},"acf":{"autor":"PERRAULT, CHARLES","codart":"849825541","libros-coleccion":"Encunyats cl\u00e0ssics","ediciones":"1","encuadernacion":"Carpeta","fecha_de_publicacion":"01\/04\/2010","novedad":"0","paginas":"12","subtitulo":"","orden":"999","portada":"0","idioma":"cat","editorial":[{"ID":147649,"post_author":"3","post_date":"2022-10-14 11:52:11","post_date_gmt":"2022-10-14 09:52:11","post_content":"","post_title":"COMBEL EDITORIAL","post_excerpt":"","post_status":"publish","comment_status":"closed","ping_status":"closed","post_password":"","post_name":"combel-editorial","to_ping":"","pinged":"","post_modified":"2022-10-14 11:52:11","post_modified_gmt":"2022-10-14 09:52:11","post_content_filtered":"","post_parent":0,"guid":"http:\/\/dev.claret.cat\/editorial\/combel-editorial\/","menu_order":0,"post_type":"editorial","post_mime_type":"","comment_count":"0","filter":"raw"}],"autores-libros":[{"ID":152772,"post_author":"3","post_date":"2022-10-14 14:51:27","post_date_gmt":"2022-10-14 12:51:27","post_content":"","post_title":"CHARLES PERRAULT","post_excerpt":"","post_status":"publish","comment_status":"closed","ping_status":"closed","post_password":"","post_name":"charles-perrault","to_ping":"","pinged":"","post_modified":"2022-10-14 14:51:27","post_modified_gmt":"2022-10-14 12:51:27","post_content_filtered":"","post_parent":0,"guid":"http:\/\/dev.claret.cat\/autor\/charles-perrault\/","menu_order":0,"post_type":"autor","post_mime_type":"","comment_count":"0","filter":"raw"}],"booktrailer":"","resenas":""},"aioseo_notices":[],"_links":{"self":[{"href":"https:\/\/www.claret.cat\/es\/wp-json\/wp\/v2\/product\/431818","targetHints":{"allow":["GET"]}}],"collection":[{"href":"https:\/\/www.claret.cat\/es\/wp-json\/wp\/v2\/product"}],"about":[{"href":"https:\/\/www.claret.cat\/es\/wp-json\/wp\/v2\/types\/product"}],"wp:featuredmedia":[{"embeddable":true,"href":"https:\/\/www.claret.cat\/es\/wp-json\/wp\/v2\/media\/1005992"}],"wp:attachment":[{"href":"https:\/\/www.claret.cat\/es\/wp-json\/wp\/v2\/media?parent=431818"}],"wp:term":[{"taxonomy":"product_brand","embeddable":true,"href":"https:\/\/www.claret.cat\/es\/wp-json\/wp\/v2\/product_brand?post=431818"},{"taxonomy":"product_cat","embeddable":true,"href":"https:\/\/www.claret.cat\/es\/wp-json\/wp\/v2\/product_cat?post=431818"},{"taxonomy":"product_tag","embeddable":true,"href":"https:\/\/www.claret.cat\/es\/wp-json\/wp\/v2\/product_tag?post=431818"}],"curies":[{"name":"wp","href":"https:\/\/api.w.org\/{rel}","templated":true}]}}