{"id":43185,"date":"2022-10-02T21:26:31","date_gmt":"2022-10-02T19:26:31","guid":{"rendered":"http:\/\/dev.claret.cat\/producte\/tots-els-colors-del-negre\/"},"modified":"2025-01-31T14:04:00","modified_gmt":"2025-01-31T13:04:00","slug":"tots-els-colors-del-negre-9788418928277","status":"publish","type":"product","link":"https:\/\/www.claret.cat\/es\/libro\/tots-els-colors-del-negre-9788418928277\/","title":{"rendered":"TOTS ELS COLORS DEL NEGRE"},"content":{"rendered":"<p>Desemmascarant els hereus del feixisme a casa nostra i infiltrat a les manifestacions de la ultradreta a Europa, Jordi Borr\u00e0s presenta la investigaci\u00f3 period\u00edstica de tota una vida.<br \/> A la Terra Alta, davant la descoberta d&#8217;una bomba nazi que havia llen\u00e7at la Legi\u00f3n C\u00f3ndor, un Jordi Borr\u00e0s adolescent pren consci\u00e8ncia que la mem\u00f2ria i la just\u00edcia s\u00f3n els millors ant\u00eddots contra el feixisme.<br \/> Reconegut en l&#8217;actualitat com un dels grans fotoperiodistes del nostre pa\u00eds, l&#8217;autor d&#8217;aquesta obra ha documentat com ning\u00fa l&#8217;augment de l&#8217;extrema dreta a Catalunya durant els darrers anys. La persecuci\u00f3 de la ultradreta i les seves amenaces impunes l&#8217;han emp\u00e8s a ampliar el focus amb diversos viatges per Europa \u2014Pol\u00f2nia, Gr\u00e8cia, It\u00e0lia, Portugal, Fran\u00e7a, Alemanya\u2026\u2014 per contextualitzar i denunciar com el populisme xen\u00f2fob acumula poder tant a casa nostra com arreu del continent. Qu\u00e8 els mou, com actuen, qu\u00e8 els uneix i qu\u00e8 els fa cr\u00e9ixer.<br \/> El resultat de tots aquests anys de feina i comprom\u00eds a peu de carrer \u00e9s una cr\u00f2nica viva i vibrant en clau catalana i de dimensi\u00f3 europea, una investigaci\u00f3 period\u00edstica de primera magnitud, un relat sense ficci\u00f3 de lectura \u00e0gil i necess\u00e0ria per entendre l&#8217;abast del perill que tenim a sobre.<br \/> \u00abHe creuat mitja Europa intentant con\u00e8ixer l&#8217;enemic, per\u00f2 com m\u00e9s respostes trobo m\u00e9s preguntes em faig. Segueixo conven\u00e7ut dels meus ideals, per\u00f2 ara tinc clar que la nit ser\u00e0 molt m\u00e9s fosca del que ens pensem. Som just en aquell punt tan ben definit per Antonio Gramsci: \u201cEl vell m\u00f3n es mor. El nou triga a apar\u00e8ixer. I en aquest clarobscur, sorgeixen els monstres\u201d.\u00bb<br \/> \u00abBorr\u00e0s ha navegat per amenaces esgarrifoses que l&#8217;han obligat a desviar el focus period\u00edstic de l&#8217;extrema dreta a Catalunya per cobrir l&#8217;europea, i la documenta amb detalls fascinants. Com a lectors, ens beneficiem enormement de la seva cobertura internacional. Un relat estimulant.\u00bb Mark Bray, autor del llibre Antifa.<\/p>\n","protected":false},"excerpt":{"rendered":"<p>BORR\u00c0S I ABELL\u00d3, JORDI<\/p>\n","protected":false},"featured_media":59097,"template":"","meta":{"_acf_changed":false,"om_disable_all_campaigns":false,"rs_blank_template":"","rs_page_bg_color":"","slide_template_v7":"","inline_featured_image":false,"_monsterinsights_skip_tracking":false,"_monsterinsights_sitenote_active":false,"_monsterinsights_sitenote_note":"","_monsterinsights_sitenote_category":0},"product_brand":[],"product_cat":[152,429],"product_tag":[],"class_list":{"0":"post-43185","1":"product","2":"type-product","3":"status-publish","4":"has-post-thumbnail","6":"product_cat-el-mon-actual","7":"product_cat-el-mundo-actual","9":"first","10":"instock","11":"taxable","12":"shipping-taxable","13":"purchasable","14":"product-type-simple"},"acf":{"autor":"BORR\u00c0S I ABELL\u00d3, JORDI","codart":"8418928277","libros-coleccion":"Pausa","ediciones":"1","encuadernacion":"R\u00fastica","fecha_de_publicacion":"01\/02\/2022","novedad":"1","paginas":"520","subtitulo":"","orden":"0","portada":"0","idioma":"cat","editorial":[{"ID":147453,"post_author":"3","post_date":"2022-10-14 11:50:42","post_date_gmt":"2022-10-14 09:50:42","post_content":"","post_title":"ARA LLIBRES","post_excerpt":"","post_status":"publish","comment_status":"closed","ping_status":"closed","post_password":"","post_name":"ara-llibres","to_ping":"","pinged":"","post_modified":"2022-10-14 11:50:42","post_modified_gmt":"2022-10-14 09:50:42","post_content_filtered":"","post_parent":0,"guid":"http:\/\/dev.claret.cat\/editorial\/ara-llibres\/","menu_order":0,"post_type":"editorial","post_mime_type":"","comment_count":"0","filter":"raw"}],"autores-libros":[{"ID":159842,"post_author":"3","post_date":"2022-10-14 15:48:10","post_date_gmt":"2022-10-14 13:48:10","post_content":"","post_title":"JORDI BORR\u00c0S I ABELL\u00d3","post_excerpt":"","post_status":"publish","comment_status":"closed","ping_status":"closed","post_password":"","post_name":"jordi-borras-i-abello","to_ping":"","pinged":"","post_modified":"2022-10-14 15:48:10","post_modified_gmt":"2022-10-14 13:48:10","post_content_filtered":"","post_parent":0,"guid":"http:\/\/dev.claret.cat\/autor\/jordi-borras-i-abello\/","menu_order":0,"post_type":"autor","post_mime_type":"","comment_count":"0","filter":"raw"}]},"aioseo_notices":[],"_links":{"self":[{"href":"https:\/\/www.claret.cat\/es\/wp-json\/wp\/v2\/product\/43185","targetHints":{"allow":["GET"]}}],"collection":[{"href":"https:\/\/www.claret.cat\/es\/wp-json\/wp\/v2\/product"}],"about":[{"href":"https:\/\/www.claret.cat\/es\/wp-json\/wp\/v2\/types\/product"}],"wp:featuredmedia":[{"embeddable":true,"href":"https:\/\/www.claret.cat\/es\/wp-json\/wp\/v2\/media\/59097"}],"wp:attachment":[{"href":"https:\/\/www.claret.cat\/es\/wp-json\/wp\/v2\/media?parent=43185"}],"wp:term":[{"taxonomy":"product_brand","embeddable":true,"href":"https:\/\/www.claret.cat\/es\/wp-json\/wp\/v2\/product_brand?post=43185"},{"taxonomy":"product_cat","embeddable":true,"href":"https:\/\/www.claret.cat\/es\/wp-json\/wp\/v2\/product_cat?post=43185"},{"taxonomy":"product_tag","embeddable":true,"href":"https:\/\/www.claret.cat\/es\/wp-json\/wp\/v2\/product_tag?post=43185"}],"curies":[{"name":"wp","href":"https:\/\/api.w.org\/{rel}","templated":true}]}}