{"id":431883,"date":"2023-05-18T16:40:16","date_gmt":"2023-05-18T14:40:16","guid":{"rendered":"https:\/\/www.claret.cat\/llibre\/cometas-en-el-cielo-9788498380729\/"},"modified":"2023-05-18T16:40:22","modified_gmt":"2023-05-18T14:40:22","slug":"cometas-en-el-cielo-9788498380729","status":"publish","type":"product","link":"https:\/\/www.claret.cat\/es\/libro\/cometas-en-el-cielo-9788498380729\/","title":{"rendered":"COMETAS EN EL CIELO"},"content":{"rendered":"<p>Sin duda uno de los \u00e9xitos m\u00e1s espectaculares de los \u00faltimos a\u00f1os, con 6 millones de ejemplares vendidos en todo el mundo, esta novela relata la conmovedora historia de dos padres y dos hijos, de su amistad y de c\u00f3mo la casualidad puede convertirse en hito inesperado de nuestro destino.<\/p>\n<p>Sobre el tel\u00f3n de fondo de un Afganist\u00e1n respetuoso de sus ricas tradiciones ancestrales, la vida en Kabul durante el invierno de 1975 se desarrolla con toda la intensidad, la pujanza y el colorido de una ciudad confiada en su futuro e ignorante de que se avecina uno de los periodos m\u00e1s cruentos que han padecido los milenarios pueblos que la habitan.<\/p>\n<p>Con apenas doce a\u00f1os, Amir se propone ganar la competici\u00f3n anual de cometas de la forma que sea, incluso a costa de su inseparable Hassan, un hazara de clase inferior que ha sido su sirviente y compa\u00f1ero de juegos desde la m\u00e1s tierna infancia. As\u00ed, obsesionado por demostrarle a su padre que ya es todo un hombre, Amir pondr\u00e1 en peligro una amistad fraguada a lo largo de a\u00f1os de enfrentarse a todos los peligros imaginables, y aprender\u00e1 una verdad que le acompa\u00f1ar\u00e1 el resto de su vida<\/p>\n","protected":false},"excerpt":{"rendered":"<p>HOSSEINI, KHALED<\/p>\n","protected":false},"featured_media":431884,"template":"","meta":{"_acf_changed":false,"om_disable_all_campaigns":false,"rs_blank_template":"","rs_page_bg_color":"","slide_template_v7":"","inline_featured_image":false,"_monsterinsights_skip_tracking":false,"_monsterinsights_sitenote_active":false,"_monsterinsights_sitenote_note":"","_monsterinsights_sitenote_category":0},"product_brand":[],"product_cat":[87,353],"product_tag":[],"class_list":{"0":"post-431883","1":"product","2":"type-product","3":"status-publish","4":"has-post-thumbnail","6":"product_cat-literatura","7":"product_cat-literatura-2_humanidades","9":"first","10":"instock","11":"taxable","12":"shipping-taxable","13":"purchasable","14":"product-type-simple"},"acf":{"autor":"HOSSEINI, KHALED","codart":"849838072","libros-coleccion":"","ediciones":"6","encuadernacion":"Carton\u00e9","fecha_de_publicacion":"01\/03\/2007","novedad":"0","paginas":"382","subtitulo":"","orden":"999","portada":"0","idioma":"spa","editorial":[{"ID":148772,"post_author":"3","post_date":"2022-10-14 12:00:51","post_date_gmt":"2022-10-14 10:00:51","post_content":"","post_title":"SALAMANDRA, S.A., EDICIONES","post_excerpt":"","post_status":"publish","comment_status":"closed","ping_status":"closed","post_password":"","post_name":"salamandra-s-a-ediciones","to_ping":"","pinged":"","post_modified":"2022-10-14 12:00:51","post_modified_gmt":"2022-10-14 10:00:51","post_content_filtered":"","post_parent":0,"guid":"http:\/\/dev.claret.cat\/editorial\/salamandra-s-a-ediciones\/","menu_order":0,"post_type":"editorial","post_mime_type":"","comment_count":"0","filter":"raw"}],"autores-libros":[{"ID":161659,"post_author":"3","post_date":"2022-10-14 17:20:00","post_date_gmt":"2022-10-14 15:20:00","post_content":"","post_title":"KHALED HOSSEINI","post_excerpt":"","post_status":"publish","comment_status":"closed","ping_status":"closed","post_password":"","post_name":"khaled-hosseini","to_ping":"","pinged":"","post_modified":"2022-10-14 17:20:00","post_modified_gmt":"2022-10-14 15:20:00","post_content_filtered":"","post_parent":0,"guid":"http:\/\/dev.claret.cat\/autor\/khaled-hosseini\/","menu_order":0,"post_type":"autor","post_mime_type":"","comment_count":"0","filter":"raw"}]},"aioseo_notices":[],"_links":{"self":[{"href":"https:\/\/www.claret.cat\/es\/wp-json\/wp\/v2\/product\/431883","targetHints":{"allow":["GET"]}}],"collection":[{"href":"https:\/\/www.claret.cat\/es\/wp-json\/wp\/v2\/product"}],"about":[{"href":"https:\/\/www.claret.cat\/es\/wp-json\/wp\/v2\/types\/product"}],"wp:featuredmedia":[{"embeddable":true,"href":"https:\/\/www.claret.cat\/es\/wp-json\/wp\/v2\/media\/431884"}],"wp:attachment":[{"href":"https:\/\/www.claret.cat\/es\/wp-json\/wp\/v2\/media?parent=431883"}],"wp:term":[{"taxonomy":"product_brand","embeddable":true,"href":"https:\/\/www.claret.cat\/es\/wp-json\/wp\/v2\/product_brand?post=431883"},{"taxonomy":"product_cat","embeddable":true,"href":"https:\/\/www.claret.cat\/es\/wp-json\/wp\/v2\/product_cat?post=431883"},{"taxonomy":"product_tag","embeddable":true,"href":"https:\/\/www.claret.cat\/es\/wp-json\/wp\/v2\/product_tag?post=431883"}],"curies":[{"name":"wp","href":"https:\/\/api.w.org\/{rel}","templated":true}]}}