{"id":431895,"date":"2023-05-18T16:40:56","date_gmt":"2023-05-18T14:40:56","guid":{"rendered":"https:\/\/www.claret.cat\/llibre\/mil-soles-esplendidos-9788498382327\/"},"modified":"2023-05-18T16:41:01","modified_gmt":"2023-05-18T14:41:01","slug":"mil-soles-esplendidos-9788498382327","status":"publish","type":"product","link":"https:\/\/www.claret.cat\/es\/libro\/mil-soles-esplendidos-9788498382327\/","title":{"rendered":"MIL SOLES ESPL\u00c9NDIDOS"},"content":{"rendered":"<p>Superando con creces el rotundo \u00e9xito de Cometas en el cielo, la segunda novela de Khaled Hosseini salt\u00f3 de inmediato al primer puesto en todos los pa\u00edses donde se ha publicado. Nueva demostraci\u00f3n del asombroso instinto de gran narrador de que goza el autor, el libro cuenta la conmovedora historia de amistad entre dos mujeres afganas de or\u00edgenes muy dispares, cuyos destinos se entrelazan por obra del azar y de las convulsiones que ha sufrido Afganist\u00e1n en los \u00faltimos treinta a\u00f1os.<\/p>\n<p>Hija ileg\u00edtima de un rico hombre de negocios, Mariam se cr\u00eda con su madre en una modesta vivienda a las afueras de Herat. A los quince a\u00f1os, su vida cambia dr\u00e1sticamente cuando su padre la env\u00eda a Kabul a casarse con Rashid, un hosco zapatero treinta a\u00f1os mayor que ella. Casi dos d\u00e9cadas m\u00e1s tarde, Rashid encuentra en las calles de Kabul a Laila, una joven de quince a\u00f1os sin hogar. Cuando el zapatero le ofrece cobijo en su casa, que deber\u00e1 compartir con Mariam, entre las dos mujeres se inicia una relaci\u00f3n que acabar\u00e1 siendo tan profunda como la de dos hermanas, tan fuerte como la de madre e hija. Pese a la diferencia de edad y las distintas experiencias que la vida les ha deparado, la necesidad de afrontar las terribles circunstancias que las rodean, har\u00e1 que Mariam y Laila vayan forjando un v\u00ednculo indestructible que les otorgar\u00e1 la fuerza necesaria para superar el miedo y dar cabida a la esperanza.<\/p>\n","protected":false},"excerpt":{"rendered":"<p>HOSSEINI, KHALED<\/p>\n","protected":false},"featured_media":431896,"template":"","meta":{"_acf_changed":false,"om_disable_all_campaigns":false,"rs_blank_template":"","rs_page_bg_color":"","slide_template_v7":"","inline_featured_image":false,"_monsterinsights_skip_tracking":false,"_monsterinsights_sitenote_active":false,"_monsterinsights_sitenote_note":"","_monsterinsights_sitenote_category":0},"product_brand":[],"product_cat":[87,353],"product_tag":[],"class_list":{"0":"post-431895","1":"product","2":"type-product","3":"status-publish","4":"has-post-thumbnail","6":"product_cat-literatura","7":"product_cat-literatura-2_humanidades","9":"first","10":"instock","11":"taxable","12":"shipping-taxable","13":"purchasable","14":"product-type-simple"},"acf":{"autor":"HOSSEINI, KHALED","codart":"849838232","libros-coleccion":"","ediciones":"1","encuadernacion":"R\u00fastica","fecha_de_publicacion":"01\/06\/2009","novedad":"0","paginas":"416","subtitulo":"","orden":"999","portada":"0","idioma":"spa","editorial":[{"ID":148772,"post_author":"3","post_date":"2022-10-14 12:00:51","post_date_gmt":"2022-10-14 10:00:51","post_content":"","post_title":"SALAMANDRA, S.A., EDICIONES","post_excerpt":"","post_status":"publish","comment_status":"closed","ping_status":"closed","post_password":"","post_name":"salamandra-s-a-ediciones","to_ping":"","pinged":"","post_modified":"2022-10-14 12:00:51","post_modified_gmt":"2022-10-14 10:00:51","post_content_filtered":"","post_parent":0,"guid":"http:\/\/dev.claret.cat\/editorial\/salamandra-s-a-ediciones\/","menu_order":0,"post_type":"editorial","post_mime_type":"","comment_count":"0","filter":"raw"}],"autores-libros":[{"ID":161659,"post_author":"3","post_date":"2022-10-14 17:20:00","post_date_gmt":"2022-10-14 15:20:00","post_content":"","post_title":"KHALED HOSSEINI","post_excerpt":"","post_status":"publish","comment_status":"closed","ping_status":"closed","post_password":"","post_name":"khaled-hosseini","to_ping":"","pinged":"","post_modified":"2022-10-14 17:20:00","post_modified_gmt":"2022-10-14 15:20:00","post_content_filtered":"","post_parent":0,"guid":"http:\/\/dev.claret.cat\/autor\/khaled-hosseini\/","menu_order":0,"post_type":"autor","post_mime_type":"","comment_count":"0","filter":"raw"}]},"aioseo_notices":[],"_links":{"self":[{"href":"https:\/\/www.claret.cat\/es\/wp-json\/wp\/v2\/product\/431895","targetHints":{"allow":["GET"]}}],"collection":[{"href":"https:\/\/www.claret.cat\/es\/wp-json\/wp\/v2\/product"}],"about":[{"href":"https:\/\/www.claret.cat\/es\/wp-json\/wp\/v2\/types\/product"}],"wp:featuredmedia":[{"embeddable":true,"href":"https:\/\/www.claret.cat\/es\/wp-json\/wp\/v2\/media\/431896"}],"wp:attachment":[{"href":"https:\/\/www.claret.cat\/es\/wp-json\/wp\/v2\/media?parent=431895"}],"wp:term":[{"taxonomy":"product_brand","embeddable":true,"href":"https:\/\/www.claret.cat\/es\/wp-json\/wp\/v2\/product_brand?post=431895"},{"taxonomy":"product_cat","embeddable":true,"href":"https:\/\/www.claret.cat\/es\/wp-json\/wp\/v2\/product_cat?post=431895"},{"taxonomy":"product_tag","embeddable":true,"href":"https:\/\/www.claret.cat\/es\/wp-json\/wp\/v2\/product_tag?post=431895"}],"curies":[{"name":"wp","href":"https:\/\/api.w.org\/{rel}","templated":true}]}}